{"id":11710,"date":"2022-03-15T14:35:44","date_gmt":"2022-03-15T13:35:44","guid":{"rendered":"https:\/\/kwiatyimiut.pl\/?page_id=11710"},"modified":"2022-03-16T11:50:26","modified_gmt":"2022-03-16T10:50:26","slug":"bukiet-slubny","status":"publish","type":"page","link":"https:\/\/kwiatyimiut.pl\/en\/bukiet-slubny\/","title":{"rendered":"Bukiet \u015blubny"},"content":{"rendered":"<div class=\"wpb-content-wrapper\"><div class=\"vc_row wpb_row vc_row-fluid\"><div class=\"wpb_column vc_column_container vc_col-sm-12\"><div class=\"vc_column-inner\"><div class=\"wpb_wrapper\">\n\t<div class=\"wpb_text_column wpb_content_element\" >\n\t\t<div class=\"wpb_wrapper\">\n\t\t\t<h4 style=\"text-align: center;\">Bukiet \u015blubny to jeden z najwa\u017cniejszych dodatk\u00f3w Panny M\u0142odej. Doskonale zdajemy sobie spraw\u0119 jak wa\u017cnym dniem jest dzie\u0144 \u015blubu, dlatego dok\u0142adamy wszelkich stara\u0144, aby bukiet stanowi\u0142 subtelne i nieoczywiste dope\u0142nienie charakteru Panny M\u0142odej. W sezonie wegetacji ro\u015blin, kwiaty pochodz\u0105 z naszej BIO farmy. Dzi\u0119ki temu nasze \u015blubne kompozycje s\u0105 lekkie, polne, ogrodowe i bardzo naturalne. Bukiety wykonywane w naszej pracowni s\u0105 niepowtarzalne i przygotowane z najpi\u0119kniejszych kwiat\u00f3w sezonowych. Wszystkie szczeg\u00f3\u0142y odno\u015bnie bukietu \u015blubnego, ustalamy podczas zam\u00f3wienia.<\/p>\n<p>W celu ustalenia szczeg\u00f3\u0142\u00f3w zapraszamy do naszej kwiaciarni Kwiaty&amp;Miut na pozna\u0144skich Je\u017cycach lub kontaktu:<br \/>\ntel. <strong>501 407 882<\/strong><br \/>\n<strong><a href=\"mailto:jezyce@kwiatyimiut.pl\">jezyce@kwiatyimiut.pl<\/a><\/strong><\/h4>\n\n\t\t<\/div>\n\t<\/div>\n<\/div><\/div><\/div><\/div><div class=\"vc_row wpb_row vc_row-fluid\"><div class=\"wpb_column vc_column_container vc_col-sm-12\"><div class=\"vc_column-inner\"><div class=\"wpb_wrapper\"><div class=\"wpb_gallery wpb_content_element vc_clearfix wpb_content_element\" ><div class=\"wpb_wrapper\"><div class=\"wpb_gallery_slides wpb_image_grid\" data-interval=\"3\"><ul class=\"wpb_image_grid_ul\"><li class=\"isotope-item\"><img fetchpriority=\"high\" decoding=\"async\" width=\"1067\" height=\"1600\" src=\"https:\/\/kwiatyimiut.pl\/wp-content\/uploads\/2022\/03\/bukiet-s\u0301lubny-3.jpg\" class=\"attachment-full\" alt=\"Bukiet \u015blubny Pozna\u0144\" title=\"bukiet s\u0301lubny 3\" srcset=\"https:\/\/kwiatyimiut.pl\/wp-content\/uploads\/2022\/03\/bukiet-s\u0301lubny-3.jpg 1067w, https:\/\/kwiatyimiut.pl\/wp-content\/uploads\/2022\/03\/bukiet-s\u0301lubny-3-200x300.jpg 200w, https:\/\/kwiatyimiut.pl\/wp-content\/uploads\/2022\/03\/bukiet-s\u0301lubny-3-683x1024.jpg 683w, https:\/\/kwiatyimiut.pl\/wp-content\/uploads\/2022\/03\/bukiet-s\u0301lubny-3-768x1152.jpg 768w, https:\/\/kwiatyimiut.pl\/wp-content\/uploads\/2022\/03\/bukiet-s\u0301lubny-3-1024x1536.jpg 1024w, https:\/\/kwiatyimiut.pl\/wp-content\/uploads\/2022\/03\/bukiet-s\u0301lubny-3-8x12.jpg 8w, https:\/\/kwiatyimiut.pl\/wp-content\/uploads\/2022\/03\/bukiet-s\u0301lubny-3-840x1260.jpg 840w\" sizes=\"(max-width: 1067px) 100vw, 1067px\" \/><\/li><li class=\"isotope-item\"><img decoding=\"async\" width=\"1067\" height=\"1600\" src=\"https:\/\/kwiatyimiut.pl\/wp-content\/uploads\/2022\/03\/bukiet-s\u0301lubny-2.jpg\" class=\"attachment-full\" alt=\"Bukiet \u015blubny Pozna\u0144\" title=\"bukiet s\u0301lubny 2\" srcset=\"https:\/\/kwiatyimiut.pl\/wp-content\/uploads\/2022\/03\/bukiet-s\u0301lubny-2.jpg 1067w, https:\/\/kwiatyimiut.pl\/wp-content\/uploads\/2022\/03\/bukiet-s\u0301lubny-2-200x300.jpg 200w, https:\/\/kwiatyimiut.pl\/wp-content\/uploads\/2022\/03\/bukiet-s\u0301lubny-2-683x1024.jpg 683w, https:\/\/kwiatyimiut.pl\/wp-content\/uploads\/2022\/03\/bukiet-s\u0301lubny-2-768x1152.jpg 768w, https:\/\/kwiatyimiut.pl\/wp-content\/uploads\/2022\/03\/bukiet-s\u0301lubny-2-1024x1536.jpg 1024w, https:\/\/kwiatyimiut.pl\/wp-content\/uploads\/2022\/03\/bukiet-s\u0301lubny-2-8x12.jpg 8w, https:\/\/kwiatyimiut.pl\/wp-content\/uploads\/2022\/03\/bukiet-s\u0301lubny-2-840x1260.jpg 840w\" sizes=\"(max-width: 1067px) 100vw, 1067px\" \/><\/li><li class=\"isotope-item\"><img decoding=\"async\" width=\"1067\" height=\"1600\" src=\"https:\/\/kwiatyimiut.pl\/wp-content\/uploads\/2022\/03\/IMG_8923.jpg\" class=\"attachment-full\" alt=\"Bukiet \u015blubny Pozna\u0144\" title=\"Bukiet \u015blubny Pozna\u0144\" srcset=\"https:\/\/kwiatyimiut.pl\/wp-content\/uploads\/2022\/03\/IMG_8923.jpg 1067w, https:\/\/kwiatyimiut.pl\/wp-content\/uploads\/2022\/03\/IMG_8923-200x300.jpg 200w, https:\/\/kwiatyimiut.pl\/wp-content\/uploads\/2022\/03\/IMG_8923-683x1024.jpg 683w, https:\/\/kwiatyimiut.pl\/wp-content\/uploads\/2022\/03\/IMG_8923-768x1152.jpg 768w, https:\/\/kwiatyimiut.pl\/wp-content\/uploads\/2022\/03\/IMG_8923-1024x1536.jpg 1024w, https:\/\/kwiatyimiut.pl\/wp-content\/uploads\/2022\/03\/IMG_8923-8x12.jpg 8w, https:\/\/kwiatyimiut.pl\/wp-content\/uploads\/2022\/03\/IMG_8923-840x1260.jpg 840w\" sizes=\"(max-width: 1067px) 100vw, 1067px\" \/><\/li><li class=\"isotope-item\"><img loading=\"lazy\" decoding=\"async\" width=\"1067\" height=\"1600\" src=\"https:\/\/kwiatyimiut.pl\/wp-content\/uploads\/2022\/03\/Bukiet-s\u0301lubny-1.jpg\" class=\"attachment-full\" alt=\"Bukiet \u015blubny Pozna\u0144\" title=\"Bukiet s\u0301lubny 1\" srcset=\"https:\/\/kwiatyimiut.pl\/wp-content\/uploads\/2022\/03\/Bukiet-s\u0301lubny-1.jpg 1067w, https:\/\/kwiatyimiut.pl\/wp-content\/uploads\/2022\/03\/Bukiet-s\u0301lubny-1-200x300.jpg 200w, https:\/\/kwiatyimiut.pl\/wp-content\/uploads\/2022\/03\/Bukiet-s\u0301lubny-1-683x1024.jpg 683w, https:\/\/kwiatyimiut.pl\/wp-content\/uploads\/2022\/03\/Bukiet-s\u0301lubny-1-768x1152.jpg 768w, https:\/\/kwiatyimiut.pl\/wp-content\/uploads\/2022\/03\/Bukiet-s\u0301lubny-1-1024x1536.jpg 1024w, https:\/\/kwiatyimiut.pl\/wp-content\/uploads\/2022\/03\/Bukiet-s\u0301lubny-1-8x12.jpg 8w, https:\/\/kwiatyimiut.pl\/wp-content\/uploads\/2022\/03\/Bukiet-s\u0301lubny-1-840x1260.jpg 840w\" sizes=\"(max-width: 1067px) 100vw, 1067px\" \/><\/li><li class=\"isotope-item\"><img loading=\"lazy\" decoding=\"async\" width=\"1067\" height=\"1600\" src=\"https:\/\/kwiatyimiut.pl\/wp-content\/uploads\/2022\/03\/bukiet-s\u0301lubny-5.jpg\" class=\"attachment-full\" alt=\"Bukiet \u015blubny Pozna\u0144\" title=\"bukiet s\u0301lubny 5\" srcset=\"https:\/\/kwiatyimiut.pl\/wp-content\/uploads\/2022\/03\/bukiet-s\u0301lubny-5.jpg 1067w, https:\/\/kwiatyimiut.pl\/wp-content\/uploads\/2022\/03\/bukiet-s\u0301lubny-5-200x300.jpg 200w, https:\/\/kwiatyimiut.pl\/wp-content\/uploads\/2022\/03\/bukiet-s\u0301lubny-5-683x1024.jpg 683w, https:\/\/kwiatyimiut.pl\/wp-content\/uploads\/2022\/03\/bukiet-s\u0301lubny-5-768x1152.jpg 768w, https:\/\/kwiatyimiut.pl\/wp-content\/uploads\/2022\/03\/bukiet-s\u0301lubny-5-1024x1536.jpg 1024w, https:\/\/kwiatyimiut.pl\/wp-content\/uploads\/2022\/03\/bukiet-s\u0301lubny-5-8x12.jpg 8w, https:\/\/kwiatyimiut.pl\/wp-content\/uploads\/2022\/03\/bukiet-s\u0301lubny-5-840x1260.jpg 840w\" sizes=\"(max-width: 1067px) 100vw, 1067px\" \/><\/li><\/ul><\/div><\/div><\/div><\/div><\/div><\/div><\/div>\n<\/div>","protected":false},"excerpt":{"rendered":"Bukiet \u015blubny to jeden z najwa\u017cniejszych dodatk\u00f3w Panny M\u0142odej. Doskonale zdajemy sobie spraw\u0119 jak wa\u017cnym dniem jest dzie\u0144 \u015blubu, dlatego dok\u0142adamy wszelkich stara\u0144, aby bukiet stanowi\u0142 subtelne i nieoczywiste dope\u0142nienie&hellip;","protected":false},"author":2,"featured_media":11711,"parent":0,"menu_order":0,"comment_status":"closed","ping_status":"closed","template":"","meta":{"footnotes":""},"class_list":["post-11710","page","type-page","status-publish","has-post-thumbnail","hentry"],"_links":{"self":[{"href":"https:\/\/kwiatyimiut.pl\/en\/wp-json\/wp\/v2\/pages\/11710","targetHints":{"allow":["GET"]}}],"collection":[{"href":"https:\/\/kwiatyimiut.pl\/en\/wp-json\/wp\/v2\/pages"}],"about":[{"href":"https:\/\/kwiatyimiut.pl\/en\/wp-json\/wp\/v2\/types\/page"}],"author":[{"embeddable":true,"href":"https:\/\/kwiatyimiut.pl\/en\/wp-json\/wp\/v2\/users\/2"}],"replies":[{"embeddable":true,"href":"https:\/\/kwiatyimiut.pl\/en\/wp-json\/wp\/v2\/comments?post=11710"}],"version-history":[{"count":0,"href":"https:\/\/kwiatyimiut.pl\/en\/wp-json\/wp\/v2\/pages\/11710\/revisions"}],"wp:featuredmedia":[{"embeddable":true,"href":"https:\/\/kwiatyimiut.pl\/en\/wp-json\/wp\/v2\/media\/11711"}],"wp:attachment":[{"href":"https:\/\/kwiatyimiut.pl\/en\/wp-json\/wp\/v2\/media?parent=11710"}],"curies":[{"name":"wp","href":"https:\/\/api.w.org\/{rel}","templated":true}]}}