{"id":14094,"date":"2022-09-08T15:42:24","date_gmt":"2022-09-08T13:42:24","guid":{"rendered":"https:\/\/kwiatyimiut.pl\/?page_id=14094"},"modified":"2023-02-21T17:59:50","modified_gmt":"2023-02-21T16:59:50","slug":"bukiet-slubny-dodatki","status":"publish","type":"page","link":"https:\/\/kwiatyimiut.pl\/en\/kwiaciarnia\/bukiet-slubny-dodatki\/","title":{"rendered":"WEDDING BOUQUET + ACCESSORIES"},"content":{"rendered":"<div class=\"wpb-content-wrapper\"><div data-vc-full-width=\"true\" data-vc-full-width-temp=\"true\" data-vc-full-width-init=\"false\" data-vc-stretch-content=\"true\" class=\"vc_row wpb_row vc_row-fluid vc_row-no-padding vc_row-o-content-middle vc_row-flex\"><div class=\"wpb_column vc_column_container vc_col-sm-1\/5\"><div class=\"vc_column-inner\"><div class=\"wpb_wrapper\">\n\t<div  class=\"wpb_single_image wpb_content_element vc_align_right wpb_content_element\">\n\t\t\n\t\t<figure class=\"wpb_wrapper vc_figure\">\n\t\t\t<div class=\"vc_single_image-wrapper   vc_box_border_grey\"><img fetchpriority=\"high\" decoding=\"async\" width=\"765\" height=\"765\" src=\"https:\/\/kwiatyimiut.pl\/wp-content\/uploads\/2022\/09\/IMG_6577.jpg\" class=\"vc_single_image-img attachment-full\" alt=\"\" title=\"IMG_6577\" srcset=\"https:\/\/kwiatyimiut.pl\/wp-content\/uploads\/2022\/09\/IMG_6577.jpg 765w, https:\/\/kwiatyimiut.pl\/wp-content\/uploads\/2022\/09\/IMG_6577-300x300.jpg 300w, https:\/\/kwiatyimiut.pl\/wp-content\/uploads\/2022\/09\/IMG_6577-150x150.jpg 150w, https:\/\/kwiatyimiut.pl\/wp-content\/uploads\/2022\/09\/IMG_6577-12x12.jpg 12w\" sizes=\"(max-width: 765px) 100vw, 765px\" \/><\/div>\n\t\t<\/figure>\n\t<\/div>\n<\/div><\/div><\/div><div class=\"wpb_column vc_column_container vc_col-sm-1\/5\"><div class=\"vc_column-inner\"><div class=\"wpb_wrapper\">\n\t<div  class=\"wpb_single_image wpb_content_element vc_align_left wpb_content_element\">\n\t\t\n\t\t<figure class=\"wpb_wrapper vc_figure\">\n\t\t\t<div class=\"vc_single_image-wrapper   vc_box_border_grey\"><img decoding=\"async\" width=\"828\" height=\"828\" src=\"https:\/\/kwiatyimiut.pl\/wp-content\/uploads\/2022\/09\/IMG_6580.jpg\" class=\"vc_single_image-img attachment-full\" alt=\"\" title=\"IMG_6580\" srcset=\"https:\/\/kwiatyimiut.pl\/wp-content\/uploads\/2022\/09\/IMG_6580.jpg 828w, https:\/\/kwiatyimiut.pl\/wp-content\/uploads\/2022\/09\/IMG_6580-300x300.jpg 300w, https:\/\/kwiatyimiut.pl\/wp-content\/uploads\/2022\/09\/IMG_6580-150x150.jpg 150w, https:\/\/kwiatyimiut.pl\/wp-content\/uploads\/2022\/09\/IMG_6580-768x768.jpg 768w, https:\/\/kwiatyimiut.pl\/wp-content\/uploads\/2022\/09\/IMG_6580-12x12.jpg 12w\" sizes=\"(max-width: 828px) 100vw, 828px\" \/><\/div>\n\t\t<\/figure>\n\t<\/div>\n<\/div><\/div><\/div><div class=\"wpb_column vc_column_container vc_col-sm-1\/5\"><div class=\"vc_column-inner\"><div class=\"wpb_wrapper\">\n\t<div  class=\"wpb_single_image wpb_content_element vc_align_left wpb_content_element\">\n\t\t\n\t\t<figure class=\"wpb_wrapper vc_figure\">\n\t\t\t<div class=\"vc_single_image-wrapper   vc_box_border_grey\"><img decoding=\"async\" width=\"678\" height=\"678\" src=\"https:\/\/kwiatyimiut.pl\/wp-content\/uploads\/2022\/09\/IMG_6573.jpg\" class=\"vc_single_image-img attachment-full\" alt=\"\" title=\"IMG_6573\" srcset=\"https:\/\/kwiatyimiut.pl\/wp-content\/uploads\/2022\/09\/IMG_6573.jpg 678w, https:\/\/kwiatyimiut.pl\/wp-content\/uploads\/2022\/09\/IMG_6573-300x300.jpg 300w, https:\/\/kwiatyimiut.pl\/wp-content\/uploads\/2022\/09\/IMG_6573-150x150.jpg 150w, https:\/\/kwiatyimiut.pl\/wp-content\/uploads\/2022\/09\/IMG_6573-12x12.jpg 12w\" sizes=\"(max-width: 678px) 100vw, 678px\" \/><\/div>\n\t\t<\/figure>\n\t<\/div>\n<\/div><\/div><\/div><div class=\"wpb_column vc_column_container vc_col-sm-1\/5\"><div class=\"vc_column-inner\"><div class=\"wpb_wrapper\">\n\t<div  class=\"wpb_single_image wpb_content_element vc_align_left wpb_content_element\">\n\t\t\n\t\t<figure class=\"wpb_wrapper vc_figure\">\n\t\t\t<div class=\"vc_single_image-wrapper   vc_box_border_grey\"><img loading=\"lazy\" decoding=\"async\" width=\"828\" height=\"828\" src=\"https:\/\/kwiatyimiut.pl\/wp-content\/uploads\/2022\/09\/IMG_6579.jpg\" class=\"vc_single_image-img attachment-full\" alt=\"\" title=\"IMG_6579\" srcset=\"https:\/\/kwiatyimiut.pl\/wp-content\/uploads\/2022\/09\/IMG_6579.jpg 828w, https:\/\/kwiatyimiut.pl\/wp-content\/uploads\/2022\/09\/IMG_6579-300x300.jpg 300w, https:\/\/kwiatyimiut.pl\/wp-content\/uploads\/2022\/09\/IMG_6579-150x150.jpg 150w, https:\/\/kwiatyimiut.pl\/wp-content\/uploads\/2022\/09\/IMG_6579-768x768.jpg 768w, https:\/\/kwiatyimiut.pl\/wp-content\/uploads\/2022\/09\/IMG_6579-12x12.jpg 12w\" sizes=\"(max-width: 828px) 100vw, 828px\" \/><\/div>\n\t\t<\/figure>\n\t<\/div>\n<\/div><\/div><\/div><div class=\"wpb_column vc_column_container vc_col-sm-1\/5\"><div class=\"vc_column-inner\"><div class=\"wpb_wrapper\">\n\t<div  class=\"wpb_single_image wpb_content_element vc_align_left wpb_content_element\">\n\t\t\n\t\t<figure class=\"wpb_wrapper vc_figure\">\n\t\t\t<div class=\"vc_single_image-wrapper   vc_box_border_grey\"><img loading=\"lazy\" decoding=\"async\" width=\"786\" height=\"786\" src=\"https:\/\/kwiatyimiut.pl\/wp-content\/uploads\/2022\/09\/IMG_6578.jpg\" class=\"vc_single_image-img attachment-full\" alt=\"\" title=\"IMG_6578\" srcset=\"https:\/\/kwiatyimiut.pl\/wp-content\/uploads\/2022\/09\/IMG_6578.jpg 786w, https:\/\/kwiatyimiut.pl\/wp-content\/uploads\/2022\/09\/IMG_6578-300x300.jpg 300w, https:\/\/kwiatyimiut.pl\/wp-content\/uploads\/2022\/09\/IMG_6578-150x150.jpg 150w, https:\/\/kwiatyimiut.pl\/wp-content\/uploads\/2022\/09\/IMG_6578-768x768.jpg 768w, https:\/\/kwiatyimiut.pl\/wp-content\/uploads\/2022\/09\/IMG_6578-12x12.jpg 12w\" sizes=\"(max-width: 786px) 100vw, 786px\" \/><\/div>\n\t\t<\/figure>\n\t<\/div>\n<\/div><\/div><\/div><\/div><div class=\"vc_row-full-width vc_clearfix\"><\/div><div class=\"vc_row wpb_row vc_row-fluid\"><div class=\"wpb_column vc_column_container vc_col-sm-12\"><div class=\"vc_column-inner\"><div class=\"wpb_wrapper\">\n\t<div class=\"wpb_text_column wpb_content_element\" >\n\t\t<div class=\"wpb_wrapper\">\n\t\t\t<h3 style=\"text-align: center;\">What do our wedding bouquets look like?<\/h3>\n<p style=\"text-align: center;\">During the growing season, we use the flowers from our <strong>KWIATY&amp;MIUT BIO Farm.<\/strong> The fact makes our wedding arrangements <strong>light, wild,<br \/>\ngarden-like,<\/strong> and very <strong>natural.<\/strong>The bouquets arranged in our studio are one of a kind and are composed of the most beautiful <strong>seasonal flowers.<br \/>\n<\/strong>The details concerning the wedding bouquet are agreed upon at the beginning when you place the order.<\/p>\n\n\t\t<\/div>\n\t<\/div>\n<\/div><\/div><\/div><\/div><div class=\"vc_row wpb_row vc_row-fluid\"><div class=\"wpb_column vc_column_container vc_col-sm-12\"><div class=\"vc_column-inner\"><div class=\"wpb_wrapper\"><div class=\"vc_empty_space\"   style=\"height: 30px\"><span class=\"vc_empty_space_inner\"><\/span><\/div>\n\t<div class=\"wpb_text_column wpb_content_element\" >\n\t\t<div class=\"wpb_wrapper\">\n\t\t\t<h3 style=\"text-align: center;\">How much are our wedding bouquets and accessories?<\/h3>\n<p style=\"text-align: center;\">Wedding bouquet: from <strong>400 z\u0142<\/strong><br \/>\nFlower head wreath: from <strong>250 PLN<\/strong><br \/>\nBoutonniere flowers: <strong>50 PLN<\/strong><br \/>\nHair flowers: <strong>20\u00a0z\u0142<\/strong> flower<br \/>\nWrist corsage: <strong>70 PLN<\/strong><br \/>\nBridesmaid bouquet: <strong>od<\/strong>\u00a0<strong>250 PLN<br \/>\n<\/strong>Bukiet dla rodzic\u00f3w: <strong>od 350 z\u0142<\/strong><br \/>\nCar decoration: car handle<strong>70 PLN<\/strong> \/ 1 handle) bonnet decoration from 300 PLN <strong>500 z\u0142<\/strong><\/p>\n\n\t\t<\/div>\n\t<\/div>\n<div class=\"vc_empty_space\"   style=\"height: 30px\"><span class=\"vc_empty_space_inner\"><\/span><\/div>\n\t<div class=\"wpb_text_column wpb_content_element\" >\n\t\t<div class=\"wpb_wrapper\">\n\t\t\t<h3 style=\"text-align: center;\">How to place an order?<\/h3>\n<p style=\"text-align: center;\">We invite you to our <strong>flower studio<\/strong> in Je\u017cyce, Pozna\u0144 to discuss all the details. You can also contact us: <strong>contact us:<\/strong><\/p>\n<p style=\"text-align: center;\"><strong>\u00a0<\/strong><\/p>\n\n\t\t<\/div>\n\t<\/div>\n<\/div><\/div><\/div><\/div><div class=\"vc_row wpb_row vc_row-fluid\"><div class=\"wpb_column vc_column_container vc_col-sm-3\"><div class=\"vc_column-inner\"><div class=\"wpb_wrapper\"><div class=\"konte-icon-box icon-type-fontawesome box-align-center\">\n\t\t\t\t<div class=\"konte-icon-box__icon\"><i class=\"fas fa-phone\"><\/i><\/div>\n\t\t\t\t<h4 class=\"konte-icon-box__title\" >tel. 501 407 882<\/h4>\n\t\t\t\t<div class=\"konte-icon-box__content\"><\/div>\n\t\t\t<\/div><\/div><\/div><\/div><div class=\"wpb_column vc_column_container vc_col-sm-3\"><div class=\"vc_column-inner\"><div class=\"wpb_wrapper\"><div class=\"konte-icon-box icon-type-fontawesome box-align-center\">\n\t\t\t\t<div class=\"konte-icon-box__icon\"><i class=\"fas fa-envelope\"><\/i><\/div>\n\t\t\t\t<h4 class=\"konte-icon-box__title\" >jezyce@kwiatyimiut.pl<\/h4>\n\t\t\t\t<div class=\"konte-icon-box__content\"><\/div>\n\t\t\t<\/div><\/div><\/div><\/div><div class=\"wpb_column vc_column_container vc_col-sm-3\"><div class=\"vc_column-inner\"><div class=\"wpb_wrapper\"><div class=\"konte-icon-box icon-type-fontawesome box-align-center\">\n\t\t\t\t<div class=\"konte-icon-box__icon\"><i class=\"fab fa-facebook-square\"><\/i><\/div>\n\t\t\t\t<h4 class=\"konte-icon-box__title\" >Kwiaty&amp;Miut<\/h4>\n\t\t\t\t<div class=\"konte-icon-box__content\"><\/div>\n\t\t\t<\/div><\/div><\/div><\/div><div class=\"wpb_column vc_column_container vc_col-sm-3\"><div class=\"vc_column-inner\"><div class=\"wpb_wrapper\"><div class=\"konte-icon-box icon-type-fontawesome box-align-center\">\n\t\t\t\t<div class=\"konte-icon-box__icon\"><i class=\"fab fa-instagram\"><\/i><\/div>\n\t\t\t\t<h4 class=\"konte-icon-box__title\" >kwiatyimiut_kwiaciarnia<\/h4>\n\t\t\t\t<div class=\"konte-icon-box__content\"><\/div>\n\t\t\t<\/div><\/div><\/div><\/div><\/div><div class=\"vc_row wpb_row vc_row-fluid\"><div class=\"wpb_column vc_column_container vc_col-sm-12\"><div class=\"vc_column-inner\"><div class=\"wpb_wrapper\"><div class=\"vc_empty_space\"   style=\"height: 30px\"><span class=\"vc_empty_space_inner\"><\/span><\/div>\n\t<div class=\"wpb_text_column wpb_content_element\" >\n\t\t<div class=\"wpb_wrapper\">\n\t\t\t<h3 style=\"text-align: center;\">Wedding d\u00e9cor<\/h3>\n<p style=\"text-align: center;\">Contact us at <strong>biuro@kwiatyimiut.pl to discuss <\/strong>of bigger wedding projects (wedding hall d\u00e9cor, wedding venue d\u00e9cor).<br \/>\nof bigger wedding projects (wedding hall d\u00e9cor, wedding venue d\u00e9cor).<strong> biuro@kwiatyimiut.pl<\/strong><\/p>\n\n\t\t<\/div>\n\t<\/div>\n<div class=\"vc_empty_space\"   style=\"height: 30px\"><span class=\"vc_empty_space_inner\"><\/span><\/div><\/div><\/div><\/div><\/div><div data-vc-full-width=\"true\" data-vc-full-width-temp=\"true\" data-vc-full-width-init=\"false\" data-vc-stretch-content=\"true\" class=\"vc_row wpb_row vc_row-fluid vc_row-no-padding vc_row-o-content-middle vc_row-flex\"><div class=\"wpb_column vc_column_container vc_col-sm-1\/5\"><div class=\"vc_column-inner\"><div class=\"wpb_wrapper\">\n\t<div  class=\"wpb_single_image wpb_content_element vc_align_right wpb_content_element\">\n\t\t\n\t\t<figure class=\"wpb_wrapper vc_figure\">\n\t\t\t<div class=\"vc_single_image-wrapper   vc_box_border_grey\"><img loading=\"lazy\" decoding=\"async\" width=\"769\" height=\"769\" src=\"https:\/\/kwiatyimiut.pl\/wp-content\/uploads\/2022\/09\/IMG_6583.jpg\" class=\"vc_single_image-img attachment-full\" alt=\"\" title=\"IMG_6583\" srcset=\"https:\/\/kwiatyimiut.pl\/wp-content\/uploads\/2022\/09\/IMG_6583.jpg 769w, https:\/\/kwiatyimiut.pl\/wp-content\/uploads\/2022\/09\/IMG_6583-300x300.jpg 300w, https:\/\/kwiatyimiut.pl\/wp-content\/uploads\/2022\/09\/IMG_6583-150x150.jpg 150w, https:\/\/kwiatyimiut.pl\/wp-content\/uploads\/2022\/09\/IMG_6583-12x12.jpg 12w\" sizes=\"(max-width: 769px) 100vw, 769px\" \/><\/div>\n\t\t<\/figure>\n\t<\/div>\n<\/div><\/div><\/div><div class=\"wpb_column vc_column_container vc_col-sm-1\/5\"><div class=\"vc_column-inner\"><div class=\"wpb_wrapper\">\n\t<div  class=\"wpb_single_image wpb_content_element vc_align_left wpb_content_element\">\n\t\t\n\t\t<figure class=\"wpb_wrapper vc_figure\">\n\t\t\t<div class=\"vc_single_image-wrapper   vc_box_border_grey\"><img loading=\"lazy\" decoding=\"async\" width=\"773\" height=\"773\" src=\"https:\/\/kwiatyimiut.pl\/wp-content\/uploads\/2022\/09\/IMG_6574.jpg\" class=\"vc_single_image-img attachment-full\" alt=\"\" title=\"IMG_6574\" srcset=\"https:\/\/kwiatyimiut.pl\/wp-content\/uploads\/2022\/09\/IMG_6574.jpg 773w, https:\/\/kwiatyimiut.pl\/wp-content\/uploads\/2022\/09\/IMG_6574-300x300.jpg 300w, https:\/\/kwiatyimiut.pl\/wp-content\/uploads\/2022\/09\/IMG_6574-150x150.jpg 150w, https:\/\/kwiatyimiut.pl\/wp-content\/uploads\/2022\/09\/IMG_6574-768x768.jpg 768w, https:\/\/kwiatyimiut.pl\/wp-content\/uploads\/2022\/09\/IMG_6574-12x12.jpg 12w\" sizes=\"(max-width: 773px) 100vw, 773px\" \/><\/div>\n\t\t<\/figure>\n\t<\/div>\n<\/div><\/div><\/div><div class=\"wpb_column vc_column_container vc_col-sm-1\/5\"><div class=\"vc_column-inner\"><div class=\"wpb_wrapper\">\n\t<div  class=\"wpb_single_image wpb_content_element vc_align_left wpb_content_element\">\n\t\t\n\t\t<figure class=\"wpb_wrapper vc_figure\">\n\t\t\t<div class=\"vc_single_image-wrapper   vc_box_border_grey\"><img loading=\"lazy\" decoding=\"async\" width=\"828\" height=\"828\" src=\"https:\/\/kwiatyimiut.pl\/wp-content\/uploads\/2022\/09\/IMG_6582.jpg\" class=\"vc_single_image-img attachment-full\" alt=\"\" title=\"IMG_6582\" srcset=\"https:\/\/kwiatyimiut.pl\/wp-content\/uploads\/2022\/09\/IMG_6582.jpg 828w, https:\/\/kwiatyimiut.pl\/wp-content\/uploads\/2022\/09\/IMG_6582-300x300.jpg 300w, https:\/\/kwiatyimiut.pl\/wp-content\/uploads\/2022\/09\/IMG_6582-150x150.jpg 150w, https:\/\/kwiatyimiut.pl\/wp-content\/uploads\/2022\/09\/IMG_6582-768x768.jpg 768w, https:\/\/kwiatyimiut.pl\/wp-content\/uploads\/2022\/09\/IMG_6582-12x12.jpg 12w\" sizes=\"(max-width: 828px) 100vw, 828px\" \/><\/div>\n\t\t<\/figure>\n\t<\/div>\n<\/div><\/div><\/div><div class=\"wpb_column vc_column_container vc_col-sm-1\/5\"><div class=\"vc_column-inner\"><div class=\"wpb_wrapper\">\n\t<div  class=\"wpb_single_image wpb_content_element vc_align_left wpb_content_element\">\n\t\t\n\t\t<figure class=\"wpb_wrapper vc_figure\">\n\t\t\t<div class=\"vc_single_image-wrapper   vc_box_border_grey\"><img loading=\"lazy\" decoding=\"async\" width=\"791\" height=\"791\" src=\"https:\/\/kwiatyimiut.pl\/wp-content\/uploads\/2022\/09\/IMG_6575.jpg\" class=\"vc_single_image-img attachment-full\" alt=\"\" title=\"IMG_6575\" srcset=\"https:\/\/kwiatyimiut.pl\/wp-content\/uploads\/2022\/09\/IMG_6575.jpg 791w, https:\/\/kwiatyimiut.pl\/wp-content\/uploads\/2022\/09\/IMG_6575-300x300.jpg 300w, https:\/\/kwiatyimiut.pl\/wp-content\/uploads\/2022\/09\/IMG_6575-150x150.jpg 150w, https:\/\/kwiatyimiut.pl\/wp-content\/uploads\/2022\/09\/IMG_6575-768x768.jpg 768w, https:\/\/kwiatyimiut.pl\/wp-content\/uploads\/2022\/09\/IMG_6575-12x12.jpg 12w\" sizes=\"(max-width: 791px) 100vw, 791px\" \/><\/div>\n\t\t<\/figure>\n\t<\/div>\n<\/div><\/div><\/div><div class=\"wpb_column vc_column_container vc_col-sm-1\/5\"><div class=\"vc_column-inner\"><div class=\"wpb_wrapper\">\n\t<div  class=\"wpb_single_image wpb_content_element vc_align_left wpb_content_element\">\n\t\t\n\t\t<figure class=\"wpb_wrapper vc_figure\">\n\t\t\t<div class=\"vc_single_image-wrapper   vc_box_border_grey\"><img loading=\"lazy\" decoding=\"async\" width=\"813\" height=\"813\" src=\"https:\/\/kwiatyimiut.pl\/wp-content\/uploads\/2022\/09\/IMG_6581.jpg\" class=\"vc_single_image-img attachment-full\" alt=\"\" title=\"IMG_6581\" srcset=\"https:\/\/kwiatyimiut.pl\/wp-content\/uploads\/2022\/09\/IMG_6581.jpg 813w, https:\/\/kwiatyimiut.pl\/wp-content\/uploads\/2022\/09\/IMG_6581-300x300.jpg 300w, https:\/\/kwiatyimiut.pl\/wp-content\/uploads\/2022\/09\/IMG_6581-150x150.jpg 150w, https:\/\/kwiatyimiut.pl\/wp-content\/uploads\/2022\/09\/IMG_6581-768x768.jpg 768w, https:\/\/kwiatyimiut.pl\/wp-content\/uploads\/2022\/09\/IMG_6581-12x12.jpg 12w\" sizes=\"(max-width: 813px) 100vw, 813px\" \/><\/div>\n\t\t<\/figure>\n\t<\/div>\n<\/div><\/div><\/div><\/div><div class=\"vc_row-full-width vc_clearfix\"><\/div>\n<\/div>","protected":false},"excerpt":{"rendered":"Jak wygl\u0105daj\u0105 nasze bukiety? W sezonie wegetacji ro\u015blin, kwiaty pochodz\u0105 z BIO Farmy KWIATY&amp;MIUT. Dzi\u0119ki temu nasze \u015blubne kompozycje s\u0105 lekkie, polne, ogrodowe i bardzo naturalne. Bukiety wykonywane w naszej&hellip;","protected":false},"author":6,"featured_media":0,"parent":11560,"menu_order":0,"comment_status":"closed","ping_status":"closed","template":"","meta":{"footnotes":""},"class_list":["post-14094","page","type-page","status-publish","hentry"],"_links":{"self":[{"href":"https:\/\/kwiatyimiut.pl\/en\/wp-json\/wp\/v2\/pages\/14094","targetHints":{"allow":["GET"]}}],"collection":[{"href":"https:\/\/kwiatyimiut.pl\/en\/wp-json\/wp\/v2\/pages"}],"about":[{"href":"https:\/\/kwiatyimiut.pl\/en\/wp-json\/wp\/v2\/types\/page"}],"author":[{"embeddable":true,"href":"https:\/\/kwiatyimiut.pl\/en\/wp-json\/wp\/v2\/users\/6"}],"replies":[{"embeddable":true,"href":"https:\/\/kwiatyimiut.pl\/en\/wp-json\/wp\/v2\/comments?post=14094"}],"version-history":[{"count":0,"href":"https:\/\/kwiatyimiut.pl\/en\/wp-json\/wp\/v2\/pages\/14094\/revisions"}],"up":[{"embeddable":true,"href":"https:\/\/kwiatyimiut.pl\/en\/wp-json\/wp\/v2\/pages\/11560"}],"wp:attachment":[{"href":"https:\/\/kwiatyimiut.pl\/en\/wp-json\/wp\/v2\/media?parent=14094"}],"curies":[{"name":"wp","href":"https:\/\/api.w.org\/{rel}","templated":true}]}}