{"id":18256,"date":"2023-10-10T11:36:58","date_gmt":"2023-10-10T09:36:58","guid":{"rendered":"https:\/\/kwiatyimiut.pl\/?page_id=18256"},"modified":"2024-01-10T11:39:58","modified_gmt":"2024-01-10T10:39:58","slug":"miut_casa","status":"publish","type":"page","link":"https:\/\/kwiatyimiut.pl\/en\/miut_casa\/","title":{"rendered":"MIUT_CASA"},"content":{"rendered":"<p style=\"text-align: center;\">Szukasz przestrzeni na sesj\u0119 zdj\u0119ciow\u0105, lub nagranie reklamy czy filmu?<br \/>\nA mo\u017ce szukasz miejsca na zrobienie warsztat\u00f3w, spotkania firmowego, czy showroomu swojej marki podczas Targ\u00f3w Pozna\u0144skich.<br \/>\nDysponujemy przestrzeni\u0105 80 m2 znajduj\u0105c\u0105 na ulicy. Szamarzewskiego 11 w Poznaniu (1 km od Targ\u00f3w Pozna\u0144skich).<br \/>\nMieszkanie znajduje si\u0119 na pierwszym pi\u0119trze kamienicy.<\/p>\n<p style=\"text-align: center;\"><img fetchpriority=\"high\" decoding=\"async\" class=\"aligncenter size-large wp-image-18316\" src=\"https:\/\/kwiatyimiut.pl\/wp-content\/uploads\/2023\/10\/farma_wynajem_net_1_a-783x1024.jpg\" alt=\"\" width=\"783\" height=\"1024\" srcset=\"https:\/\/kwiatyimiut.pl\/wp-content\/uploads\/2023\/10\/farma_wynajem_net_1_a-783x1024.jpg 783w, https:\/\/kwiatyimiut.pl\/wp-content\/uploads\/2023\/10\/farma_wynajem_net_1_a-229x300.jpg 229w, https:\/\/kwiatyimiut.pl\/wp-content\/uploads\/2023\/10\/farma_wynajem_net_1_a-768x1004.jpg 768w, https:\/\/kwiatyimiut.pl\/wp-content\/uploads\/2023\/10\/farma_wynajem_net_1_a-9x12.jpg 9w, https:\/\/kwiatyimiut.pl\/wp-content\/uploads\/2023\/10\/farma_wynajem_net_1_a-840x1098.jpg 840w, https:\/\/kwiatyimiut.pl\/wp-content\/uploads\/2023\/10\/farma_wynajem_net_1_a.jpg 1025w\" sizes=\"(max-width: 783px) 100vw, 783px\" \/><\/p>\n<p style=\"text-align: center;\"><a href=\"https:\/\/kwiatyimiut.pl\/wp-content\/uploads\/2023\/10\/miutcasa_wynajem_net_2.jpg\"><img decoding=\"async\" class=\"aligncenter size-full wp-image-18317\" src=\"https:\/\/kwiatyimiut.pl\/wp-content\/uploads\/2023\/10\/miutcasa_wynajem_net_2.jpg\" alt=\"\" width=\"2050\" height=\"1443\" srcset=\"https:\/\/kwiatyimiut.pl\/wp-content\/uploads\/2023\/10\/miutcasa_wynajem_net_2.jpg 2050w, https:\/\/kwiatyimiut.pl\/wp-content\/uploads\/2023\/10\/miutcasa_wynajem_net_2-300x211.jpg 300w, https:\/\/kwiatyimiut.pl\/wp-content\/uploads\/2023\/10\/miutcasa_wynajem_net_2-1024x721.jpg 1024w, https:\/\/kwiatyimiut.pl\/wp-content\/uploads\/2023\/10\/miutcasa_wynajem_net_2-768x541.jpg 768w, https:\/\/kwiatyimiut.pl\/wp-content\/uploads\/2023\/10\/miutcasa_wynajem_net_2-1536x1081.jpg 1536w, https:\/\/kwiatyimiut.pl\/wp-content\/uploads\/2023\/10\/miutcasa_wynajem_net_2-2048x1442.jpg 2048w, https:\/\/kwiatyimiut.pl\/wp-content\/uploads\/2023\/10\/miutcasa_wynajem_net_2-18x12.jpg 18w, https:\/\/kwiatyimiut.pl\/wp-content\/uploads\/2023\/10\/miutcasa_wynajem_net_2-840x591.jpg 840w\" sizes=\"(max-width: 2050px) 100vw, 2050px\" \/><\/a>Je\u015bli jeste\u015b zainteresowany wynajmem przestrzeni napisz do nas: <strong><a href=\"mailto:biuro@kwiatyimiut.pl\">biuro@kwiatyimiut.pl<\/a><\/strong><\/p>","protected":false},"excerpt":{"rendered":"<p>Szukasz przestrzeni na sesj\u0119 zdj\u0119ciow\u0105, lub nagranie reklamy czy filmu? A mo\u017ce szukasz miejsca na zrobienie warsztat\u00f3w, spotkania firmowego, czy showroomu swojej marki podczas Targ\u00f3w Pozna\u0144skich. Dysponujemy przestrzeni\u0105 80 m2&hellip;<\/p>","protected":false},"author":2,"featured_media":0,"parent":0,"menu_order":0,"comment_status":"closed","ping_status":"closed","template":"","meta":{"footnotes":""},"class_list":["post-18256","page","type-page","status-publish","hentry"],"_links":{"self":[{"href":"https:\/\/kwiatyimiut.pl\/en\/wp-json\/wp\/v2\/pages\/18256","targetHints":{"allow":["GET"]}}],"collection":[{"href":"https:\/\/kwiatyimiut.pl\/en\/wp-json\/wp\/v2\/pages"}],"about":[{"href":"https:\/\/kwiatyimiut.pl\/en\/wp-json\/wp\/v2\/types\/page"}],"author":[{"embeddable":true,"href":"https:\/\/kwiatyimiut.pl\/en\/wp-json\/wp\/v2\/users\/2"}],"replies":[{"embeddable":true,"href":"https:\/\/kwiatyimiut.pl\/en\/wp-json\/wp\/v2\/comments?post=18256"}],"version-history":[{"count":0,"href":"https:\/\/kwiatyimiut.pl\/en\/wp-json\/wp\/v2\/pages\/18256\/revisions"}],"wp:attachment":[{"href":"https:\/\/kwiatyimiut.pl\/en\/wp-json\/wp\/v2\/media?parent=18256"}],"curies":[{"name":"wp","href":"https:\/\/api.w.org\/{rel}","templated":true}]}}