{"id":226,"date":"2018-08-30T09:57:00","date_gmt":"2018-08-30T09:57:00","guid":{"rendered":"http:\/\/konte.uix.store\/?page_id=226"},"modified":"2026-02-03T15:54:57","modified_gmt":"2026-02-03T14:54:57","slug":"ksiazka","status":"publish","type":"page","link":"https:\/\/kwiatyimiut.pl\/en\/ksiazka\/","title":{"rendered":"Book"},"content":{"rendered":"<div class=\"wpb-content-wrapper\"><div class=\"vc_row wpb_row vc_row-fluid\"><div class=\"wpb_column vc_column_container vc_col-sm-3\"><div class=\"vc_column-inner\"><div class=\"wpb_wrapper\">\n\t<div  class=\"wpb_single_image wpb_content_element vc_align_left wpb_content_element\">\n\t\t\n\t\t<figure class=\"wpb_wrapper vc_figure\">\n\t\t\t<div class=\"vc_single_image-wrapper   vc_box_border_grey\"><img fetchpriority=\"high\" decoding=\"async\" width=\"209\" height=\"300\" src=\"https:\/\/kwiatyimiut.pl\/wp-content\/uploads\/2021\/11\/elementarz-kwiatowy-cover-209x300.jpg\" class=\"vc_single_image-img attachment-medium\" alt=\"\" title=\"elementarz-kwiatowy-cover\" srcset=\"https:\/\/kwiatyimiut.pl\/wp-content\/uploads\/2021\/11\/elementarz-kwiatowy-cover-209x300.jpg 209w, https:\/\/kwiatyimiut.pl\/wp-content\/uploads\/2021\/11\/elementarz-kwiatowy-cover-8x12.jpg 8w, https:\/\/kwiatyimiut.pl\/wp-content\/uploads\/2021\/11\/elementarz-kwiatowy-cover.jpg 477w\" sizes=\"(max-width: 209px) 100vw, 209px\" \/><\/div>\n\t\t<\/figure>\n\t<\/div>\n<\/div><\/div><\/div><div class=\"wpb_column vc_column_container vc_col-sm-9\"><div class=\"vc_column-inner\"><div class=\"wpb_wrapper\">\n\t<div class=\"wpb_text_column wpb_content_element\" >\n\t\t<div class=\"wpb_wrapper\">\n\t\t\t<p>TYTU\u0141: \u201eElementarz Kwiatowy\u201d<br \/>\nAutorzy: \u0141ukasz Marcinkowski, Rados\u0142aw Berent<br \/>\nWYDAWNICTWO: MIUT<br \/>\nLiczba stron: 360 \/ Format: 160\u00d7230 \/ Papier: Offset \/ Ok\u0142adka: mi\u0119kka<br \/>\nCena: 189 z\u0142<br \/>\nISBN: 978-83-959573-<span class=\"bold\">0<\/span>-7<br \/>\nPremiera: 2021<\/p>\n\n\t\t<\/div>\n\t<\/div>\n<div class=\"vc_btn3-container vc_btn3-inline vc_do_btn\" ><a style=\"background-color:#e4193d; color:#ffffff;\" class=\"vc_general vc_btn3 vc_btn3-size-md vc_btn3-shape-rounded vc_btn3-style-custom\" href=\"\/en\/product\/elementarz-kwiatowy\/\" title=\"\">ZAM\u00d3W<\/a><\/div><\/div><\/div><\/div><\/div><div class=\"vc_row wpb_row vc_row-fluid\"><div class=\"wpb_column vc_column_container vc_col-sm-3\"><div class=\"vc_column-inner\"><div class=\"wpb_wrapper\">\n\t<div  class=\"wpb_single_image wpb_content_element vc_align_left wpb_content_element\">\n\t\t\n\t\t<figure class=\"wpb_wrapper vc_figure\">\n\t\t\t<div class=\"vc_single_image-wrapper   vc_box_border_grey\"><img decoding=\"async\" width=\"221\" height=\"300\" src=\"https:\/\/kwiatyimiut.pl\/wp-content\/uploads\/2021\/01\/339-0829_usta_o-roslinach-221x300.png\" class=\"vc_single_image-img attachment-medium\" alt=\"\" title=\"339-0829_usta_o-roslinach\" srcset=\"https:\/\/kwiatyimiut.pl\/wp-content\/uploads\/2021\/01\/339-0829_usta_o-roslinach-221x300.png 221w, https:\/\/kwiatyimiut.pl\/wp-content\/uploads\/2021\/01\/339-0829_usta_o-roslinach-9x12.png 9w, https:\/\/kwiatyimiut.pl\/wp-content\/uploads\/2021\/01\/339-0829_usta_o-roslinach.png 354w\" sizes=\"(max-width: 221px) 100vw, 221px\" \/><\/div>\n\t\t<\/figure>\n\t<\/div>\n<\/div><\/div><\/div><div class=\"wpb_column vc_column_container vc_col-sm-9\"><div class=\"vc_column-inner\"><div class=\"wpb_wrapper\">\n\t<div class=\"wpb_text_column wpb_content_element\" >\n\t\t<div class=\"wpb_wrapper\">\n\t\t\t<p>TYTU\u0141: &#8222;O ro\u015blinach&#8221;<br \/>\nAutorzy: \u0141ukasz Marcinkowski, Rados\u0142aw Berent<br \/>\nWYDAWNICTWO: Full Meal 2017<\/p>\n<p>Liczba stron: 200<br \/>\nFormat: 220&#215;300<br \/>\nCena: 79 z\u0142<br \/>\nISBN: 978-83-949006-0-1<br \/>\nPapier: Offset<br \/>\nPremiera: 2017<\/p>\n\n\t\t<\/div>\n\t<\/div>\n<\/div><\/div><\/div><\/div><div class=\"vc_row wpb_row vc_row-fluid\"><div class=\"wpb_column vc_column_container vc_col-sm-3\"><div class=\"vc_column-inner\"><div class=\"wpb_wrapper\">\n\t<div  class=\"wpb_single_image wpb_content_element vc_align_left wpb_content_element\">\n\t\t\n\t\t<figure class=\"wpb_wrapper vc_figure\">\n\t\t\t<div class=\"vc_single_image-wrapper   vc_box_border_grey\"><img decoding=\"async\" width=\"220\" height=\"300\" src=\"https:\/\/kwiatyimiut.pl\/wp-content\/uploads\/2021\/01\/191-kwiaty-ok-1-220x300.jpg\" class=\"vc_single_image-img attachment-medium\" alt=\"\" title=\"191-kwiaty-ok\" srcset=\"https:\/\/kwiatyimiut.pl\/wp-content\/uploads\/2021\/01\/191-kwiaty-ok-1-220x300.jpg 220w, https:\/\/kwiatyimiut.pl\/wp-content\/uploads\/2021\/01\/191-kwiaty-ok-1-9x12.jpg 9w, https:\/\/kwiatyimiut.pl\/wp-content\/uploads\/2021\/01\/191-kwiaty-ok-1.jpg 352w\" sizes=\"(max-width: 220px) 100vw, 220px\" \/><\/div>\n\t\t<\/figure>\n\t<\/div>\n<\/div><\/div><\/div><div class=\"wpb_column vc_column_container vc_col-sm-9\"><div class=\"vc_column-inner\"><div class=\"wpb_wrapper\">\n\t<div class=\"wpb_text_column wpb_content_element\" >\n\t\t<div class=\"wpb_wrapper\">\n\t\t\t<p>TYTU\u0141: &#8222;O kwiatach&#8221;<br \/>\nAutorzy: \u0141ukasz Marcinkowski, Rados\u0142aw Berent<br \/>\nWYDAWNICTWO: Full Meal 2016<\/p>\n<p>Liczba stron: 168<br \/>\nFormat: 220&#215;300<br \/>\nCena: 69 z\u0142<br \/>\nISBN: 978-83-939782-5-0<br \/>\nPapier: Offset<br \/>\nPremiera: 2016<\/p>\n\n\t\t<\/div>\n\t<\/div>\n<\/div><\/div><\/div><\/div><div class=\"vc_row wpb_row vc_row-fluid\"><div class=\"wpb_column vc_column_container vc_col-sm-12\"><div class=\"vc_column-inner\"><div class=\"wpb_wrapper\"><div class=\"vc_icon_element vc_icon_element-outer vc_do_icon vc_icon_element-align-left\"><div class=\"vc_icon_element-inner vc_icon_element-color-grey vc_icon_element-size-sm vc_icon_element-style- vc_icon_element-background-color-grey\" ><span class=\"vc_icon_element-icon fab fa-facebook-f\" ><\/span><a class=\"vc_icon_element-link\" href=\"https:\/\/www.facebook.com\/kwiatyimiutstore\/\"  title=\"Facebook\" target=\"_blank\"><\/a><\/div><\/div><div class=\"vc_icon_element vc_icon_element-outer vc_do_icon vc_icon_element-align-left\"><div class=\"vc_icon_element-inner vc_icon_element-color-grey vc_icon_element-size-sm vc_icon_element-style- vc_icon_element-background-color-grey\" ><span class=\"vc_icon_element-icon fab fa-instagram\" ><\/span><a class=\"vc_icon_element-link\" href=\"https:\/\/www.instagram.com\/kwiatyimiut\/\"  title=\"Instagram\" target=\"_blank\"><\/a><\/div><\/div><div class=\"vc_icon_element vc_icon_element-outer vc_do_icon vc_icon_element-align-left\"><div class=\"vc_icon_element-inner vc_icon_element-color-grey vc_icon_element-size-sm vc_icon_element-style- vc_icon_element-background-color-grey\" ><span class=\"vc_icon_element-icon fab fa-youtube\" ><\/span><a class=\"vc_icon_element-link\" href=\"https:\/\/www.youtube.com\/channel\/UCOMcOmd6IhZyFXydS57z7aQ\"  title=\"YouTube\" target=\"_blank\"><\/a><\/div><\/div><\/div><\/div><\/div><\/div>\n<\/div>","protected":false},"excerpt":{"rendered":"TYTU\u0141: \u201eElementarz Kwiatowy\u201d Autorzy: \u0141ukasz Marcinkowski, Rados\u0142aw Berent WYDAWNICTWO: MIUT Liczba stron: 360 \/ Format: 160\u00d7230 \/ Papier: Offset \/ Ok\u0142adka: mi\u0119kka Cena: 189 z\u0142 ISBN: 978-83-959573-0-7 Premiera: 2021 ZAM\u00d3W&hellip;","protected":false},"author":1,"featured_media":0,"parent":0,"menu_order":0,"comment_status":"closed","ping_status":"closed","template":"","meta":{"footnotes":""},"class_list":["post-226","page","type-page","status-publish","hentry"],"_links":{"self":[{"href":"https:\/\/kwiatyimiut.pl\/en\/wp-json\/wp\/v2\/pages\/226","targetHints":{"allow":["GET"]}}],"collection":[{"href":"https:\/\/kwiatyimiut.pl\/en\/wp-json\/wp\/v2\/pages"}],"about":[{"href":"https:\/\/kwiatyimiut.pl\/en\/wp-json\/wp\/v2\/types\/page"}],"author":[{"embeddable":true,"href":"https:\/\/kwiatyimiut.pl\/en\/wp-json\/wp\/v2\/users\/1"}],"replies":[{"embeddable":true,"href":"https:\/\/kwiatyimiut.pl\/en\/wp-json\/wp\/v2\/comments?post=226"}],"version-history":[{"count":5,"href":"https:\/\/kwiatyimiut.pl\/en\/wp-json\/wp\/v2\/pages\/226\/revisions"}],"predecessor-version":[{"id":23678,"href":"https:\/\/kwiatyimiut.pl\/en\/wp-json\/wp\/v2\/pages\/226\/revisions\/23678"}],"wp:attachment":[{"href":"https:\/\/kwiatyimiut.pl\/en\/wp-json\/wp\/v2\/media?parent=226"}],"curies":[{"name":"wp","href":"https:\/\/api.w.org\/{rel}","templated":true}]}}