{"id":22997,"date":"2025-10-16T16:35:57","date_gmt":"2025-10-16T14:35:57","guid":{"rendered":"https:\/\/kwiatyimiut.pl\/?page_id=22997"},"modified":"2025-10-16T17:08:58","modified_gmt":"2025-10-16T15:08:58","slug":"wszystkich-swietych","status":"publish","type":"page","link":"https:\/\/kwiatyimiut.pl\/en\/wszystkich-swietych\/","title":{"rendered":"WSZYSTKICH \u015aWI\u0118TYCH"},"content":{"rendered":"<div data-elementor-type=\"wp-page\" data-elementor-id=\"22997\" class=\"elementor elementor-22997\">\n\t\t\t\t\t\t<section class=\"elementor-section elementor-top-section elementor-element elementor-element-69bf35ce elementor-section-boxed elementor-section-height-default elementor-section-height-default\" data-id=\"69bf35ce\" data-element_type=\"section\" data-e-type=\"section\">\n\t\t\t\t\t\t<div class=\"elementor-container elementor-column-gap-default\">\n\t\t\t\t\t<div class=\"elementor-column elementor-col-100 elementor-top-column elementor-element elementor-element-2a8e2fc1\" data-id=\"2a8e2fc1\" data-element_type=\"column\" data-e-type=\"column\">\n\t\t\t<div class=\"elementor-widget-wrap elementor-element-populated\">\n\t\t\t\t\t\t<div class=\"elementor-element elementor-element-511916b1 elementor-widget elementor-widget-text-editor\" data-id=\"511916b1\" data-element_type=\"widget\" data-e-type=\"widget\" data-widget_type=\"text-editor.default\">\n\t\t\t\t<div class=\"elementor-widget-container\">\n\t\t\t\t\t\t\t\t\t<h4 style=\"text-align: center;\">Zam\u00f3wienie na wie\u0144ce, kwiatowe wi\u0105zanki i kompozycje nagrobne przyjmujemy pod numerem 501407882.<\/h4>\t\t\t\t\t\t\t\t<\/div>\n\t\t\t\t<\/div>\n\t\t\t\t\t<\/div>\n\t\t<\/div>\n\t\t\t\t\t<\/div>\n\t\t<\/section>\n\t\t\t\t<section class=\"elementor-section elementor-top-section elementor-element elementor-element-479ce29 elementor-section-boxed elementor-section-height-default elementor-section-height-default\" data-id=\"479ce29\" data-element_type=\"section\" data-e-type=\"section\">\n\t\t\t\t\t\t<div class=\"elementor-container elementor-column-gap-default\">\n\t\t\t\t\t<div class=\"elementor-column elementor-col-33 elementor-top-column elementor-element elementor-element-e325fec\" data-id=\"e325fec\" data-element_type=\"column\" data-e-type=\"column\">\n\t\t\t<div class=\"elementor-widget-wrap elementor-element-populated\">\n\t\t\t\t\t\t<div class=\"elementor-element elementor-element-72a4826 elementor-widget elementor-widget-image\" data-id=\"72a4826\" data-element_type=\"widget\" data-e-type=\"widget\" data-widget_type=\"image.default\">\n\t\t\t\t<div class=\"elementor-widget-container\">\n\t\t\t\t\t\t\t\t\t\t\t\t\t\t\t<img fetchpriority=\"high\" decoding=\"async\" width=\"576\" height=\"1024\" src=\"https:\/\/kwiatyimiut.pl\/wp-content\/uploads\/2025\/10\/wieniec-nagrobny-576x1024.jpg\" class=\"attachment-large size-large wp-image-22984\" alt=\"\" srcset=\"https:\/\/kwiatyimiut.pl\/wp-content\/uploads\/2025\/10\/wieniec-nagrobny-576x1024.jpg 576w, https:\/\/kwiatyimiut.pl\/wp-content\/uploads\/2025\/10\/wieniec-nagrobny-169x300.jpg 169w, https:\/\/kwiatyimiut.pl\/wp-content\/uploads\/2025\/10\/wieniec-nagrobny-768x1365.jpg 768w, https:\/\/kwiatyimiut.pl\/wp-content\/uploads\/2025\/10\/wieniec-nagrobny-864x1536.jpg 864w, https:\/\/kwiatyimiut.pl\/wp-content\/uploads\/2025\/10\/wieniec-nagrobny-1152x2048.jpg 1152w, https:\/\/kwiatyimiut.pl\/wp-content\/uploads\/2025\/10\/wieniec-nagrobny-7x12.jpg 7w, https:\/\/kwiatyimiut.pl\/wp-content\/uploads\/2025\/10\/wieniec-nagrobny-840x1493.jpg 840w, https:\/\/kwiatyimiut.pl\/wp-content\/uploads\/2025\/10\/wieniec-nagrobny.jpg 1170w\" sizes=\"(max-width: 576px) 100vw, 576px\" \/>\t\t\t\t\t\t\t\t\t\t\t\t\t\t\t<\/div>\n\t\t\t\t<\/div>\n\t\t\t\t\t<\/div>\n\t\t<\/div>\n\t\t\t\t<div class=\"elementor-column elementor-col-33 elementor-top-column elementor-element elementor-element-fa2ec13\" data-id=\"fa2ec13\" data-element_type=\"column\" data-e-type=\"column\">\n\t\t\t<div class=\"elementor-widget-wrap elementor-element-populated\">\n\t\t\t\t\t\t<div class=\"elementor-element elementor-element-c56de25 elementor-widget elementor-widget-image\" data-id=\"c56de25\" data-element_type=\"widget\" data-e-type=\"widget\" data-widget_type=\"image.default\">\n\t\t\t\t<div class=\"elementor-widget-container\">\n\t\t\t\t\t\t\t\t\t\t\t\t\t\t\t<img decoding=\"async\" width=\"576\" height=\"1024\" src=\"https:\/\/kwiatyimiut.pl\/wp-content\/uploads\/2025\/10\/kompozycja-nagrobna-576x1024.jpg\" class=\"attachment-large size-large wp-image-22986\" alt=\"\" srcset=\"https:\/\/kwiatyimiut.pl\/wp-content\/uploads\/2025\/10\/kompozycja-nagrobna-576x1024.jpg 576w, https:\/\/kwiatyimiut.pl\/wp-content\/uploads\/2025\/10\/kompozycja-nagrobna-169x300.jpg 169w, https:\/\/kwiatyimiut.pl\/wp-content\/uploads\/2025\/10\/kompozycja-nagrobna-768x1365.jpg 768w, https:\/\/kwiatyimiut.pl\/wp-content\/uploads\/2025\/10\/kompozycja-nagrobna-864x1536.jpg 864w, https:\/\/kwiatyimiut.pl\/wp-content\/uploads\/2025\/10\/kompozycja-nagrobna-1152x2048.jpg 1152w, https:\/\/kwiatyimiut.pl\/wp-content\/uploads\/2025\/10\/kompozycja-nagrobna-7x12.jpg 7w, https:\/\/kwiatyimiut.pl\/wp-content\/uploads\/2025\/10\/kompozycja-nagrobna-840x1493.jpg 840w, https:\/\/kwiatyimiut.pl\/wp-content\/uploads\/2025\/10\/kompozycja-nagrobna.jpg 1170w\" sizes=\"(max-width: 576px) 100vw, 576px\" \/>\t\t\t\t\t\t\t\t\t\t\t\t\t\t\t<\/div>\n\t\t\t\t<\/div>\n\t\t\t\t\t<\/div>\n\t\t<\/div>\n\t\t\t\t<div class=\"elementor-column elementor-col-33 elementor-top-column elementor-element elementor-element-e470e00\" data-id=\"e470e00\" data-element_type=\"column\" data-e-type=\"column\">\n\t\t\t<div class=\"elementor-widget-wrap elementor-element-populated\">\n\t\t\t\t\t\t<div class=\"elementor-element elementor-element-3e534da elementor-widget elementor-widget-image\" data-id=\"3e534da\" data-element_type=\"widget\" data-e-type=\"widget\" data-widget_type=\"image.default\">\n\t\t\t\t<div class=\"elementor-widget-container\">\n\t\t\t\t\t\t\t\t\t\t\t\t\t\t\t<img decoding=\"async\" width=\"576\" height=\"1024\" src=\"https:\/\/kwiatyimiut.pl\/wp-content\/uploads\/2025\/10\/wiazanka-kwiatowa-576x1024.jpg\" class=\"attachment-large size-large wp-image-22985\" alt=\"\" srcset=\"https:\/\/kwiatyimiut.pl\/wp-content\/uploads\/2025\/10\/wiazanka-kwiatowa-576x1024.jpg 576w, https:\/\/kwiatyimiut.pl\/wp-content\/uploads\/2025\/10\/wiazanka-kwiatowa-169x300.jpg 169w, https:\/\/kwiatyimiut.pl\/wp-content\/uploads\/2025\/10\/wiazanka-kwiatowa-768x1365.jpg 768w, https:\/\/kwiatyimiut.pl\/wp-content\/uploads\/2025\/10\/wiazanka-kwiatowa-864x1536.jpg 864w, https:\/\/kwiatyimiut.pl\/wp-content\/uploads\/2025\/10\/wiazanka-kwiatowa-1152x2048.jpg 1152w, https:\/\/kwiatyimiut.pl\/wp-content\/uploads\/2025\/10\/wiazanka-kwiatowa-7x12.jpg 7w, https:\/\/kwiatyimiut.pl\/wp-content\/uploads\/2025\/10\/wiazanka-kwiatowa-840x1493.jpg 840w, https:\/\/kwiatyimiut.pl\/wp-content\/uploads\/2025\/10\/wiazanka-kwiatowa.jpg 1170w\" sizes=\"(max-width: 576px) 100vw, 576px\" \/>\t\t\t\t\t\t\t\t\t\t\t\t\t\t\t<\/div>\n\t\t\t\t<\/div>\n\t\t\t\t\t<\/div>\n\t\t<\/div>\n\t\t\t\t\t<\/div>\n\t\t<\/section>\n\t\t\t\t<section class=\"elementor-section elementor-top-section elementor-element elementor-element-91384ec elementor-section-boxed elementor-section-height-default elementor-section-height-default\" data-id=\"91384ec\" data-element_type=\"section\" data-e-type=\"section\">\n\t\t\t\t\t\t<div class=\"elementor-container elementor-column-gap-default\">\n\t\t\t\t\t<div class=\"elementor-column elementor-col-100 elementor-top-column elementor-element elementor-element-1ffbf1c\" data-id=\"1ffbf1c\" data-element_type=\"column\" data-e-type=\"column\">\n\t\t\t<div class=\"elementor-widget-wrap elementor-element-populated\">\n\t\t\t\t\t\t<div class=\"elementor-element elementor-element-ee1abc0 elementor-widget elementor-widget-text-editor\" data-id=\"ee1abc0\" data-element_type=\"widget\" data-e-type=\"widget\" data-widget_type=\"text-editor.default\">\n\t\t\t\t<div class=\"elementor-widget-container\">\n\t\t\t\t\t\t\t\t\t<p>Wianek na mchu ozdobiony miechunk\u0105, ga\u0142\u0105zkami derenia, wilczomleczu i dzik\u0105 r\u00f3\u017c\u0105.<br \/>Kompozycja ze \u015bwiec\u0105 w szklanym naczyniu ze wst\u0105\u017ck\u0105.<\/p>\t\t\t\t\t\t\t\t<\/div>\n\t\t\t\t<\/div>\n\t\t\t\t\t<\/div>\n\t\t<\/div>\n\t\t\t\t\t<\/div>\n\t\t<\/section>\n\t\t\t\t<section class=\"elementor-section elementor-top-section elementor-element elementor-element-711fc19 elementor-section-boxed elementor-section-height-default elementor-section-height-default\" data-id=\"711fc19\" data-element_type=\"section\" data-e-type=\"section\">\n\t\t\t\t\t\t<div class=\"elementor-container elementor-column-gap-default\">\n\t\t\t\t\t<div class=\"elementor-column elementor-col-100 elementor-top-column elementor-element elementor-element-33c700f\" data-id=\"33c700f\" data-element_type=\"column\" data-e-type=\"column\">\n\t\t\t<div class=\"elementor-widget-wrap elementor-element-populated\">\n\t\t\t\t\t\t<div class=\"elementor-element elementor-element-e6708f4 elementor-widget elementor-widget-image\" data-id=\"e6708f4\" data-element_type=\"widget\" data-e-type=\"widget\" data-widget_type=\"image.default\">\n\t\t\t\t<div class=\"elementor-widget-container\">\n\t\t\t\t\t\t\t\t\t\t\t\t\t\t\t\t<a href=\"https:\/\/kwiatyimiut.pl\/en\/product\/wianek-nagrobny\/\">\n\t\t\t\t\t\t\t<img decoding=\"async\" src=\"https:\/\/kwiatyimiut.pl\/wp-content\/uploads\/2025\/10\/392A9985-scaled.jpg\" title=\"\" alt=\"\" loading=\"lazy\" \/>\t\t\t\t\t\t\t\t<\/a>\n\t\t\t\t\t\t\t\t\t\t\t\t\t\t\t<\/div>\n\t\t\t\t<\/div>\n\t\t\t\t\t<\/div>\n\t\t<\/div>\n\t\t\t\t\t<\/div>\n\t\t<\/section>\n\t\t\t\t<\/div>","protected":false},"excerpt":{"rendered":"<p>Zam\u00f3wienie na wie\u0144ce, kwiatowe wi\u0105zanki i kompozycje nagrobne przyjmujemy pod numerem 501407882. Wianek na mchu ozdobiony miechunk\u0105, ga\u0142\u0105zkami derenia, wilczomleczu i dzik\u0105 r\u00f3\u017c\u0105.Kompozycja ze \u015bwiec\u0105 w szklanym naczyniu ze wst\u0105\u017ck\u0105.<\/p>","protected":false},"author":4244,"featured_media":0,"parent":0,"menu_order":0,"comment_status":"closed","ping_status":"closed","template":"","meta":{"footnotes":""},"class_list":["post-22997","page","type-page","status-publish","hentry"],"_links":{"self":[{"href":"https:\/\/kwiatyimiut.pl\/en\/wp-json\/wp\/v2\/pages\/22997","targetHints":{"allow":["GET"]}}],"collection":[{"href":"https:\/\/kwiatyimiut.pl\/en\/wp-json\/wp\/v2\/pages"}],"about":[{"href":"https:\/\/kwiatyimiut.pl\/en\/wp-json\/wp\/v2\/types\/page"}],"author":[{"embeddable":true,"href":"https:\/\/kwiatyimiut.pl\/en\/wp-json\/wp\/v2\/users\/4244"}],"replies":[{"embeddable":true,"href":"https:\/\/kwiatyimiut.pl\/en\/wp-json\/wp\/v2\/comments?post=22997"}],"version-history":[{"count":5,"href":"https:\/\/kwiatyimiut.pl\/en\/wp-json\/wp\/v2\/pages\/22997\/revisions"}],"predecessor-version":[{"id":23013,"href":"https:\/\/kwiatyimiut.pl\/en\/wp-json\/wp\/v2\/pages\/22997\/revisions\/23013"}],"wp:attachment":[{"href":"https:\/\/kwiatyimiut.pl\/en\/wp-json\/wp\/v2\/media?parent=22997"}],"curies":[{"name":"wp","href":"https:\/\/api.w.org\/{rel}","templated":true}]}}