{"id":23633,"date":"2026-01-15T11:32:03","date_gmt":"2026-01-15T10:32:03","guid":{"rendered":"https:\/\/kwiatyimiut.pl\/?page_id=23633"},"modified":"2026-03-11T10:37:25","modified_gmt":"2026-03-11T09:37:25","slug":"zamow-kwiaty","status":"publish","type":"page","link":"https:\/\/kwiatyimiut.pl\/en\/zamow-kwiaty\/","title":{"rendered":"Zam\u00f3w kwiaty"},"content":{"rendered":"<div class=\"wpb-content-wrapper\"><div class=\"vc_row wpb_row vc_row-fluid\"><div class=\"wpb_column vc_column_container vc_col-sm-12\"><div class=\"vc_column-inner\"><div class=\"wpb_wrapper\">\n\t<div class=\"wpb_text_column wpb_content_element\" >\n\t\t<div class=\"wpb_wrapper\">\n\t\t\t<p style=\"text-align: center;\">Je\u015bli chcesz zam\u00f3wi\u0107 kwiaty z odbiorem osobistym w naszej kwiaciarni zadzwo\u0144 lub napisz maila do nas.<\/p>\n\n\t\t<\/div>\n\t<\/div>\n<div class=\"vc_row wpb_row vc_inner vc_row-fluid\"><div class=\"wpb_column vc_column_container vc_col-sm-3\"><div class=\"vc_column-inner\"><div class=\"wpb_wrapper\"><\/div><\/div><\/div><div class=\"wpb_column vc_column_container vc_col-sm-3\"><div class=\"vc_column-inner\"><div class=\"wpb_wrapper\"><div class=\"konte-icon-box icon-type-fontawesome box-align-center\">\n\t\t\t\t<div class=\"konte-icon-box__icon\"><i class=\"fas fa-phone\"><\/i><\/div>\n\t\t\t\t<h4 class=\"konte-icon-box__title\" >tel. 501 407 882<\/h4>\n\t\t\t\t<div class=\"konte-icon-box__content\"><\/div>\n\t\t\t<\/div><\/div><\/div><\/div><div class=\"wpb_column vc_column_container vc_col-sm-3\"><div class=\"vc_column-inner\"><div class=\"wpb_wrapper\"><div class=\"konte-icon-box icon-type-fontawesome box-align-center\">\n\t\t\t\t<div class=\"konte-icon-box__icon\"><i class=\"fas fa-envelope\"><\/i><\/div>\n\t\t\t\t<h4 class=\"konte-icon-box__title\" >jezyce@kwiatyimiut.pl<\/h4>\n\t\t\t\t<div class=\"konte-icon-box__content\"><\/div>\n\t\t\t<\/div><\/div><\/div><\/div><div class=\"wpb_column vc_column_container vc_col-sm-3\"><div class=\"vc_column-inner\"><div class=\"wpb_wrapper\"><\/div><\/div><\/div><\/div><\/div><\/div><\/div><\/div><div data-vc-full-width=\"true\" data-vc-full-width-temp=\"true\" data-vc-full-width-init=\"false\" data-vc-stretch-content=\"true\" class=\"vc_row wpb_row vc_row-fluid company-partners vc_row-no-padding vc_row-o-content-middle vc_row-flex\"><div class=\"wpb_column vc_column_container vc_col-sm-1\/5\"><div class=\"vc_column-inner\"><div class=\"wpb_wrapper\">\n\t<div  class=\"wpb_single_image wpb_content_element vc_align_right wpb_content_element\">\n\t\t\n\t\t<figure class=\"wpb_wrapper vc_figure\">\n\t\t\t<div class=\"vc_single_image-wrapper   vc_box_border_grey\"><img fetchpriority=\"high\" decoding=\"async\" width=\"1440\" height=\"1646\" src=\"https:\/\/kwiatyimiut.pl\/wp-content\/uploads\/2026\/01\/9.jpg\" class=\"vc_single_image-img attachment-full\" alt=\"\" title=\"9\" srcset=\"https:\/\/kwiatyimiut.pl\/wp-content\/uploads\/2026\/01\/9.jpg 1440w, https:\/\/kwiatyimiut.pl\/wp-content\/uploads\/2026\/01\/9-262x300.jpg 262w, https:\/\/kwiatyimiut.pl\/wp-content\/uploads\/2026\/01\/9-896x1024.jpg 896w, https:\/\/kwiatyimiut.pl\/wp-content\/uploads\/2026\/01\/9-768x878.jpg 768w, https:\/\/kwiatyimiut.pl\/wp-content\/uploads\/2026\/01\/9-1344x1536.jpg 1344w, https:\/\/kwiatyimiut.pl\/wp-content\/uploads\/2026\/01\/9-10x12.jpg 10w, https:\/\/kwiatyimiut.pl\/wp-content\/uploads\/2026\/01\/9-840x960.jpg 840w\" sizes=\"(max-width: 1440px) 100vw, 1440px\" \/><\/div>\n\t\t<\/figure>\n\t<\/div>\n<\/div><\/div><\/div><div class=\"wpb_column vc_column_container vc_col-sm-1\/5\"><div class=\"vc_column-inner\"><div class=\"wpb_wrapper\">\n\t<div  class=\"wpb_single_image wpb_content_element vc_align_center wpb_content_element\">\n\t\t\n\t\t<figure class=\"wpb_wrapper vc_figure\">\n\t\t\t<div class=\"vc_single_image-wrapper   vc_box_border_grey\"><img decoding=\"async\" width=\"1440\" height=\"1646\" src=\"https:\/\/kwiatyimiut.pl\/wp-content\/uploads\/2026\/01\/1.jpg\" class=\"vc_single_image-img attachment-full\" alt=\"\" title=\"1\" srcset=\"https:\/\/kwiatyimiut.pl\/wp-content\/uploads\/2026\/01\/1.jpg 1440w, https:\/\/kwiatyimiut.pl\/wp-content\/uploads\/2026\/01\/1-262x300.jpg 262w, https:\/\/kwiatyimiut.pl\/wp-content\/uploads\/2026\/01\/1-896x1024.jpg 896w, https:\/\/kwiatyimiut.pl\/wp-content\/uploads\/2026\/01\/1-768x878.jpg 768w, https:\/\/kwiatyimiut.pl\/wp-content\/uploads\/2026\/01\/1-1344x1536.jpg 1344w, https:\/\/kwiatyimiut.pl\/wp-content\/uploads\/2026\/01\/1-10x12.jpg 10w, https:\/\/kwiatyimiut.pl\/wp-content\/uploads\/2026\/01\/1-840x960.jpg 840w\" sizes=\"(max-width: 1440px) 100vw, 1440px\" \/><\/div>\n\t\t<\/figure>\n\t<\/div>\n<\/div><\/div><\/div><div class=\"wpb_column vc_column_container vc_col-sm-1\/5\"><div class=\"vc_column-inner\"><div class=\"wpb_wrapper\">\n\t<div  class=\"wpb_single_image wpb_content_element vc_align_center wpb_content_element\">\n\t\t\n\t\t<figure class=\"wpb_wrapper vc_figure\">\n\t\t\t<div class=\"vc_single_image-wrapper   vc_box_border_grey\"><img decoding=\"async\" width=\"1440\" height=\"1646\" src=\"https:\/\/kwiatyimiut.pl\/wp-content\/uploads\/2026\/01\/4.jpg\" class=\"vc_single_image-img attachment-full\" alt=\"\" title=\"4\" srcset=\"https:\/\/kwiatyimiut.pl\/wp-content\/uploads\/2026\/01\/4.jpg 1440w, https:\/\/kwiatyimiut.pl\/wp-content\/uploads\/2026\/01\/4-262x300.jpg 262w, https:\/\/kwiatyimiut.pl\/wp-content\/uploads\/2026\/01\/4-896x1024.jpg 896w, https:\/\/kwiatyimiut.pl\/wp-content\/uploads\/2026\/01\/4-768x878.jpg 768w, https:\/\/kwiatyimiut.pl\/wp-content\/uploads\/2026\/01\/4-1344x1536.jpg 1344w, https:\/\/kwiatyimiut.pl\/wp-content\/uploads\/2026\/01\/4-10x12.jpg 10w, https:\/\/kwiatyimiut.pl\/wp-content\/uploads\/2026\/01\/4-840x960.jpg 840w\" sizes=\"(max-width: 1440px) 100vw, 1440px\" \/><\/div>\n\t\t<\/figure>\n\t<\/div>\n<\/div><\/div><\/div><div class=\"wpb_column vc_column_container vc_col-sm-1\/5\"><div class=\"vc_column-inner\"><div class=\"wpb_wrapper\">\n\t<div  class=\"wpb_single_image wpb_content_element vc_align_left wpb_content_element\">\n\t\t\n\t\t<figure class=\"wpb_wrapper vc_figure\">\n\t\t\t<div class=\"vc_single_image-wrapper   vc_box_border_grey\"><img loading=\"lazy\" decoding=\"async\" width=\"1440\" height=\"1646\" src=\"https:\/\/kwiatyimiut.pl\/wp-content\/uploads\/2026\/01\/8.jpg\" class=\"vc_single_image-img attachment-full\" alt=\"\" title=\"8\" srcset=\"https:\/\/kwiatyimiut.pl\/wp-content\/uploads\/2026\/01\/8.jpg 1440w, https:\/\/kwiatyimiut.pl\/wp-content\/uploads\/2026\/01\/8-262x300.jpg 262w, https:\/\/kwiatyimiut.pl\/wp-content\/uploads\/2026\/01\/8-896x1024.jpg 896w, https:\/\/kwiatyimiut.pl\/wp-content\/uploads\/2026\/01\/8-768x878.jpg 768w, https:\/\/kwiatyimiut.pl\/wp-content\/uploads\/2026\/01\/8-1344x1536.jpg 1344w, https:\/\/kwiatyimiut.pl\/wp-content\/uploads\/2026\/01\/8-10x12.jpg 10w, https:\/\/kwiatyimiut.pl\/wp-content\/uploads\/2026\/01\/8-840x960.jpg 840w\" sizes=\"(max-width: 1440px) 100vw, 1440px\" \/><\/div>\n\t\t<\/figure>\n\t<\/div>\n<\/div><\/div><\/div><div class=\"wpb_column vc_column_container vc_col-sm-1\/5\"><div class=\"vc_column-inner\"><div class=\"wpb_wrapper\">\n\t<div  class=\"wpb_single_image wpb_content_element vc_align_center wpb_content_element\">\n\t\t\n\t\t<figure class=\"wpb_wrapper vc_figure\">\n\t\t\t<div class=\"vc_single_image-wrapper   vc_box_border_grey\"><img loading=\"lazy\" decoding=\"async\" width=\"1440\" height=\"1646\" src=\"https:\/\/kwiatyimiut.pl\/wp-content\/uploads\/2026\/01\/3.jpg\" class=\"vc_single_image-img attachment-full\" alt=\"\" title=\"3\" srcset=\"https:\/\/kwiatyimiut.pl\/wp-content\/uploads\/2026\/01\/3.jpg 1440w, https:\/\/kwiatyimiut.pl\/wp-content\/uploads\/2026\/01\/3-262x300.jpg 262w, https:\/\/kwiatyimiut.pl\/wp-content\/uploads\/2026\/01\/3-896x1024.jpg 896w, https:\/\/kwiatyimiut.pl\/wp-content\/uploads\/2026\/01\/3-768x878.jpg 768w, https:\/\/kwiatyimiut.pl\/wp-content\/uploads\/2026\/01\/3-1344x1536.jpg 1344w, https:\/\/kwiatyimiut.pl\/wp-content\/uploads\/2026\/01\/3-10x12.jpg 10w, https:\/\/kwiatyimiut.pl\/wp-content\/uploads\/2026\/01\/3-840x960.jpg 840w\" sizes=\"(max-width: 1440px) 100vw, 1440px\" \/><\/div>\n\t\t<\/figure>\n\t<\/div>\n<\/div><\/div><\/div><\/div><div class=\"vc_row-full-width vc_clearfix\"><\/div><div class=\"vc_row wpb_row vc_row-fluid\"><div class=\"wpb_column vc_column_container vc_col-sm-12\"><div class=\"vc_column-inner\"><div class=\"wpb_wrapper\">\n\t<div class=\"wpb_text_column wpb_content_element\" >\n\t\t<div class=\"wpb_wrapper\">\n\t\t\t<p>Zam\u00f3w <a href=\"https:\/\/kwiatyimiut.pl\/en\/kwiatowy-kurier-poznan\/\">KWIATOWEGO KURIERA<\/a> na terenie Poznania i okolic.<\/p>\n\n\t\t<\/div>\n\t<\/div>\n<\/div><\/div><\/div><\/div>\n<\/div>","protected":false},"excerpt":{"rendered":"Je\u015bli chcesz zam\u00f3wi\u0107 kwiaty z odbiorem osobistym w naszej kwiaciarni zadzwo\u0144 lub napisz maila do nas. tel. 501 407 882 jezyce@kwiatyimiut.pl Zam\u00f3w KWIATOWEGO KURIERA na terenie Poznania i okolic.","protected":false},"author":4244,"featured_media":23622,"parent":0,"menu_order":0,"comment_status":"closed","ping_status":"closed","template":"","meta":{"footnotes":""},"class_list":["post-23633","page","type-page","status-publish","has-post-thumbnail","hentry"],"_links":{"self":[{"href":"https:\/\/kwiatyimiut.pl\/en\/wp-json\/wp\/v2\/pages\/23633","targetHints":{"allow":["GET"]}}],"collection":[{"href":"https:\/\/kwiatyimiut.pl\/en\/wp-json\/wp\/v2\/pages"}],"about":[{"href":"https:\/\/kwiatyimiut.pl\/en\/wp-json\/wp\/v2\/types\/page"}],"author":[{"embeddable":true,"href":"https:\/\/kwiatyimiut.pl\/en\/wp-json\/wp\/v2\/users\/4244"}],"replies":[{"embeddable":true,"href":"https:\/\/kwiatyimiut.pl\/en\/wp-json\/wp\/v2\/comments?post=23633"}],"version-history":[{"count":5,"href":"https:\/\/kwiatyimiut.pl\/en\/wp-json\/wp\/v2\/pages\/23633\/revisions"}],"predecessor-version":[{"id":23880,"href":"https:\/\/kwiatyimiut.pl\/en\/wp-json\/wp\/v2\/pages\/23633\/revisions\/23880"}],"wp:featuredmedia":[{"embeddable":true,"href":"https:\/\/kwiatyimiut.pl\/en\/wp-json\/wp\/v2\/media\/23622"}],"wp:attachment":[{"href":"https:\/\/kwiatyimiut.pl\/en\/wp-json\/wp\/v2\/media?parent=23633"}],"curies":[{"name":"wp","href":"https:\/\/api.w.org\/{rel}","templated":true}]}}