{"id":24034,"date":"2026-04-15T11:07:44","date_gmt":"2026-04-15T09:07:44","guid":{"rendered":"https:\/\/kwiatyimiut.pl\/?page_id=24034"},"modified":"2026-04-15T13:20:51","modified_gmt":"2026-04-15T11:20:51","slug":"o-mnie","status":"publish","type":"page","link":"https:\/\/kwiatyimiut.pl\/en\/o-mnie\/","title":{"rendered":"About"},"content":{"rendered":"<div data-elementor-type=\"wp-page\" data-elementor-id=\"24034\" class=\"elementor elementor-24034\">\n\t\t\t\t\t\t<section class=\"elementor-section elementor-top-section elementor-element elementor-element-d574211 elementor-section-boxed elementor-section-height-default elementor-section-height-default\" data-id=\"d574211\" data-element_type=\"section\" data-e-type=\"section\">\n\t\t\t\t\t\t<div class=\"elementor-container elementor-column-gap-default\">\n\t\t\t\t\t<div class=\"elementor-column elementor-col-50 elementor-top-column elementor-element elementor-element-ced8a44\" data-id=\"ced8a44\" data-element_type=\"column\" data-e-type=\"column\">\n\t\t\t<div class=\"elementor-widget-wrap elementor-element-populated\">\n\t\t\t\t\t\t<div class=\"elementor-element elementor-element-b083177 elementor-widget elementor-widget-image\" data-id=\"b083177\" data-element_type=\"widget\" data-e-type=\"widget\" data-widget_type=\"image.default\">\n\t\t\t\t<div class=\"elementor-widget-container\">\n\t\t\t\t\t\t\t\t\t\t\t\t\t\t\t<img fetchpriority=\"high\" decoding=\"async\" width=\"683\" height=\"1024\" src=\"https:\/\/kwiatyimiut.pl\/wp-content\/uploads\/2026\/04\/kwiatyimiut01-2-683x1024.jpg\" class=\"attachment-large size-large wp-image-24020\" alt=\"\" srcset=\"https:\/\/kwiatyimiut.pl\/wp-content\/uploads\/2026\/04\/kwiatyimiut01-2-683x1024.jpg 683w, https:\/\/kwiatyimiut.pl\/wp-content\/uploads\/2026\/04\/kwiatyimiut01-2-200x300.jpg 200w, https:\/\/kwiatyimiut.pl\/wp-content\/uploads\/2026\/04\/kwiatyimiut01-2-768x1152.jpg 768w, https:\/\/kwiatyimiut.pl\/wp-content\/uploads\/2026\/04\/kwiatyimiut01-2-1024x1536.jpg 1024w, https:\/\/kwiatyimiut.pl\/wp-content\/uploads\/2026\/04\/kwiatyimiut01-2-1365x2048.jpg 1365w, https:\/\/kwiatyimiut.pl\/wp-content\/uploads\/2026\/04\/kwiatyimiut01-2-8x12.jpg 8w, https:\/\/kwiatyimiut.pl\/wp-content\/uploads\/2026\/04\/kwiatyimiut01-2-840x1260.jpg 840w, https:\/\/kwiatyimiut.pl\/wp-content\/uploads\/2026\/04\/kwiatyimiut01-2-scaled.jpg 1707w\" sizes=\"(max-width: 683px) 100vw, 683px\" \/>\t\t\t\t\t\t\t\t\t\t\t\t\t\t\t<\/div>\n\t\t\t\t<\/div>\n\t\t\t\t\t<\/div>\n\t\t<\/div>\n\t\t\t\t<div class=\"elementor-column elementor-col-50 elementor-top-column elementor-element elementor-element-d979200\" data-id=\"d979200\" data-element_type=\"column\" data-e-type=\"column\">\n\t\t\t<div class=\"elementor-widget-wrap elementor-element-populated\">\n\t\t\t\t\t\t<div class=\"elementor-element elementor-element-a520e64 elementor-widget elementor-widget-text-editor\" data-id=\"a520e64\" data-element_type=\"widget\" data-e-type=\"widget\" data-widget_type=\"text-editor.default\">\n\t\t\t\t<div class=\"elementor-widget-container\">\n\t\t\t\t\t\t\t\t\t<h5 class=\"p1 translation-block\">\u0141ukasz Marcinkowski - owner of the company \"Papaver\" and the flower shop \"Kwiaty i Miut\" in Pozna\u0144. An interior designer and florist with 25 years of experience. Co-author of the books \"Elementarz kwiatowy\", \"O ro\u015blinach\", and \"O kwiatach\". He runs a farm where he grows plants organically, without the use of chemicals. On its grounds, he has established a school where he teaches florists and flower enthusiasts how to create bouquets and floral arrangements. He creates original scenography, plant installations, interior designs, and exhibition arrangements.<\/h5>\t\t\t\t\t\t\t\t<\/div>\n\t\t\t\t<\/div>\n\t\t\t\t\t<\/div>\n\t\t<\/div>\n\t\t\t\t\t<\/div>\n\t\t<\/section>\n\t\t\t\t<section class=\"elementor-section elementor-top-section elementor-element elementor-element-6056ba2 elementor-section-boxed elementor-section-height-default elementor-section-height-default\" data-id=\"6056ba2\" data-element_type=\"section\" data-e-type=\"section\">\n\t\t\t\t\t\t<div class=\"elementor-container elementor-column-gap-default\">\n\t\t\t\t\t<div class=\"elementor-column elementor-col-50 elementor-top-column elementor-element elementor-element-6829572\" data-id=\"6829572\" data-element_type=\"column\" data-e-type=\"column\">\n\t\t\t<div class=\"elementor-widget-wrap elementor-element-populated\">\n\t\t\t\t\t\t<div class=\"elementor-element elementor-element-2805c36 elementor-widget elementor-widget-image\" data-id=\"2805c36\" data-element_type=\"widget\" data-e-type=\"widget\" data-widget_type=\"image.default\">\n\t\t\t\t<div class=\"elementor-widget-container\">\n\t\t\t\t\t\t\t\t\t\t\t\t<figure class=\"wp-caption\">\n\t\t\t\t\t\t\t\t\t\t<img decoding=\"async\" width=\"683\" height=\"1024\" src=\"https:\/\/kwiatyimiut.pl\/wp-content\/uploads\/2026\/04\/392A1780-2-683x1024.jpg\" class=\"attachment-large size-large wp-image-24021\" alt=\"\" srcset=\"https:\/\/kwiatyimiut.pl\/wp-content\/uploads\/2026\/04\/392A1780-2-683x1024.jpg 683w, https:\/\/kwiatyimiut.pl\/wp-content\/uploads\/2026\/04\/392A1780-2-200x300.jpg 200w, https:\/\/kwiatyimiut.pl\/wp-content\/uploads\/2026\/04\/392A1780-2-768x1152.jpg 768w, https:\/\/kwiatyimiut.pl\/wp-content\/uploads\/2026\/04\/392A1780-2-1024x1536.jpg 1024w, https:\/\/kwiatyimiut.pl\/wp-content\/uploads\/2026\/04\/392A1780-2-1365x2048.jpg 1365w, https:\/\/kwiatyimiut.pl\/wp-content\/uploads\/2026\/04\/392A1780-2-8x12.jpg 8w, https:\/\/kwiatyimiut.pl\/wp-content\/uploads\/2026\/04\/392A1780-2-840x1260.jpg 840w, https:\/\/kwiatyimiut.pl\/wp-content\/uploads\/2026\/04\/392A1780-2-scaled.jpg 1707w\" sizes=\"(max-width: 683px) 100vw, 683px\" \/>\t\t\t\t\t\t\t\t\t\t\t<figcaption class=\"widget-image-caption wp-caption-text\">Zieta Studio w galerii Pracownia Vzory<\/figcaption>\n\t\t\t\t\t\t\t\t\t\t<\/figure>\n\t\t\t\t\t\t\t\t\t<\/div>\n\t\t\t\t<\/div>\n\t\t\t\t<div class=\"elementor-element elementor-element-69c68c9 elementor-widget elementor-widget-image\" data-id=\"69c68c9\" data-element_type=\"widget\" data-e-type=\"widget\" data-widget_type=\"image.default\">\n\t\t\t\t<div class=\"elementor-widget-container\">\n\t\t\t\t\t\t\t\t\t\t\t\t<figure class=\"wp-caption\">\n\t\t\t\t\t\t\t\t\t\t<img decoding=\"async\" width=\"683\" height=\"1024\" src=\"https:\/\/kwiatyimiut.pl\/wp-content\/uploads\/2026\/04\/desire_paths_01-2-683x1024.jpg\" class=\"attachment-large size-large wp-image-24022\" alt=\"\" srcset=\"https:\/\/kwiatyimiut.pl\/wp-content\/uploads\/2026\/04\/desire_paths_01-2-683x1024.jpg 683w, https:\/\/kwiatyimiut.pl\/wp-content\/uploads\/2026\/04\/desire_paths_01-2-200x300.jpg 200w, https:\/\/kwiatyimiut.pl\/wp-content\/uploads\/2026\/04\/desire_paths_01-2-768x1152.jpg 768w, https:\/\/kwiatyimiut.pl\/wp-content\/uploads\/2026\/04\/desire_paths_01-2-1024x1536.jpg 1024w, https:\/\/kwiatyimiut.pl\/wp-content\/uploads\/2026\/04\/desire_paths_01-2-1365x2048.jpg 1365w, https:\/\/kwiatyimiut.pl\/wp-content\/uploads\/2026\/04\/desire_paths_01-2-8x12.jpg 8w, https:\/\/kwiatyimiut.pl\/wp-content\/uploads\/2026\/04\/desire_paths_01-2-840x1260.jpg 840w, https:\/\/kwiatyimiut.pl\/wp-content\/uploads\/2026\/04\/desire_paths_01-2-scaled.jpg 1707w\" sizes=\"(max-width: 683px) 100vw, 683px\" \/>\t\t\t\t\t\t\t\t\t\t\t<figcaption class=\"widget-image-caption wp-caption-text\">Desire Paths w galerii Pracownia Vzory<\/figcaption>\n\t\t\t\t\t\t\t\t\t\t<\/figure>\n\t\t\t\t\t\t\t\t\t<\/div>\n\t\t\t\t<\/div>\n\t\t\t\t<div class=\"elementor-element elementor-element-dba3abf elementor-widget elementor-widget-image\" data-id=\"dba3abf\" data-element_type=\"widget\" data-e-type=\"widget\" data-widget_type=\"image.default\">\n\t\t\t\t<div class=\"elementor-widget-container\">\n\t\t\t\t\t\t\t\t\t\t\t\t<figure class=\"wp-caption\">\n\t\t\t\t\t\t\t\t\t\t<img loading=\"lazy\" decoding=\"async\" width=\"683\" height=\"1024\" src=\"https:\/\/kwiatyimiut.pl\/wp-content\/uploads\/2026\/04\/kwiatyimiut06-2-683x1024.jpg\" class=\"attachment-large size-large wp-image-24023\" alt=\"\" srcset=\"https:\/\/kwiatyimiut.pl\/wp-content\/uploads\/2026\/04\/kwiatyimiut06-2-683x1024.jpg 683w, https:\/\/kwiatyimiut.pl\/wp-content\/uploads\/2026\/04\/kwiatyimiut06-2-200x300.jpg 200w, https:\/\/kwiatyimiut.pl\/wp-content\/uploads\/2026\/04\/kwiatyimiut06-2-768x1152.jpg 768w, https:\/\/kwiatyimiut.pl\/wp-content\/uploads\/2026\/04\/kwiatyimiut06-2-1024x1536.jpg 1024w, https:\/\/kwiatyimiut.pl\/wp-content\/uploads\/2026\/04\/kwiatyimiut06-2-1365x2048.jpg 1365w, https:\/\/kwiatyimiut.pl\/wp-content\/uploads\/2026\/04\/kwiatyimiut06-2-8x12.jpg 8w, https:\/\/kwiatyimiut.pl\/wp-content\/uploads\/2026\/04\/kwiatyimiut06-2-840x1260.jpg 840w, https:\/\/kwiatyimiut.pl\/wp-content\/uploads\/2026\/04\/kwiatyimiut06-2-scaled.jpg 1707w\" sizes=\"(max-width: 683px) 100vw, 683px\" \/>\t\t\t\t\t\t\t\t\t\t\t<figcaption class=\"widget-image-caption wp-caption-text\">Aran\u017cacja \u015blubna w Polna Zdr\u00f3j <\/figcaption>\n\t\t\t\t\t\t\t\t\t\t<\/figure>\n\t\t\t\t\t\t\t\t\t<\/div>\n\t\t\t\t<\/div>\n\t\t\t\t\t<\/div>\n\t\t<\/div>\n\t\t\t\t<div class=\"elementor-column elementor-col-50 elementor-top-column elementor-element elementor-element-6dc833b\" data-id=\"6dc833b\" data-element_type=\"column\" data-e-type=\"column\">\n\t\t\t<div class=\"elementor-widget-wrap elementor-element-populated\">\n\t\t\t\t\t\t<div class=\"elementor-element elementor-element-138b236 elementor-widget elementor-widget-image\" data-id=\"138b236\" data-element_type=\"widget\" data-e-type=\"widget\" data-widget_type=\"image.default\">\n\t\t\t\t<div class=\"elementor-widget-container\">\n\t\t\t\t\t\t\t\t\t\t\t\t<figure class=\"wp-caption\">\n\t\t\t\t\t\t\t\t\t\t<img loading=\"lazy\" decoding=\"async\" width=\"683\" height=\"1024\" src=\"https:\/\/kwiatyimiut.pl\/wp-content\/uploads\/2026\/04\/392A9244-2-683x1024.jpg\" class=\"attachment-large size-large wp-image-24024\" alt=\"\" srcset=\"https:\/\/kwiatyimiut.pl\/wp-content\/uploads\/2026\/04\/392A9244-2-683x1024.jpg 683w, https:\/\/kwiatyimiut.pl\/wp-content\/uploads\/2026\/04\/392A9244-2-200x300.jpg 200w, https:\/\/kwiatyimiut.pl\/wp-content\/uploads\/2026\/04\/392A9244-2-768x1152.jpg 768w, https:\/\/kwiatyimiut.pl\/wp-content\/uploads\/2026\/04\/392A9244-2-1024x1536.jpg 1024w, https:\/\/kwiatyimiut.pl\/wp-content\/uploads\/2026\/04\/392A9244-2-1365x2048.jpg 1365w, https:\/\/kwiatyimiut.pl\/wp-content\/uploads\/2026\/04\/392A9244-2-8x12.jpg 8w, https:\/\/kwiatyimiut.pl\/wp-content\/uploads\/2026\/04\/392A9244-2-840x1260.jpg 840w, https:\/\/kwiatyimiut.pl\/wp-content\/uploads\/2026\/04\/392A9244-2-scaled.jpg 1707w\" sizes=\"(max-width: 683px) 100vw, 683px\" \/>\t\t\t\t\t\t\t\t\t\t\t<figcaption class=\"widget-image-caption wp-caption-text\">Aran\u017cacja \u015blubna w Bia\u0142a Wst\u0105\u017cka<\/figcaption>\n\t\t\t\t\t\t\t\t\t\t<\/figure>\n\t\t\t\t\t\t\t\t\t<\/div>\n\t\t\t\t<\/div>\n\t\t\t\t<div class=\"elementor-element elementor-element-9e73130 elementor-widget elementor-widget-image\" data-id=\"9e73130\" data-element_type=\"widget\" data-e-type=\"widget\" data-widget_type=\"image.default\">\n\t\t\t\t<div class=\"elementor-widget-container\">\n\t\t\t\t\t\t\t\t\t\t\t\t<figure class=\"wp-caption\">\n\t\t\t\t\t\t\t\t\t\t<img loading=\"lazy\" decoding=\"async\" width=\"683\" height=\"1024\" src=\"https:\/\/kwiatyimiut.pl\/wp-content\/uploads\/2026\/04\/392A0258-2-683x1024.jpg\" class=\"attachment-large size-large wp-image-24035\" alt=\"\" srcset=\"https:\/\/kwiatyimiut.pl\/wp-content\/uploads\/2026\/04\/392A0258-2-683x1024.jpg 683w, https:\/\/kwiatyimiut.pl\/wp-content\/uploads\/2026\/04\/392A0258-2-200x300.jpg 200w, https:\/\/kwiatyimiut.pl\/wp-content\/uploads\/2026\/04\/392A0258-2-768x1152.jpg 768w, https:\/\/kwiatyimiut.pl\/wp-content\/uploads\/2026\/04\/392A0258-2-1024x1536.jpg 1024w, https:\/\/kwiatyimiut.pl\/wp-content\/uploads\/2026\/04\/392A0258-2-1365x2048.jpg 1365w, https:\/\/kwiatyimiut.pl\/wp-content\/uploads\/2026\/04\/392A0258-2-8x12.jpg 8w, https:\/\/kwiatyimiut.pl\/wp-content\/uploads\/2026\/04\/392A0258-2-840x1260.jpg 840w, https:\/\/kwiatyimiut.pl\/wp-content\/uploads\/2026\/04\/392A0258-2-scaled.jpg 1707w\" sizes=\"(max-width: 683px) 100vw, 683px\" \/>\t\t\t\t\t\t\t\t\t\t\t<figcaption class=\"widget-image-caption wp-caption-text\">Set design<\/figcaption>\n\t\t\t\t\t\t\t\t\t\t<\/figure>\n\t\t\t\t\t\t\t\t\t<\/div>\n\t\t\t\t<\/div>\n\t\t\t\t<div class=\"elementor-element elementor-element-eb09a60 elementor-widget elementor-widget-image\" data-id=\"eb09a60\" data-element_type=\"widget\" data-e-type=\"widget\" data-widget_type=\"image.default\">\n\t\t\t\t<div class=\"elementor-widget-container\">\n\t\t\t\t\t\t\t\t\t\t\t\t<figure class=\"wp-caption\">\n\t\t\t\t\t\t\t\t\t\t<img loading=\"lazy\" decoding=\"async\" width=\"683\" height=\"1024\" src=\"https:\/\/kwiatyimiut.pl\/wp-content\/uploads\/2026\/04\/392A9994-2-683x1024.jpg\" class=\"attachment-large size-large wp-image-24025\" alt=\"\" srcset=\"https:\/\/kwiatyimiut.pl\/wp-content\/uploads\/2026\/04\/392A9994-2-683x1024.jpg 683w, https:\/\/kwiatyimiut.pl\/wp-content\/uploads\/2026\/04\/392A9994-2-200x300.jpg 200w, https:\/\/kwiatyimiut.pl\/wp-content\/uploads\/2026\/04\/392A9994-2-768x1152.jpg 768w, https:\/\/kwiatyimiut.pl\/wp-content\/uploads\/2026\/04\/392A9994-2-1024x1536.jpg 1024w, https:\/\/kwiatyimiut.pl\/wp-content\/uploads\/2026\/04\/392A9994-2-1365x2048.jpg 1365w, https:\/\/kwiatyimiut.pl\/wp-content\/uploads\/2026\/04\/392A9994-2-8x12.jpg 8w, https:\/\/kwiatyimiut.pl\/wp-content\/uploads\/2026\/04\/392A9994-2-840x1260.jpg 840w, https:\/\/kwiatyimiut.pl\/wp-content\/uploads\/2026\/04\/392A9994-2-scaled.jpg 1707w\" sizes=\"(max-width: 683px) 100vw, 683px\" \/>\t\t\t\t\t\t\t\t\t\t\t<figcaption class=\"widget-image-caption wp-caption-text\">Instalacja ro\u015blinna w Schlebia\u0107<\/figcaption>\n\t\t\t\t\t\t\t\t\t\t<\/figure>\n\t\t\t\t\t\t\t\t\t<\/div>\n\t\t\t\t<\/div>\n\t\t\t\t\t<\/div>\n\t\t<\/div>\n\t\t\t\t\t<\/div>\n\t\t<\/section>\n\t\t\t\t<\/div>","protected":false},"excerpt":{"rendered":"<p>\u0141ukasz Marcinkowski \u2013 w\u0142a\u015bciciel firmy \u201ePapaver&#8221; i kwiaciarni \u201eKwiaty i miut&#8221; w Poznaniu. Projektant wn\u0119trz i florysta z 25-letnim sta\u017cem. &nbsp;Wsp\u00f3\u0142autor ksi\u0105\u017cek \u201eElementarz kwiatowy&#8221;, \u201eO ro\u015blinach&#8221;, \u201eO kwiatach&#8221;. Ma farm\u0119,&hellip;<\/p>","protected":false},"author":4244,"featured_media":0,"parent":0,"menu_order":0,"comment_status":"closed","ping_status":"closed","template":"","meta":{"footnotes":""},"class_list":["post-24034","page","type-page","status-publish","hentry"],"_links":{"self":[{"href":"https:\/\/kwiatyimiut.pl\/en\/wp-json\/wp\/v2\/pages\/24034","targetHints":{"allow":["GET"]}}],"collection":[{"href":"https:\/\/kwiatyimiut.pl\/en\/wp-json\/wp\/v2\/pages"}],"about":[{"href":"https:\/\/kwiatyimiut.pl\/en\/wp-json\/wp\/v2\/types\/page"}],"author":[{"embeddable":true,"href":"https:\/\/kwiatyimiut.pl\/en\/wp-json\/wp\/v2\/users\/4244"}],"replies":[{"embeddable":true,"href":"https:\/\/kwiatyimiut.pl\/en\/wp-json\/wp\/v2\/comments?post=24034"}],"version-history":[{"count":5,"href":"https:\/\/kwiatyimiut.pl\/en\/wp-json\/wp\/v2\/pages\/24034\/revisions"}],"predecessor-version":[{"id":24050,"href":"https:\/\/kwiatyimiut.pl\/en\/wp-json\/wp\/v2\/pages\/24034\/revisions\/24050"}],"wp:attachment":[{"href":"https:\/\/kwiatyimiut.pl\/en\/wp-json\/wp\/v2\/media?parent=24034"}],"curies":[{"name":"wp","href":"https:\/\/api.w.org\/{rel}","templated":true}]}}