{"id":3,"date":"2019-09-11T12:17:08","date_gmt":"2019-09-11T12:17:08","guid":{"rendered":"http:\/\/kwiatyimiut.pl\/?page_id=3"},"modified":"2020-11-22T11:14:28","modified_gmt":"2020-11-22T12:14:28","slug":"polityka-prywatnosci","status":"publish","type":"page","link":"https:\/\/kwiatyimiut.pl\/en\/polityka-prywatnosci\/","title":{"rendered":"Privacy policy"},"content":{"rendered":"\t\t<div data-elementor-type=\"wp-page\" data-elementor-id=\"3\" class=\"elementor elementor-3\">\n\t\t\t\t\t\t<section class=\"elementor-section elementor-top-section elementor-element elementor-element-80c352d elementor-section-boxed elementor-section-height-default elementor-section-height-default\" data-id=\"80c352d\" data-element_type=\"section\" data-e-type=\"section\">\n\t\t\t\t\t\t<div class=\"elementor-container elementor-column-gap-default\">\n\t\t\t\t\t<div class=\"elementor-column elementor-col-100 elementor-top-column elementor-element elementor-element-7755fcb4\" data-id=\"7755fcb4\" data-element_type=\"column\" data-e-type=\"column\">\n\t\t\t<div class=\"elementor-widget-wrap elementor-element-populated\">\n\t\t\t\t\t\t<div class=\"elementor-element elementor-element-3c0a9ebc elementor-widget elementor-widget-text-editor\" data-id=\"3c0a9ebc\" data-element_type=\"widget\" data-e-type=\"widget\" data-widget_type=\"text-editor.default\">\n\t\t\t\t<div class=\"elementor-widget-container\">\n\t\t\t\t\t\t\t\t\t<p><\/p>\n<h3 class=\"wp-block-heading\"><strong>Ochrona danych osobowych<\/strong><\/h3>\n<div>\n<p>1. Administratorem danych osobowych Klienta jest PAPAVER \u0141ukasz Marcinkowski z siedziba w Wysoczce 2, 64-320 Buk, NIP: 7772814433, REGON 360471835.<\/p>\n<p>2. Podanie danych osobowych przez Klienta jest dobrowolne. Podstaw\u0105 przetwarzania danych osobowych Klienta w zakresie zak\u0142adania Konta oraz dostarczenia informacji handlowych w formie elektronicznej w postaci us\u0142ugi Newsletter jest zgoda Klienta.<\/p>\n<p>3. Przetwarzanie danych osobowych Klienta jest niezb\u0119dne do zawarcia oraz wykonania Umowy Sprzeda\u017cy.<\/p>\n<p>4. Dane Klienta b\u0119d\u0105 przetwarzane w celu:<\/p>\n<p>a) zawarcia i wykonania Um\u00f3w Sprzeda\u017cy na podstawie art. art. 6 ust. 1 lit. b) RODO przez czas trwania Umowy i do czasu up\u0142ywu termin\u00f3w do\u00a0dochodzenia roszcze\u0144;<\/p>\n<p>b) rozpatrywania reklamacji na podstawie art. 6 ust. 1 lit. c) RODO przez 1 rok po terminie up\u0142ywu r\u0119kojmi lub rozliczeniu reklamacji;<\/p>\n<p>c) dochodzenia roszcze\u0144 zwi\u0105zanych z zawart\u0105 Umow\u0105 Sprzeda\u017cy na podstawie art. 6 ust. 1 lit. f) RODO, gdzie prawnie uzasadnionym celem jest dochodzenie nale\u017cno\u015bci, do czasu prawomocnego zako\u0144czenia post\u0119powa\u0144 w tym post\u0119powania egzekucyjnego;<\/p>\n<p>d) archiwizowania dokument\u00f3w rozliczeniowych na podstawie art. 6 ust. 1 lit. c) RODO do czasu up\u0142ywu okresu przedawnienia zobowi\u0105zania podatkowego;<\/p>\n<p>e) \u015bwiadczenia us\u0142ugi Newsletter, o kt\u00f3rej mowa w \u00a7 11 Regulaminu.<\/p>\n<p>5. Dane klienta mog\u0105 by\u0107 przekazywane odbiorcom, tj.:<\/p>\n<p>a) podmiotom prowadz\u0105cym dzia\u0142alno\u015b\u0107 pocztow\u0105 lub kuriersk\u0105;<\/p>\n<p>b) podmiotom umo\u017cliwiaj\u0105cym Kwiaciarni dokonywanie zdalnych operacji p\u0142atniczych;<\/p>\n<p>c) bankom, w przypadku konieczno\u015bci prowadzenia rozlicze\u0144;<\/p>\n<p>d) organom pa\u0144stwowym lub innym podmiotom uprawnionym na podstawie przepis\u00f3w prawa;<\/p>\n<p>e) podmiotom wspieraj\u0105cym Kwiaciarni\u0119w prowadzonej dzia\u0142alno\u015bci na zlecenie Kwiaciarni, w szczeg\u00f3lno\u015bci dostawcom zewn\u0119trznych system\u00f3w wspieraj\u0105cych dzia\u0142alno\u015b\u0107 Kwiaciarni.<\/p>\n<p>\u00a0<\/p>\n<p>6. Klientowi przys\u0142uguje prawo dost\u0119pu do tre\u015bci swoich danych oraz prawo ich sprostowania, usuni\u0119cia, ograniczenia przetwarzania, prawo do przenoszenia danych, prawo wniesienia sprzeciwu, prawo do cofni\u0119cia zgody w dowolnym momencie bez wp\u0142ywu na zgodno\u015b\u0107 z prawem przetwarzania, kt\u00f3rego dokonano na podstawie zgody przed jej cofni\u0119ciem (o ile dane przetwarzanie odbywa si\u0119 na podstawie zgody), wniesienia skargi do organu nadzorczego, tj. Prezesa Urz\u0119du Ochrony Danych Osobowych. Podanie danych jest niezb\u0119dne do zawarcia um\u00f3w, rozliczenia prowadzonej dzia\u0142alno\u015bci, udzielenia odpowiedzi na kierowane wnioski, rozpatrzenia skarg i reklamacji. W pozosta\u0142ym zakresie podanie danych jest dobrowolne.<\/p>\n<p>7. Klient ma prawo w ka\u017cdej chwili cofn\u0105\u0107 zgod\u0119 na przetwarzanie danych osobowych, kt\u00f3re s\u0105 przetwarzane na podstawie wyra\u017conej uprzednio zgody. Cofni\u0119cie zgody nie b\u0119dzie wp\u0142ywa\u0107 na zgodno\u015b\u0107 z prawem przetwarzania, kt\u00f3rego dokonano na podstawie wyra\u017conej zgody przed jej wycofaniem.<\/p>\n<\/div>\n<div>\n<p><!-- [if !supportAnnotations]--><\/p>\n<hr align=\"left\" size=\"1\" width=\"33%\" \/>\n<p><!--[endif]--><\/p>\n<div>\n<p><!-- [if !supportAnnotations]--><\/p>\n<div>\n<p><!--[endif]--><!-- [if !supportAnnotations]--><!--[endif]--><\/p>\n<p><!-- [if !supportAnnotations]--><\/p>\n<\/div>\n<p><!--[endif]--><\/p>\n<\/div>\n<\/div>\n<p><span style=\"font-size: 1.125rem;\"><span lang=\"PL\" style=\"font-size: 8.0pt;\">\u00a0<\/span><\/span><\/p>\n<p><\/p>\t\t\t\t\t\t\t\t<\/div>\n\t\t\t\t<\/div>\n\t\t\t\t\t<\/div>\n\t\t<\/div>\n\t\t\t\t\t<\/div>\n\t\t<\/section>\n\t\t\t\t<\/div>\n\t\t","protected":false},"excerpt":{"rendered":"<p>Ochrona danych osobowych 1. Administratorem danych osobowych Klienta jest PAPAVER \u0141ukasz Marcinkowski z siedziba w Wysoczce 2, 64-320 Buk, NIP: 7772814433, REGON 360471835. 2. Podanie danych osobowych przez Klienta jest&hellip;<\/p>","protected":false},"author":1,"featured_media":0,"parent":0,"menu_order":0,"comment_status":"closed","ping_status":"open","template":"","meta":{"footnotes":""},"class_list":["post-3","page","type-page","status-publish","hentry"],"_links":{"self":[{"href":"https:\/\/kwiatyimiut.pl\/en\/wp-json\/wp\/v2\/pages\/3","targetHints":{"allow":["GET"]}}],"collection":[{"href":"https:\/\/kwiatyimiut.pl\/en\/wp-json\/wp\/v2\/pages"}],"about":[{"href":"https:\/\/kwiatyimiut.pl\/en\/wp-json\/wp\/v2\/types\/page"}],"author":[{"embeddable":true,"href":"https:\/\/kwiatyimiut.pl\/en\/wp-json\/wp\/v2\/users\/1"}],"replies":[{"embeddable":true,"href":"https:\/\/kwiatyimiut.pl\/en\/wp-json\/wp\/v2\/comments?post=3"}],"version-history":[{"count":0,"href":"https:\/\/kwiatyimiut.pl\/en\/wp-json\/wp\/v2\/pages\/3\/revisions"}],"wp:attachment":[{"href":"https:\/\/kwiatyimiut.pl\/en\/wp-json\/wp\/v2\/media?parent=3"}],"curies":[{"name":"wp","href":"https:\/\/api.w.org\/{rel}","templated":true}]}}