{"id":3532,"date":"2020-11-21T13:10:50","date_gmt":"2020-11-21T14:10:50","guid":{"rendered":"https:\/\/kwiatyimiut.pl\/?page_id=3532"},"modified":"2025-12-06T11:24:32","modified_gmt":"2025-12-06T10:24:32","slug":"farma","status":"publish","type":"page","link":"https:\/\/kwiatyimiut.pl\/en\/farma\/","title":{"rendered":"The Farm"},"content":{"rendered":"<div data-elementor-type=\"wp-page\" data-elementor-id=\"3532\" class=\"elementor elementor-3532\">\n\t\t\t\t\t\t<section class=\"elementor-section elementor-top-section elementor-element elementor-element-3d15d044 elementor-section-boxed elementor-section-height-default elementor-section-height-default\" data-id=\"3d15d044\" data-element_type=\"section\" data-e-type=\"section\">\n\t\t\t\t\t\t<div class=\"elementor-container elementor-column-gap-default\">\n\t\t\t\t\t<div class=\"elementor-column elementor-col-100 elementor-top-column elementor-element elementor-element-78e996ec\" data-id=\"78e996ec\" data-element_type=\"column\" data-e-type=\"column\">\n\t\t\t<div class=\"elementor-widget-wrap elementor-element-populated\">\n\t\t\t\t\t\t<div class=\"elementor-element elementor-element-5d8baf19 elementor-widget elementor-widget-text-editor\" data-id=\"5d8baf19\" data-element_type=\"widget\" data-e-type=\"widget\" data-widget_type=\"text-editor.default\">\n\t\t\t\t<div class=\"elementor-widget-container\">\n\t\t\t\t\t\t\t\t\t<p style=\"text-align: center;\"><span style=\"font-size: 1.125rem;\">The farm is undoubtedly the core of our business. It has existed since 2014 and is located next to the family farm owned by \u0141ukasz's parents, about 35 km from Pozna\u0144. It occupies an area of 5,000 m2 and the plants growing on it are grown organically, on compost, without the use of any chemicals.&nbsp;<\/span><span style=\"font-size: 1.125rem;\">When we decided to create this place we dreamed of providing our customers with flowers that would delight everyone with their beauty and durability. The flower (or, more specifically, the blossom) that inspired us to take this bold step has been the dahlia of which we currently grow almost 200 varieties. Moreover, during the season you can admire about 150 varieties of garden roses, 50 varieties of peonies, 50 species of annual plants and many perennials.&nbsp;<\/span><span style=\"font-size: 1.125rem;\">Part of the area is dedicated to a spacious vegetable garden where we grow, among other things, carrots, celery, potatoes, beetroot, courgettes, pumpkins and tomatoes. Last year we also decided to sow a flower meadow, which is an excellent habitat for butterflies, wild bees, bumblebees and other pollinators.&nbsp;<\/span><span style=\"font-size: 1.125rem;\">Our goal of producing and being able to share the finest flowers has been achieved, and thanks to the interest and support of our Fans and Friends, today the farm is so much more. In 2018, in the building of an old brick barn, we opened the K&amp;M Academy. During the courses which we organise, florists and flower lovers can get an insight into our aesthetics and develop their skills of creating bouquets and plant compositions. In addition to practical knowledge, we provide our guests with plenty of theoretical information about form and colour, as well as many interesting facts and inspirations from the world of art and photography.<\/span><\/p>\n<p><img fetchpriority=\"high\" decoding=\"async\" class=\"aligncenter size-large wp-image-17734\" src=\"https:\/\/kwiatyimiut.pl\/wp-content\/uploads\/2023\/06\/DSCF3142-2-683x1024.jpg\" alt=\"\" width=\"683\" height=\"1024\" srcset=\"https:\/\/kwiatyimiut.pl\/wp-content\/uploads\/2023\/06\/DSCF3142-2-683x1024.jpg 683w, https:\/\/kwiatyimiut.pl\/wp-content\/uploads\/2023\/06\/DSCF3142-2-200x300.jpg 200w, https:\/\/kwiatyimiut.pl\/wp-content\/uploads\/2023\/06\/DSCF3142-2-768x1152.jpg 768w, https:\/\/kwiatyimiut.pl\/wp-content\/uploads\/2023\/06\/DSCF3142-2-1024x1536.jpg 1024w, https:\/\/kwiatyimiut.pl\/wp-content\/uploads\/2023\/06\/DSCF3142-2-8x12.jpg 8w, https:\/\/kwiatyimiut.pl\/wp-content\/uploads\/2023\/06\/DSCF3142-2-840x1260.jpg 840w, https:\/\/kwiatyimiut.pl\/wp-content\/uploads\/2023\/06\/DSCF3142-2.jpg 1067w\" sizes=\"(max-width: 683px) 100vw, 683px\" \/><\/p>\n<p style=\"text-align: center;\">The Flowers and Miut Farm is a place for all those who share our vision of life and promote ideas consistent with our values. How can you enjoy the place?<\/p>\n<p style=\"text-align: center;\">&#8211; Od maja do pa\u017adziernika umo\u017cliwiamy zakup kwiat\u00f3w ci\u0119tych nie tylko w naszej kwiaciarni, ale r\u00f3wnie\u017c bezpo\u015brednio na farmie.<\/p>\n<p style=\"text-align: center;\">&#8211; W sezonie umo\u017cliwiamy zakup miesi\u0119cznego abonamentu na kwiaty, warzywa oraz przetwory.<\/p>\n<p style=\"text-align: center;\">&#8211; Odp\u0142atnie udost\u0119pniamy teren farmy na sesje \u015blubne, komercyjne oraz plany filmowe.<\/p>\n<p style=\"text-align: center;\">&#8211; Farma to przestrze\u0144 kreatywna! Je\u015bli jeste\u015b autorem warsztat\u00f3w\/szkole\u0144 tw\u00f3rczych i chcia\u0142by\u015b zorganizowa\u0107 je w wyj\u0105tkowych okoliczno\u015bciach \u2013 napisz do nas! Ugo\u015bcimy z przyjemno\u015bci\u0105 Ciebie i Twoich Kursant\u00f3w!<\/p>\n<p style=\"text-align: center;\"><img decoding=\"async\" class=\"aligncenter size-large wp-image-17721\" src=\"https:\/\/kwiatyimiut.pl\/wp-content\/uploads\/2023\/06\/112A5938-1024x682.jpg\" alt=\"\" width=\"1024\" height=\"682\" srcset=\"https:\/\/kwiatyimiut.pl\/wp-content\/uploads\/2023\/06\/112A5938-1024x682.jpg 1024w, https:\/\/kwiatyimiut.pl\/wp-content\/uploads\/2023\/06\/112A5938-300x200.jpg 300w, https:\/\/kwiatyimiut.pl\/wp-content\/uploads\/2023\/06\/112A5938-768x512.jpg 768w, https:\/\/kwiatyimiut.pl\/wp-content\/uploads\/2023\/06\/112A5938-18x12.jpg 18w, https:\/\/kwiatyimiut.pl\/wp-content\/uploads\/2023\/06\/112A5938-100x68.jpg 100w, https:\/\/kwiatyimiut.pl\/wp-content\/uploads\/2023\/06\/112A5938-450x300.jpg 450w, https:\/\/kwiatyimiut.pl\/wp-content\/uploads\/2023\/06\/112A5938-840x560.jpg 840w, https:\/\/kwiatyimiut.pl\/wp-content\/uploads\/2023\/06\/112A5938.jpg 1400w\" sizes=\"(max-width: 1024px) 100vw, 1024px\" \/><br>The farm is evolving year by year, and this is just the beginning of our mission. In the future we want to develop another hectare of land and you can help us speed up this process. Soon in our online shop you will be able to make a donation and get in return a ticket, allowing you to take a one-time guide tour around our farm. All proceeds from the sale of the tickets will finance the purchase of unique seeds.<br>We are growing for you and thanks to you! Soon we will offer you even more!<\/p>\t\t\t\t\t\t\t\t<\/div>\n\t\t\t\t<\/div>\n\t\t\t\t\t<\/div>\n\t\t<\/div>\n\t\t\t\t\t<\/div>\n\t\t<\/section>\n\t\t\t\t<section class=\"elementor-section elementor-top-section elementor-element elementor-element-492772c elementor-section-boxed elementor-section-height-default elementor-section-height-default\" data-id=\"492772c\" data-element_type=\"section\" data-e-type=\"section\">\n\t\t\t\t\t\t<div class=\"elementor-container elementor-column-gap-default\">\n\t\t\t\t\t<div class=\"elementor-column elementor-col-100 elementor-top-column elementor-element elementor-element-6a2c182\" data-id=\"6a2c182\" data-element_type=\"column\" data-e-type=\"column\">\n\t\t\t<div class=\"elementor-widget-wrap elementor-element-populated\">\n\t\t\t\t\t\t<div class=\"elementor-element elementor-element-fb1a1f1 elementor-widget elementor-widget-video\" data-id=\"fb1a1f1\" data-element_type=\"widget\" data-e-type=\"widget\" data-settings=\"{&quot;youtube_url&quot;:&quot;https:\\\/\\\/www.youtube.com\\\/watch?v=N-U06SAknQM&amp;t=99s&quot;,&quot;video_type&quot;:&quot;youtube&quot;,&quot;controls&quot;:&quot;yes&quot;}\" data-widget_type=\"video.default\">\n\t\t\t\t<div class=\"elementor-widget-container\">\n\t\t\t\t\t\t\t<div class=\"elementor-wrapper elementor-open-inline\">\n\t\t\t<div class=\"elementor-video\"><\/div>\t\t<\/div>\n\t\t\t\t\t\t<\/div>\n\t\t\t\t<\/div>\n\t\t\t\t\t<\/div>\n\t\t<\/div>\n\t\t\t\t\t<\/div>\n\t\t<\/section>\n\t\t\t\t<\/div>","protected":false},"excerpt":{"rendered":"Farma to bez w\u0105tpienia podstawa naszej dzia\u0142alno\u015bci. Istnieje od 2014 roku, a znajduje si\u0119 przy rodzinnym gospodarstwie rolnym Rodzic\u00f3w \u0141ukasza, oko\u0142o 35km od Poznania. Jej powierzchnia to 5.000 m2, a&hellip;","protected":false},"author":1,"featured_media":18095,"parent":0,"menu_order":0,"comment_status":"closed","ping_status":"closed","template":"","meta":{"footnotes":""},"class_list":["post-3532","page","type-page","status-publish","has-post-thumbnail","hentry"],"_links":{"self":[{"href":"https:\/\/kwiatyimiut.pl\/en\/wp-json\/wp\/v2\/pages\/3532","targetHints":{"allow":["GET"]}}],"collection":[{"href":"https:\/\/kwiatyimiut.pl\/en\/wp-json\/wp\/v2\/pages"}],"about":[{"href":"https:\/\/kwiatyimiut.pl\/en\/wp-json\/wp\/v2\/types\/page"}],"author":[{"embeddable":true,"href":"https:\/\/kwiatyimiut.pl\/en\/wp-json\/wp\/v2\/users\/1"}],"replies":[{"embeddable":true,"href":"https:\/\/kwiatyimiut.pl\/en\/wp-json\/wp\/v2\/comments?post=3532"}],"version-history":[{"count":2,"href":"https:\/\/kwiatyimiut.pl\/en\/wp-json\/wp\/v2\/pages\/3532\/revisions"}],"predecessor-version":[{"id":23406,"href":"https:\/\/kwiatyimiut.pl\/en\/wp-json\/wp\/v2\/pages\/3532\/revisions\/23406"}],"wp:featuredmedia":[{"embeddable":true,"href":"https:\/\/kwiatyimiut.pl\/en\/wp-json\/wp\/v2\/media\/18095"}],"wp:attachment":[{"href":"https:\/\/kwiatyimiut.pl\/en\/wp-json\/wp\/v2\/media?parent=3532"}],"curies":[{"name":"wp","href":"https:\/\/api.w.org\/{rel}","templated":true}]}}