{"id":3679,"date":"2020-11-22T10:44:40","date_gmt":"2020-11-22T11:44:40","guid":{"rendered":"https:\/\/kwiatyimiut.pl\/?page_id=3679"},"modified":"2021-10-29T22:06:43","modified_gmt":"2021-10-29T20:06:43","slug":"zwroty","status":"publish","type":"page","link":"https:\/\/kwiatyimiut.pl\/en\/zwroty\/","title":{"rendered":"Returns"},"content":{"rendered":"<p><strong>Przed up\u0142ywem 14 dni od momentu otrzymania przez Ciebie paczki<\/strong>, po wype\u0142nieniu formularza dost\u0119pnego w panelu klienta, ode\u015blij do nas produkty na adres:<\/p>\r\n\r\n\r\n\r\n<p><em>KWIATY&amp;MIUT<br \/>ul. Szamarzewskiego 11\/1<br \/><\/em><em>60-514 Pozna\u0144<\/em><\/p>\r\n\r\n\r\n\r\n<p><strong>Nie odbieramy zwrot\u00f3w z paczkomat\u00f3w.<\/strong><\/p>\r\n\r\n\r\n\r\n<p><strong>Nie obs\u0142ugujemy zwrot\u00f3w dostarczonych do nas za po\u015brednictwem strony szybkiezwroty.pl<\/strong><\/p>\r\n\r\n\r\n\r\n<p>Pieni\u0105dze zwr\u00f3cimy Ci na to samo konto, z kt\u00f3rego op\u0142aca\u0142e\u015b zam\u00f3wienie.<\/p>\r\n\r\n\r\n\r\n<p>Je\u015bli z\u0142o\u017cy\u0142e\u015b zam\u00f3wienie bez rejestracji, wype\u0142nij formularz dost\u0119pny pod\u00a0<a href=\"https:\/\/kwiatyimiut.pl\/wp-content\/uploads\/2021\/10\/FORMULARZ-ZWROTU-I-REKLAMACJI-KM.pdf\"><strong>linkiem<\/strong><\/a>, wydrukuj i do\u0142\u0105cz do paczki.<\/p>","protected":false},"excerpt":{"rendered":"<p>Przed up\u0142ywem 14 dni od momentu otrzymania przez Ciebie paczki, po wype\u0142nieniu formularza dost\u0119pnego w panelu klienta, ode\u015blij do nas produkty na adres: KWIATY&amp;MIUTul. Szamarzewskiego 11\/160-514 Pozna\u0144 Nie odbieramy zwrot\u00f3w&hellip;<\/p>","protected":false},"author":1,"featured_media":0,"parent":0,"menu_order":0,"comment_status":"closed","ping_status":"closed","template":"","meta":{"footnotes":""},"class_list":["post-3679","page","type-page","status-publish","hentry"],"_links":{"self":[{"href":"https:\/\/kwiatyimiut.pl\/en\/wp-json\/wp\/v2\/pages\/3679","targetHints":{"allow":["GET"]}}],"collection":[{"href":"https:\/\/kwiatyimiut.pl\/en\/wp-json\/wp\/v2\/pages"}],"about":[{"href":"https:\/\/kwiatyimiut.pl\/en\/wp-json\/wp\/v2\/types\/page"}],"author":[{"embeddable":true,"href":"https:\/\/kwiatyimiut.pl\/en\/wp-json\/wp\/v2\/users\/1"}],"replies":[{"embeddable":true,"href":"https:\/\/kwiatyimiut.pl\/en\/wp-json\/wp\/v2\/comments?post=3679"}],"version-history":[{"count":0,"href":"https:\/\/kwiatyimiut.pl\/en\/wp-json\/wp\/v2\/pages\/3679\/revisions"}],"wp:attachment":[{"href":"https:\/\/kwiatyimiut.pl\/en\/wp-json\/wp\/v2\/media?parent=3679"}],"curies":[{"name":"wp","href":"https:\/\/api.w.org\/{rel}","templated":true}]}}