{"id":9700,"date":"2021-10-29T16:36:48","date_gmt":"2021-10-29T14:36:48","guid":{"rendered":"https:\/\/kwiatyimiut.pl\/?page_id=9700"},"modified":"2026-01-27T16:33:42","modified_gmt":"2026-01-27T15:33:42","slug":"pogrzeb","status":"publish","type":"page","link":"https:\/\/kwiatyimiut.pl\/en\/pogrzeb\/","title":{"rendered":"Pogrzeb"},"content":{"rendered":"<div class=\"wpb-content-wrapper\"><div class=\"vc_row wpb_row vc_row-fluid\"><div class=\"wpb_column vc_column_container vc_col-sm-12\"><div class=\"vc_column-inner\"><div class=\"wpb_wrapper\">\n\t<div class=\"wpb_text_column wpb_content_element\" >\n\t\t<div class=\"wpb_wrapper\">\n\t\t\t<h3 style=\"text-align: center;\">Ostatnie kwiaty powinny by\u0107 najpi\u0119kniejsze<\/h3>\n<p style=\"text-align: center;\">Z delikatno\u015bci\u0105 i zrozumieniem pomo\u017cemy Ci w wyborze odpowiedniej kompozycji pogrzebowej. W naszej ofercie posiadamy kilka propozycji.<br \/>\nOpr\u00f3cz klasycznej <strong>wi\u0105zanki uk\u0142adanej w r\u0119ku<\/strong> mo\u017cemy zaproponowa\u0107 form\u0119 <strong>okr\u0105g\u0142ego wie\u0144ca<\/strong>,<br \/>\nwyd\u0142u\u017conej <strong>kompozycji w kszta\u0142cie elipsy<\/strong> lub <strong>kompozycj\u0119 w kszta\u0142cie serca<\/strong>.<\/p>\n\n\t\t<\/div>\n\t<\/div>\n<div class=\"vc_empty_space\"   style=\"height: 30px\"><span class=\"vc_empty_space_inner\"><\/span><\/div><\/div><\/div><\/div><\/div><div data-vc-full-width=\"true\" data-vc-full-width-temp=\"true\" data-vc-full-width-init=\"false\" data-vc-stretch-content=\"true\" class=\"vc_row wpb_row vc_row-fluid vc_column-gap-60 vc_row-no-padding vc_row-o-content-middle vc_row-flex\"><div class=\"wpb_column vc_column_container vc_col-sm-6\"><div class=\"vc_column-inner\"><div class=\"wpb_wrapper\">\n\t<div  class=\"wpb_single_image wpb_content_element vc_align_left wpb_content_element\">\n\t\t\n\t\t<figure class=\"wpb_wrapper vc_figure\">\n\t\t\t<div class=\"vc_single_image-wrapper   vc_box_border_grey\"><img fetchpriority=\"high\" decoding=\"async\" width=\"1170\" height=\"1391\" src=\"https:\/\/kwiatyimiut.pl\/wp-content\/uploads\/2025\/01\/1.wieniec-pogrzebowy.jpg\" class=\"vc_single_image-img attachment-full\" alt=\"\" title=\"Screenshot\" srcset=\"https:\/\/kwiatyimiut.pl\/wp-content\/uploads\/2025\/01\/1.wieniec-pogrzebowy.jpg 1170w, https:\/\/kwiatyimiut.pl\/wp-content\/uploads\/2025\/01\/1.wieniec-pogrzebowy-252x300.jpg 252w, https:\/\/kwiatyimiut.pl\/wp-content\/uploads\/2025\/01\/1.wieniec-pogrzebowy-861x1024.jpg 861w, https:\/\/kwiatyimiut.pl\/wp-content\/uploads\/2025\/01\/1.wieniec-pogrzebowy-768x913.jpg 768w, https:\/\/kwiatyimiut.pl\/wp-content\/uploads\/2025\/01\/1.wieniec-pogrzebowy-10x12.jpg 10w, https:\/\/kwiatyimiut.pl\/wp-content\/uploads\/2025\/01\/1.wieniec-pogrzebowy-840x999.jpg 840w\" sizes=\"(max-width: 1170px) 100vw, 1170px\" \/><\/div>\n\t\t<\/figure>\n\t<\/div>\n\n\t<div class=\"wpb_text_column wpb_content_element\" >\n\t\t<div class=\"wpb_wrapper\">\n\t\t\t<h3 style=\"text-align: center;\">Funeral Wreath<\/h3>\n<p style=\"text-align: center;\">Wykonujemy wie\u0144ce w rozmiarach: 50 cm, 60 cm, 70 cm, 80 cm, 90 cm i 100 cm \u015brednicy. Ceny kszta\u0142tuj\u0105 si\u0119 od 600 z\u0142 &#8211; 1500 z\u0142 (wieniec 50 cm &#8211; 90 cm) i od 1500 z\u0142 wzwy\u017c (wieniec 100 cm), w zale\u017cno\u015bci od rodzaju u\u017cytych kwiat\u00f3w. Przy sk\u0142adaniu zam\u00f3wienia ustalamy <strong>color pallet<\/strong> and <strong>the size<\/strong>. Wieniec wykonujemy z <strong>seasonal flowers<\/strong> when you place the order.<\/p>\n\n\t\t<\/div>\n\t<\/div>\n<\/div><\/div><\/div><div class=\"wpb_column vc_column_container vc_col-sm-6\"><div class=\"vc_column-inner\"><div class=\"wpb_wrapper\">\n\t<div  class=\"wpb_single_image wpb_content_element vc_align_left wpb_content_element\">\n\t\t\n\t\t<figure class=\"wpb_wrapper vc_figure\">\n\t\t\t<div class=\"vc_single_image-wrapper   vc_box_border_grey\"><img decoding=\"async\" width=\"880\" height=\"1047\" src=\"https:\/\/kwiatyimiut.pl\/wp-content\/uploads\/2025\/01\/kompozycja-pogrzebowa1.jpg\" class=\"vc_single_image-img attachment-full\" alt=\"\" title=\"kompozycja pogrzebowa1\" srcset=\"https:\/\/kwiatyimiut.pl\/wp-content\/uploads\/2025\/01\/kompozycja-pogrzebowa1.jpg 880w, https:\/\/kwiatyimiut.pl\/wp-content\/uploads\/2025\/01\/kompozycja-pogrzebowa1-252x300.jpg 252w, https:\/\/kwiatyimiut.pl\/wp-content\/uploads\/2025\/01\/kompozycja-pogrzebowa1-861x1024.jpg 861w, https:\/\/kwiatyimiut.pl\/wp-content\/uploads\/2025\/01\/kompozycja-pogrzebowa1-768x914.jpg 768w, https:\/\/kwiatyimiut.pl\/wp-content\/uploads\/2025\/01\/kompozycja-pogrzebowa1-10x12.jpg 10w, https:\/\/kwiatyimiut.pl\/wp-content\/uploads\/2025\/01\/kompozycja-pogrzebowa1-840x999.jpg 840w\" sizes=\"(max-width: 880px) 100vw, 880px\" \/><\/div>\n\t\t<\/figure>\n\t<\/div>\n\n\t<div class=\"wpb_text_column wpb_content_element\" >\n\t\t<div class=\"wpb_wrapper\">\n\t\t\t<h3 style=\"text-align: center;\">Kompozycja w kszta\u0142cie elipsy<\/h3>\n<p style=\"text-align: center;\">Wykonujemy kompozycje w rozmiarach: 30 cm, 40 cm, 50 cm i 100 cm. Ceny kszta\u0142tuj\u0105 si\u0119 od 200 z\u0142 (30 cm) i od 1200 z\u0142 wzwy\u017c (100 cm), w zale\u017cno\u015bci od rodzaju u\u017cytych kwiat\u00f3w. Przy sk\u0142adaniu zam\u00f3wienia ustalamy <strong>color pallet<\/strong> and <strong>the size<\/strong>. Kompozycj\u0119 wykonujemy z <strong>seasonal flowers<\/strong> when you place the order.<\/p>\n\n\t\t<\/div>\n\t<\/div>\n<\/div><\/div><\/div><\/div><div class=\"vc_row-full-width vc_clearfix\"><\/div><div data-vc-full-width=\"true\" data-vc-full-width-temp=\"true\" data-vc-full-width-init=\"false\" data-vc-stretch-content=\"true\" class=\"vc_row wpb_row vc_row-fluid vc_column-gap-60 vc_row-no-padding vc_row-o-content-middle vc_row-flex\"><div class=\"wpb_column vc_column_container vc_col-sm-6\"><div class=\"vc_column-inner\"><div class=\"wpb_wrapper\">\n\t<div  class=\"wpb_single_image wpb_content_element vc_align_left wpb_content_element\">\n\t\t\n\t\t<figure class=\"wpb_wrapper vc_figure\">\n\t\t\t<div class=\"vc_single_image-wrapper   vc_box_border_grey\"><img decoding=\"async\" width=\"1170\" height=\"1391\" src=\"https:\/\/kwiatyimiut.pl\/wp-content\/uploads\/2025\/01\/IMG_4903_OK.jpg\" class=\"vc_single_image-img attachment-full\" alt=\"\" title=\"Screenshot\" srcset=\"https:\/\/kwiatyimiut.pl\/wp-content\/uploads\/2025\/01\/IMG_4903_OK.jpg 1170w, https:\/\/kwiatyimiut.pl\/wp-content\/uploads\/2025\/01\/IMG_4903_OK-252x300.jpg 252w, https:\/\/kwiatyimiut.pl\/wp-content\/uploads\/2025\/01\/IMG_4903_OK-861x1024.jpg 861w, https:\/\/kwiatyimiut.pl\/wp-content\/uploads\/2025\/01\/IMG_4903_OK-768x913.jpg 768w, https:\/\/kwiatyimiut.pl\/wp-content\/uploads\/2025\/01\/IMG_4903_OK-10x12.jpg 10w, https:\/\/kwiatyimiut.pl\/wp-content\/uploads\/2025\/01\/IMG_4903_OK-840x999.jpg 840w\" sizes=\"(max-width: 1170px) 100vw, 1170px\" \/><\/div>\n\t\t<\/figure>\n\t<\/div>\n\n\t<div class=\"wpb_text_column wpb_content_element\" >\n\t\t<div class=\"wpb_wrapper\">\n\t\t\t<h3 style=\"text-align: center;\">Heart-shaped arrangement<\/h3>\n<p style=\"text-align: center;\">Wykonujemy serca w rozmiarach: 50 cm, 60 cm, 70 cm, 80 cm, 90 cm i 100 cm d\u0142ugo\u015bci. Ceny kszta\u0142tuj\u0105 si\u0119 od 500 z\u0142 (50 cm) i od 1500 z\u0142 wzwy\u017c (100 cm), w zale\u017cno\u015bci od rodzaju u\u017cytych kwiat\u00f3w. Przy sk\u0142adaniu zam\u00f3wienia ustalamy <strong>color pallet<\/strong> and <strong>the size<\/strong>. Serce wykonujemy z <strong>seasonal flowers<\/strong> when you place the order.<\/p>\n\n\t\t<\/div>\n\t<\/div>\n<\/div><\/div><\/div><div class=\"wpb_column vc_column_container vc_col-sm-6\"><div class=\"vc_column-inner\"><div class=\"wpb_wrapper\">\n\t<div  class=\"wpb_single_image wpb_content_element vc_align_left wpb_content_element\">\n\t\t\n\t\t<figure class=\"wpb_wrapper vc_figure\">\n\t\t\t<div class=\"vc_single_image-wrapper   vc_box_border_grey\"><img loading=\"lazy\" decoding=\"async\" width=\"2154\" height=\"2560\" src=\"https:\/\/kwiatyimiut.pl\/wp-content\/uploads\/2025\/01\/bukiet-pogrzebowy1-scaled.jpg\" class=\"vc_single_image-img attachment-full\" alt=\"\" title=\"bukiet pogrzebowy(1)\" srcset=\"https:\/\/kwiatyimiut.pl\/wp-content\/uploads\/2025\/01\/bukiet-pogrzebowy1-scaled.jpg 2154w, https:\/\/kwiatyimiut.pl\/wp-content\/uploads\/2025\/01\/bukiet-pogrzebowy1-252x300.jpg 252w, https:\/\/kwiatyimiut.pl\/wp-content\/uploads\/2025\/01\/bukiet-pogrzebowy1-862x1024.jpg 862w, https:\/\/kwiatyimiut.pl\/wp-content\/uploads\/2025\/01\/bukiet-pogrzebowy1-768x913.jpg 768w, https:\/\/kwiatyimiut.pl\/wp-content\/uploads\/2025\/01\/bukiet-pogrzebowy1-1292x1536.jpg 1292w, https:\/\/kwiatyimiut.pl\/wp-content\/uploads\/2025\/01\/bukiet-pogrzebowy1-1723x2048.jpg 1723w, https:\/\/kwiatyimiut.pl\/wp-content\/uploads\/2025\/01\/bukiet-pogrzebowy1-10x12.jpg 10w, https:\/\/kwiatyimiut.pl\/wp-content\/uploads\/2025\/01\/bukiet-pogrzebowy1-840x998.jpg 840w\" sizes=\"(max-width: 2154px) 100vw, 2154px\" \/><\/div>\n\t\t<\/figure>\n\t<\/div>\n\n\t<div class=\"wpb_text_column wpb_content_element\" >\n\t\t<div class=\"wpb_wrapper\">\n\t\t\t<h3 style=\"text-align: center;\">Bukiet pogrzebowy<\/h3>\n<p style=\"text-align: center;\">Wykonujemy bukiety w rozmiarach: ma\u0142y, \u015bredni i du\u017cy.<br \/>\nCeny kszta\u0142tuj\u0105 si\u0119 od 100 z\u0142 (ma\u0142y), od 200 z\u0142 (\u015bredni) i od 300 z\u0142 wzwy\u017c (du\u017cy), w zale\u017cno\u015bci od rodzaju u\u017cytych kwiat\u00f3w. Przy sk\u0142adaniu zam\u00f3wienia ustalamy <strong>color pallet<\/strong> and <strong>the size<\/strong>. Bukiet wykonujemy z <strong>seasonal flowers<\/strong> when you place the order.<\/p>\n\n\t\t<\/div>\n\t<\/div>\n<\/div><\/div><\/div><\/div><div class=\"vc_row-full-width vc_clearfix\"><\/div><div class=\"vc_row wpb_row vc_row-fluid\"><div class=\"wpb_column vc_column_container vc_col-sm-12\"><div class=\"vc_column-inner\"><div class=\"wpb_wrapper\"><div class=\"vc_empty_space\"   style=\"height: 30px\"><span class=\"vc_empty_space_inner\"><\/span><\/div><\/div><\/div><\/div><\/div><div class=\"vc_row wpb_row vc_row-fluid\"><div class=\"wpb_column vc_column_container vc_col-sm-12\"><div class=\"vc_column-inner\"><div class=\"wpb_wrapper\">\n\t<div class=\"wpb_text_column wpb_content_element\" >\n\t\t<div class=\"wpb_wrapper\">\n\t\t\t<h3 style=\"text-align: center;\">How to place an order?<\/h3>\n<p style=\"text-align: center;\">We invite you to our <strong>flower studio<\/strong> in Je\u017cyce, Pozna\u0144 to discuss all the details. You can also contact us: <strong>contact us:<\/strong><\/p>\n\n\t\t<\/div>\n\t<\/div>\n<\/div><\/div><\/div><\/div><div class=\"vc_row wpb_row vc_row-fluid\"><div class=\"wpb_column vc_column_container vc_col-sm-3\"><div class=\"vc_column-inner\"><div class=\"wpb_wrapper\"><\/div><\/div><\/div><div class=\"wpb_column vc_column_container vc_col-sm-3\"><div class=\"vc_column-inner\"><div class=\"wpb_wrapper\"><div class=\"konte-icon-box icon-type-fontawesome box-align-center\">\n\t\t\t\t<div class=\"konte-icon-box__icon\"><i class=\"fas fa-envelope\"><\/i><\/div>\n\t\t\t\t<h4 class=\"konte-icon-box__title\" >jezyce@kwiatyimiut.pl<\/h4>\n\t\t\t\t<div class=\"konte-icon-box__content\"><\/div>\n\t\t\t<\/div><\/div><\/div><\/div><div class=\"wpb_column vc_column_container vc_col-sm-3\"><div class=\"vc_column-inner\"><div class=\"wpb_wrapper\"><div class=\"konte-icon-box icon-type-fontawesome box-align-center\">\n\t\t\t\t<div class=\"konte-icon-box__icon\"><i class=\"fas fa-phone\"><\/i><\/div>\n\t\t\t\t<h4 class=\"konte-icon-box__title\" >tel. 501 407 882<\/h4>\n\t\t\t\t<div class=\"konte-icon-box__content\"><\/div>\n\t\t\t<\/div><\/div><\/div><\/div><div class=\"wpb_column vc_column_container vc_col-sm-3\"><div class=\"vc_column-inner\"><div class=\"wpb_wrapper\"><\/div><\/div><\/div><\/div><div class=\"vc_row wpb_row vc_row-fluid\"><div class=\"wpb_column vc_column_container vc_col-sm-12\"><div class=\"vc_column-inner\"><div class=\"wpb_wrapper\"><div class=\"vc_empty_space\"   style=\"height: 32px\"><span class=\"vc_empty_space_inner\"><\/span><\/div><\/div><\/div><\/div><\/div><div class=\"vc_row wpb_row vc_row-fluid\"><div class=\"wpb_column vc_column_container vc_col-sm-12\"><div class=\"vc_column-inner\"><div class=\"wpb_wrapper\"><div class=\"vc_empty_space\"   style=\"height: 32px\"><span class=\"vc_empty_space_inner\"><\/span><\/div><\/div><\/div><\/div><\/div><div data-vc-full-width=\"true\" data-vc-full-width-temp=\"true\" data-vc-full-width-init=\"false\" data-vc-stretch-content=\"true\" class=\"vc_row wpb_row vc_row-fluid vc_column-gap-20 vc_row-no-padding vc_row-o-content-middle vc_row-flex\"><div class=\"wpb_column vc_column_container vc_col-sm-3\"><div class=\"vc_column-inner\"><div class=\"wpb_wrapper\">\n\t<div  class=\"wpb_single_image wpb_content_element vc_align_left wpb_content_element\">\n\t\t\n\t\t<figure class=\"wpb_wrapper vc_figure\">\n\t\t\t<div class=\"vc_single_image-wrapper   vc_box_border_grey\"><img loading=\"lazy\" decoding=\"async\" width=\"1125\" height=\"1125\" src=\"https:\/\/kwiatyimiut.pl\/wp-content\/uploads\/2022\/09\/IMG_4705-2.jpg\" class=\"vc_single_image-img attachment-full\" alt=\"\" title=\"IMG_4705 2\" srcset=\"https:\/\/kwiatyimiut.pl\/wp-content\/uploads\/2022\/09\/IMG_4705-2.jpg 1125w, https:\/\/kwiatyimiut.pl\/wp-content\/uploads\/2022\/09\/IMG_4705-2-300x300.jpg 300w, https:\/\/kwiatyimiut.pl\/wp-content\/uploads\/2022\/09\/IMG_4705-2-1024x1024.jpg 1024w, https:\/\/kwiatyimiut.pl\/wp-content\/uploads\/2022\/09\/IMG_4705-2-150x150.jpg 150w, https:\/\/kwiatyimiut.pl\/wp-content\/uploads\/2022\/09\/IMG_4705-2-768x768.jpg 768w, https:\/\/kwiatyimiut.pl\/wp-content\/uploads\/2022\/09\/IMG_4705-2-12x12.jpg 12w, https:\/\/kwiatyimiut.pl\/wp-content\/uploads\/2022\/09\/IMG_4705-2-840x840.jpg 840w\" sizes=\"(max-width: 1125px) 100vw, 1125px\" \/><\/div>\n\t\t<\/figure>\n\t<\/div>\n<\/div><\/div><\/div><div class=\"wpb_column vc_column_container vc_col-sm-3\"><div class=\"vc_column-inner\"><div class=\"wpb_wrapper\">\n\t<div  class=\"wpb_single_image wpb_content_element vc_align_left wpb_content_element\">\n\t\t\n\t\t<figure class=\"wpb_wrapper vc_figure\">\n\t\t\t<div class=\"vc_single_image-wrapper   vc_box_border_grey\"><img loading=\"lazy\" decoding=\"async\" width=\"1095\" height=\"1095\" src=\"https:\/\/kwiatyimiut.pl\/wp-content\/uploads\/2022\/09\/IMG_4694.jpg\" class=\"vc_single_image-img attachment-full\" alt=\"\" title=\"IMG_4694\" srcset=\"https:\/\/kwiatyimiut.pl\/wp-content\/uploads\/2022\/09\/IMG_4694.jpg 1095w, https:\/\/kwiatyimiut.pl\/wp-content\/uploads\/2022\/09\/IMG_4694-300x300.jpg 300w, https:\/\/kwiatyimiut.pl\/wp-content\/uploads\/2022\/09\/IMG_4694-1024x1024.jpg 1024w, https:\/\/kwiatyimiut.pl\/wp-content\/uploads\/2022\/09\/IMG_4694-150x150.jpg 150w, https:\/\/kwiatyimiut.pl\/wp-content\/uploads\/2022\/09\/IMG_4694-768x768.jpg 768w, https:\/\/kwiatyimiut.pl\/wp-content\/uploads\/2022\/09\/IMG_4694-12x12.jpg 12w, https:\/\/kwiatyimiut.pl\/wp-content\/uploads\/2022\/09\/IMG_4694-840x840.jpg 840w\" sizes=\"(max-width: 1095px) 100vw, 1095px\" \/><\/div>\n\t\t<\/figure>\n\t<\/div>\n<\/div><\/div><\/div><div class=\"wpb_column vc_column_container vc_col-sm-3\"><div class=\"vc_column-inner\"><div class=\"wpb_wrapper\">\n\t<div  class=\"wpb_single_image wpb_content_element vc_align_left wpb_content_element\">\n\t\t\n\t\t<figure class=\"wpb_wrapper vc_figure\">\n\t\t\t<div class=\"vc_single_image-wrapper   vc_box_border_grey\"><img loading=\"lazy\" decoding=\"async\" width=\"1170\" height=\"1170\" src=\"https:\/\/kwiatyimiut.pl\/wp-content\/uploads\/2022\/09\/IMG_4691.jpg\" class=\"vc_single_image-img attachment-full\" alt=\"\" title=\"IMG_4691\" srcset=\"https:\/\/kwiatyimiut.pl\/wp-content\/uploads\/2022\/09\/IMG_4691.jpg 1170w, https:\/\/kwiatyimiut.pl\/wp-content\/uploads\/2022\/09\/IMG_4691-300x300.jpg 300w, https:\/\/kwiatyimiut.pl\/wp-content\/uploads\/2022\/09\/IMG_4691-1024x1024.jpg 1024w, https:\/\/kwiatyimiut.pl\/wp-content\/uploads\/2022\/09\/IMG_4691-150x150.jpg 150w, https:\/\/kwiatyimiut.pl\/wp-content\/uploads\/2022\/09\/IMG_4691-768x768.jpg 768w, https:\/\/kwiatyimiut.pl\/wp-content\/uploads\/2022\/09\/IMG_4691-12x12.jpg 12w, https:\/\/kwiatyimiut.pl\/wp-content\/uploads\/2022\/09\/IMG_4691-840x840.jpg 840w\" sizes=\"(max-width: 1170px) 100vw, 1170px\" \/><\/div>\n\t\t<\/figure>\n\t<\/div>\n<\/div><\/div><\/div><div class=\"wpb_column vc_column_container vc_col-sm-3\"><div class=\"vc_column-inner\"><div class=\"wpb_wrapper\">\n\t<div  class=\"wpb_single_image wpb_content_element vc_align_left wpb_content_element\">\n\t\t\n\t\t<figure class=\"wpb_wrapper vc_figure\">\n\t\t\t<div class=\"vc_single_image-wrapper   vc_box_border_grey\"><img loading=\"lazy\" decoding=\"async\" width=\"1123\" height=\"1123\" src=\"https:\/\/kwiatyimiut.pl\/wp-content\/uploads\/2022\/09\/IMG_4899.jpg\" class=\"vc_single_image-img attachment-full\" alt=\"\" title=\"IMG_4899\" srcset=\"https:\/\/kwiatyimiut.pl\/wp-content\/uploads\/2022\/09\/IMG_4899.jpg 1123w, https:\/\/kwiatyimiut.pl\/wp-content\/uploads\/2022\/09\/IMG_4899-300x300.jpg 300w, https:\/\/kwiatyimiut.pl\/wp-content\/uploads\/2022\/09\/IMG_4899-1024x1024.jpg 1024w, https:\/\/kwiatyimiut.pl\/wp-content\/uploads\/2022\/09\/IMG_4899-150x150.jpg 150w, https:\/\/kwiatyimiut.pl\/wp-content\/uploads\/2022\/09\/IMG_4899-768x768.jpg 768w, https:\/\/kwiatyimiut.pl\/wp-content\/uploads\/2022\/09\/IMG_4899-12x12.jpg 12w, https:\/\/kwiatyimiut.pl\/wp-content\/uploads\/2022\/09\/IMG_4899-840x840.jpg 840w\" sizes=\"(max-width: 1123px) 100vw, 1123px\" \/><\/div>\n\t\t<\/figure>\n\t<\/div>\n<\/div><\/div><\/div><\/div><div class=\"vc_row-full-width vc_clearfix\"><\/div><div data-vc-full-width=\"true\" data-vc-full-width-temp=\"true\" data-vc-full-width-init=\"false\" data-vc-stretch-content=\"true\" class=\"vc_row wpb_row vc_row-fluid vc_column-gap-20 vc_row-no-padding vc_row-o-content-middle vc_row-flex\"><div class=\"wpb_column vc_column_container vc_col-sm-3\"><div class=\"vc_column-inner\"><div class=\"wpb_wrapper\">\n\t<div  class=\"wpb_single_image wpb_content_element vc_align_left wpb_content_element\">\n\t\t\n\t\t<figure class=\"wpb_wrapper vc_figure\">\n\t\t\t<div class=\"vc_single_image-wrapper   vc_box_border_grey\"><img loading=\"lazy\" decoding=\"async\" width=\"1129\" height=\"1129\" src=\"https:\/\/kwiatyimiut.pl\/wp-content\/uploads\/2022\/09\/IMG_4693.jpg\" class=\"vc_single_image-img attachment-full\" alt=\"\" title=\"IMG_4693\" srcset=\"https:\/\/kwiatyimiut.pl\/wp-content\/uploads\/2022\/09\/IMG_4693.jpg 1129w, https:\/\/kwiatyimiut.pl\/wp-content\/uploads\/2022\/09\/IMG_4693-300x300.jpg 300w, https:\/\/kwiatyimiut.pl\/wp-content\/uploads\/2022\/09\/IMG_4693-1024x1024.jpg 1024w, https:\/\/kwiatyimiut.pl\/wp-content\/uploads\/2022\/09\/IMG_4693-150x150.jpg 150w, https:\/\/kwiatyimiut.pl\/wp-content\/uploads\/2022\/09\/IMG_4693-768x768.jpg 768w, https:\/\/kwiatyimiut.pl\/wp-content\/uploads\/2022\/09\/IMG_4693-12x12.jpg 12w, https:\/\/kwiatyimiut.pl\/wp-content\/uploads\/2022\/09\/IMG_4693-840x840.jpg 840w\" sizes=\"(max-width: 1129px) 100vw, 1129px\" \/><\/div>\n\t\t<\/figure>\n\t<\/div>\n<\/div><\/div><\/div><div class=\"wpb_column vc_column_container vc_col-sm-3\"><div class=\"vc_column-inner\"><div class=\"wpb_wrapper\">\n\t<div  class=\"wpb_single_image wpb_content_element vc_align_left wpb_content_element\">\n\t\t\n\t\t<figure class=\"wpb_wrapper vc_figure\">\n\t\t\t<div class=\"vc_single_image-wrapper   vc_box_border_grey\"><img loading=\"lazy\" decoding=\"async\" width=\"1170\" height=\"1170\" src=\"https:\/\/kwiatyimiut.pl\/wp-content\/uploads\/2022\/09\/IMG_4706-2.jpg\" class=\"vc_single_image-img attachment-full\" alt=\"\" title=\"IMG_4706 2\" srcset=\"https:\/\/kwiatyimiut.pl\/wp-content\/uploads\/2022\/09\/IMG_4706-2.jpg 1170w, https:\/\/kwiatyimiut.pl\/wp-content\/uploads\/2022\/09\/IMG_4706-2-300x300.jpg 300w, https:\/\/kwiatyimiut.pl\/wp-content\/uploads\/2022\/09\/IMG_4706-2-1024x1024.jpg 1024w, https:\/\/kwiatyimiut.pl\/wp-content\/uploads\/2022\/09\/IMG_4706-2-150x150.jpg 150w, https:\/\/kwiatyimiut.pl\/wp-content\/uploads\/2022\/09\/IMG_4706-2-768x768.jpg 768w, https:\/\/kwiatyimiut.pl\/wp-content\/uploads\/2022\/09\/IMG_4706-2-12x12.jpg 12w, https:\/\/kwiatyimiut.pl\/wp-content\/uploads\/2022\/09\/IMG_4706-2-840x840.jpg 840w\" sizes=\"(max-width: 1170px) 100vw, 1170px\" \/><\/div>\n\t\t<\/figure>\n\t<\/div>\n<\/div><\/div><\/div><div class=\"wpb_column vc_column_container vc_col-sm-3\"><div class=\"vc_column-inner\"><div class=\"wpb_wrapper\">\n\t<div  class=\"wpb_single_image wpb_content_element vc_align_left wpb_content_element\">\n\t\t\n\t\t<figure class=\"wpb_wrapper vc_figure\">\n\t\t\t<div class=\"vc_single_image-wrapper   vc_box_border_grey\"><img loading=\"lazy\" decoding=\"async\" width=\"1170\" height=\"1170\" src=\"https:\/\/kwiatyimiut.pl\/wp-content\/uploads\/2022\/09\/IMG_4698-2.jpg\" class=\"vc_single_image-img attachment-full\" alt=\"\" title=\"IMG_4698 2\" srcset=\"https:\/\/kwiatyimiut.pl\/wp-content\/uploads\/2022\/09\/IMG_4698-2.jpg 1170w, https:\/\/kwiatyimiut.pl\/wp-content\/uploads\/2022\/09\/IMG_4698-2-300x300.jpg 300w, https:\/\/kwiatyimiut.pl\/wp-content\/uploads\/2022\/09\/IMG_4698-2-1024x1024.jpg 1024w, https:\/\/kwiatyimiut.pl\/wp-content\/uploads\/2022\/09\/IMG_4698-2-150x150.jpg 150w, https:\/\/kwiatyimiut.pl\/wp-content\/uploads\/2022\/09\/IMG_4698-2-768x768.jpg 768w, https:\/\/kwiatyimiut.pl\/wp-content\/uploads\/2022\/09\/IMG_4698-2-12x12.jpg 12w, https:\/\/kwiatyimiut.pl\/wp-content\/uploads\/2022\/09\/IMG_4698-2-840x840.jpg 840w\" sizes=\"(max-width: 1170px) 100vw, 1170px\" \/><\/div>\n\t\t<\/figure>\n\t<\/div>\n<\/div><\/div><\/div><div class=\"wpb_column vc_column_container vc_col-sm-3\"><div class=\"vc_column-inner\"><div class=\"wpb_wrapper\">\n\t<div  class=\"wpb_single_image wpb_content_element vc_align_left wpb_content_element\">\n\t\t\n\t\t<figure class=\"wpb_wrapper vc_figure\">\n\t\t\t<div class=\"vc_single_image-wrapper   vc_box_border_grey\"><img loading=\"lazy\" decoding=\"async\" width=\"1055\" height=\"1055\" src=\"https:\/\/kwiatyimiut.pl\/wp-content\/uploads\/2022\/09\/IMG_4707.jpg\" class=\"vc_single_image-img attachment-full\" alt=\"\" title=\"IMG_4707\" srcset=\"https:\/\/kwiatyimiut.pl\/wp-content\/uploads\/2022\/09\/IMG_4707.jpg 1055w, https:\/\/kwiatyimiut.pl\/wp-content\/uploads\/2022\/09\/IMG_4707-300x300.jpg 300w, https:\/\/kwiatyimiut.pl\/wp-content\/uploads\/2022\/09\/IMG_4707-1024x1024.jpg 1024w, https:\/\/kwiatyimiut.pl\/wp-content\/uploads\/2022\/09\/IMG_4707-150x150.jpg 150w, https:\/\/kwiatyimiut.pl\/wp-content\/uploads\/2022\/09\/IMG_4707-768x768.jpg 768w, https:\/\/kwiatyimiut.pl\/wp-content\/uploads\/2022\/09\/IMG_4707-12x12.jpg 12w, https:\/\/kwiatyimiut.pl\/wp-content\/uploads\/2022\/09\/IMG_4707-840x840.jpg 840w\" sizes=\"(max-width: 1055px) 100vw, 1055px\" \/><\/div>\n\t\t<\/figure>\n\t<\/div>\n<\/div><\/div><\/div><\/div><div class=\"vc_row-full-width vc_clearfix\"><\/div>\n<\/div>","protected":false},"excerpt":{"rendered":"Ostatnie kwiaty powinny by\u0107 najpi\u0119kniejsze Z delikatno\u015bci\u0105 i zrozumieniem pomo\u017cemy Ci w wyborze odpowiedniej kompozycji pogrzebowej. W naszej ofercie posiadamy kilka propozycji. Opr\u00f3cz klasycznej wi\u0105zanki uk\u0142adanej w r\u0119ku mo\u017cemy zaproponowa\u0107&hellip;","protected":false},"author":2,"featured_media":0,"parent":0,"menu_order":0,"comment_status":"closed","ping_status":"closed","template":"","meta":{"footnotes":""},"class_list":["post-9700","page","type-page","status-publish","hentry"],"_links":{"self":[{"href":"https:\/\/kwiatyimiut.pl\/en\/wp-json\/wp\/v2\/pages\/9700","targetHints":{"allow":["GET"]}}],"collection":[{"href":"https:\/\/kwiatyimiut.pl\/en\/wp-json\/wp\/v2\/pages"}],"about":[{"href":"https:\/\/kwiatyimiut.pl\/en\/wp-json\/wp\/v2\/types\/page"}],"author":[{"embeddable":true,"href":"https:\/\/kwiatyimiut.pl\/en\/wp-json\/wp\/v2\/users\/2"}],"replies":[{"embeddable":true,"href":"https:\/\/kwiatyimiut.pl\/en\/wp-json\/wp\/v2\/comments?post=9700"}],"version-history":[{"count":6,"href":"https:\/\/kwiatyimiut.pl\/en\/wp-json\/wp\/v2\/pages\/9700\/revisions"}],"predecessor-version":[{"id":23664,"href":"https:\/\/kwiatyimiut.pl\/en\/wp-json\/wp\/v2\/pages\/9700\/revisions\/23664"}],"wp:attachment":[{"href":"https:\/\/kwiatyimiut.pl\/en\/wp-json\/wp\/v2\/media?parent=9700"}],"curies":[{"name":"wp","href":"https:\/\/api.w.org\/{rel}","templated":true}]}}