{"id":972,"date":"2018-09-18T08:39:03","date_gmt":"2018-09-18T08:39:03","guid":{"rendered":"http:\/\/konte.uix.store\/?page_id=972"},"modified":"2026-04-14T16:49:25","modified_gmt":"2026-04-14T14:49:25","slug":"home-v5","status":"publish","type":"page","link":"https:\/\/kwiatyimiut.pl\/en\/","title":{"rendered":"Strona g\u0142\u00f3wna"},"content":{"rendered":"<div class=\"wpb-content-wrapper\"><div data-vc-full-width=\"true\" data-vc-full-width-temp=\"true\" data-vc-full-width-init=\"false\" data-vc-stretch-content=\"true\" class=\"vc_row wpb_row vc_row-fluid vc_row-no-padding\"><div class=\"wpb_column vc_column_container vc_col-sm-12\"><div class=\"vc_column-inner\"><div class=\"wpb_wrapper\">\n\t<div class=\"wpb_text_column wpb_content_element\" >\n\t\t<div class=\"wpb_wrapper\">\n\t\t\t\n\t\t\t<!-- START Home 10 REVOLUTION SLIDER 6.7.40 --><p class=\"rs-p-wp-fix\"><\/p>\n\t\t\t<rs-module-wrap id=\"rev_slider_2_1_wrapper\" data-source=\"gallery\" style=\"visibility:hidden;background:transparent;padding:0;margin:0px auto;margin-top:0;margin-bottom:0;\">\n\t\t\t\t<rs-module id=\"rev_slider_2_1\" style=\"\" data-version=\"6.7.40\">\n\t\t\t\t\t<rs-slides style=\"overflow: hidden; position: absolute;\">\n\t\t\t\t\t\t<rs-slide style=\"position: absolute;\" data-key=\"rs-81\" data-title=\"Slide\" data-anim=\"adpr:false;ms:600;\" data-in=\"o:0;\" data-out=\"a:false;\">\n\t\t\t\t\t\t\t<img fetchpriority=\"high\" decoding=\"async\" src=\"\/\/kwiatyimiut.pl\/wp-content\/plugins\/revslider\/sr6\/assets\/assets\/dummy.png\" alt=\"\" title=\"baner-str-internetowa-warsztaty_26_1\" width=\"2560\" height=\"1164\" class=\"rev-slidebg tp-rs-img rs-lazyload\" data-lazyload=\"\/\/kwiatyimiut.pl\/wp-content\/uploads\/2026\/01\/baner-str-internetowa-warsztaty_26_1-scaled.jpg\" data-no-retina>\n<!--\n\t\t\t\t\t\t\t--><rs-layer\n\t\t\t\t\t\t\t\tid=\"slider-2-slide-81-layer-1\" \n\t\t\t\t\t\t\t\tdata-type=\"text\"\n\t\t\t\t\t\t\t\tdata-tsh=\"b:20px;\"\n\t\t\t\t\t\t\t\tdata-xy=\"x:c;xo:-90px,0,0,0;y:m;yo:0,-40px,-60px,-30px;\"\n\t\t\t\t\t\t\t\tdata-text=\"s:36,32,36,24;l:45,38,44,32;fw:500;\"\n\t\t\t\t\t\t\t\tdata-dim=\"w:720,600px,500px,300px;\"\n\t\t\t\t\t\t\t\tdata-basealign=\"slide\"\n\t\t\t\t\t\t\t\tdata-rsp_o=\"off\"\n\t\t\t\t\t\t\t\tdata-rsp_bd=\"off\"\n\t\t\t\t\t\t\t\tdata-frame_0=\"y:31px,31px,31px,44px;\"\n\t\t\t\t\t\t\t\tdata-frame_1=\"e:power4.inOut;st:200;sp:2000;sR:200;\"\n\t\t\t\t\t\t\t\tdata-frame_999=\"o:0;st:w;sR:6800;\"\n\t\t\t\t\t\t\t\tstyle=\"z-index:6;font-family:'Poppins';\"\n\t\t\t\t\t\t\t>KURSY I WARSZTATY \n\t\t\t\t\t\t\t<\/rs-layer><!--\n\n\t\t\t\t\t\t\t--><rs-layer\n\t\t\t\t\t\t\t\tid=\"slider-2-slide-81-layer-2\" \n\t\t\t\t\t\t\t\tdata-type=\"text\"\n\t\t\t\t\t\t\t\tdata-tsh=\"b:20px,17px,12px,7px;\"\n\t\t\t\t\t\t\t\tdata-xy=\"x:c;xo:-2px,0,0,-52px;y:m;yo:-81px,-100px,-120px,-74px;\"\n\t\t\t\t\t\t\t\tdata-text=\"w:nowrap,normal,normal,nowrap;s:22,26,20,18;l:22,34,26,23;fw:500,500,400,400;\"\n\t\t\t\t\t\t\t\tdata-dim=\"w:900px,600px,500px,auto;\"\n\t\t\t\t\t\t\t\tdata-basealign=\"slide\"\n\t\t\t\t\t\t\t\tdata-rsp_o=\"off\"\n\t\t\t\t\t\t\t\tdata-rsp_bd=\"off\"\n\t\t\t\t\t\t\t\tdata-frame_0=\"y:33px,33px,33px,45px;\"\n\t\t\t\t\t\t\t\tdata-frame_1=\"e:power2.inOut;sp:2000;sR:10;\"\n\t\t\t\t\t\t\t\tdata-frame_999=\"o:0;st:w;sR:6990;\"\n\t\t\t\t\t\t\t\tstyle=\"z-index:5;font-family:'Poppins';\"\n\t\t\t\t\t\t\t> \n\t\t\t\t\t\t\t<\/rs-layer><!--\n\n\t\t\t\t\t\t\t--><a\n\t\t\t\t\t\t\t\tid=\"slider-2-slide-81-layer-3\" \n\t\t\t\t\t\t\t\tclass=\"rs-layer rev-btn\"\n\t\t\t\t\t\t\t\thref=\"https:\/\/szkolakwiatyimiut.pl\/oferta\/szkola-2025\/\" target=\"_self\" rel=\"nofollow\"\n\t\t\t\t\t\t\t\tdata-type=\"button\"\n\t\t\t\t\t\t\t\tdata-color=\"#ff3a2d\"\n\t\t\t\t\t\t\t\tdata-xy=\"x:c;xo:-354px,-202px,-160px,-80px;y:m;yo:100px,40px,18px,30px;\"\n\t\t\t\t\t\t\t\tdata-text=\"s:16,16,14,12;l:45,45,45,30;fw:500;a:center;\"\n\t\t\t\t\t\t\t\tdata-dim=\"w:190px,190px,180px,136px;\"\n\t\t\t\t\t\t\t\tdata-basealign=\"slide\"\n\t\t\t\t\t\t\t\tdata-rsp_o=\"off\"\n\t\t\t\t\t\t\t\tdata-rsp_bd=\"off\"\n\t\t\t\t\t\t\t\tdata-border=\"bos:solid;boc:#ffffff;bow:1,1,1,1;\"\n\t\t\t\t\t\t\t\tdata-frame_0=\"y:57px,57px,57px,39px;\"\n\t\t\t\t\t\t\t\tdata-frame_1=\"e:power2.inOut;st:400;sp:2000;sR:400;\"\n\t\t\t\t\t\t\t\tdata-frame_999=\"o:0;st:w;sR:6600;\"\n\t\t\t\t\t\t\t\tdata-frame_hover=\"c:#fff;bgc:#e62547;boc:#e62547;bor:0px,0px,0px,0px;bos:solid;bow:1,1,1,1;oX:50;oY:50;sp:400;e:none;\"\n\t\t\t\t\t\t\t\tstyle=\"z-index:7;background-color:#ffffff;font-family:'function_pro', 'Poppins', 'sans-serif';cursor:pointer;outline:none;box-shadow:none;box-sizing:border-box;-moz-box-sizing:border-box;-webkit-box-sizing:border-box;\"\n\t\t\t\t\t\t\t>ZOBACZ \n\t\t\t\t\t\t\t<\/a><!--\n-->\t\t\t\t\t<\/rs-slide>\n\t\t\t\t\t<\/rs-slides>\n\t\t\t\t\t<rs-static-layers><!--\n\t\t\t\t\t--><\/rs-static-layers>\n\t\t\t\t<\/rs-module>\n\t\t\t\t<script>\n\t\t\t\t\tsetREVStartSize({c: 'rev_slider_2_1',rl:[1240,1024,778,480],el:[740,767,960,720],gw:[1140,1024,778,480],gh:[740,768,960,720],type:'standard',justify:'',layout:'fullwidth',mh:\"0\"});if (window.RS_MODULES!==undefined && window.RS_MODULES.modules!==undefined && window.RS_MODULES.modules[\"revslider21\"]!==undefined) {window.RS_MODULES.modules[\"revslider21\"].once = false;window.revapi2 = undefined;if (window.RS_MODULES.checkMinimal!==undefined) window.RS_MODULES.checkMinimal()}\n\t\t\t\t<\/script>\n\t\t\t<\/rs-module-wrap>\n\t\t\t<!-- END REVOLUTION SLIDER -->\n\n\n\t\t<\/div>\n\t<\/div>\n<\/div><\/div><\/div><\/div><div class=\"vc_row-full-width vc_clearfix\"><\/div><div data-vc-full-width=\"true\" data-vc-full-width-temp=\"true\" data-vc-full-width-init=\"false\" class=\"vc_row wpb_row vc_row-fluid\"><div class=\"wpb_column vc_column_container vc_col-sm-12\"><div class=\"vc_column-inner\"><div class=\"wpb_wrapper\">\n\t<div class=\"wpb_text_column wpb_content_element\" >\n\t\t<div class=\"wpb_wrapper\">\n\t\t\t<h3 style=\"text-align: center;\">Zapisz si\u0119\u00a0do naszego newslettera<\/h3>\n\n\t\t<\/div>\n\t<\/div>\n<div class=\"vc_row wpb_row vc_inner vc_row-fluid\"><div class=\"wpb_column vc_column_container vc_col-sm-2 vc_hidden-sm vc_hidden-xs\"><div class=\"vc_column-inner\"><div class=\"wpb_wrapper\"><\/div><\/div><\/div><div class=\"wpb_column vc_column_container vc_col-sm-8\"><div class=\"vc_column-inner\"><div class=\"wpb_wrapper\">\n\t<div class=\"wpb_raw_code wpb_raw_html wpb_content_element\" >\n\t\t<div class=\"wpb_wrapper\">\n\t\t\tPodaj\u0105c sw\u00f3j adres e-mail oraz klikaj\u0105c przycisk \"Zapisz si\u0119\" wyra\u017casz zgod\u0119 na otrzymywanie od nas newsletter\u00f3w i akceptujesz <a href=\"\/regulamin\" target=\"_blank\">Regulamin<\/a> i <a href=\"\/polityka-prywatnosci\" target=\"_blank\">Polityk\u0119 Prywatno\u015bci<\/a>.\n<getresponse-form form-id=\"096dbc53-4e1a-4b0d-bc79-54be7a838988\" e=\"0\"><\/getresponse-form>\n\t\t<\/div>\n\t<\/div>\n<\/div><\/div><\/div><div class=\"wpb_column vc_column_container vc_col-sm-2 vc_hidden-sm vc_hidden-xs\"><div class=\"vc_column-inner\"><div class=\"wpb_wrapper\"><\/div><\/div><\/div><\/div><div class=\"vc_separator wpb_content_element vc_separator_align_center vc_sep_width_100 vc_sep_border_width_10 vc_sep_pos_align_center vc_separator_no_text vc_sep_color_white wpb_content_element  wpb_content_element\" ><span class=\"vc_sep_holder vc_sep_holder_l\"><span class=\"vc_sep_line\"><\/span><\/span><span class=\"vc_sep_holder vc_sep_holder_r\"><span class=\"vc_sep_line\"><\/span><\/span>\n<\/div><\/div><\/div><\/div><\/div><div class=\"vc_row-full-width vc_clearfix\"><\/div><div class=\"vc_row wpb_row vc_row-fluid\"><div class=\"wpb_column vc_column_container vc_col-sm-12\"><div class=\"vc_column-inner\"><div class=\"wpb_wrapper\"><div class=\"vc_row wpb_row vc_inner vc_row-fluid\"><div class=\"wpb_column vc_column_container vc_col-sm-12\"><div class=\"vc_column-inner\"><div class=\"wpb_wrapper\"><\/div><\/div><\/div><\/div><style type=\"text\/css\">\n\t\t\t.konte-banner-grid__69e88c755fb4c .konte-banner-grid__banner1 .banner-image {\n\t\t\t\tbackground-image: url(https:\/\/kwiatyimiut.pl\/wp-content\/uploads\/2025\/01\/nozyce.jpg);\n\t\t\t\tbackground-position: center bottom;\n\t\t\t}\n\t\t\t@media (max-width: 767px) {\n\t\t\t\t.konte-banner-grid__69e88c755fb4c .konte-banner-grid__banner1 .banner-image {\n\t\t\t\t\tbackground-position: right top;\n\t\t\t\t}\n\t\t\t}\n\t\t\n\t\t\t.konte-banner-grid__69e88c755fb4c .konte-banner-grid__banner2 .banner-image {\n\t\t\t\tbackground-image: url(https:\/\/kwiatyimiut.pl\/wp-content\/uploads\/2022\/01\/112A0231-2.jpg);\n\t\t\t\tbackground-position: center bottom;\n\t\t\t}\n\t\t\t@media (max-width: 767px) {\n\t\t\t\t.konte-banner-grid__69e88c755fb4c .konte-banner-grid__banner2 .banner-image {\n\t\t\t\t\tbackground-position: center bottom;\n\t\t\t\t}\n\t\t\t}\n\t\t\n\t\t\t.konte-banner-grid__69e88c755fb4c .konte-banner-grid__banner3 .banner-image {\n\t\t\t\tbackground-image: url(https:\/\/kwiatyimiut.pl\/wp-content\/uploads\/2025\/11\/392A9732-2-scaled.jpg);\n\t\t\t\tbackground-position: center center;\n\t\t\t}\n\t\t\t@media (max-width: 767px) {\n\t\t\t\t.konte-banner-grid__69e88c755fb4c .konte-banner-grid__banner3 .banner-image {\n\t\t\t\t\tbackground-position: center center;\n\t\t\t\t}\n\t\t\t}\n\t\t\n\t\t\t.konte-banner-grid__69e88c755fb4c .konte-banner-grid__banner4 .banner-image {\n\t\t\t\tbackground-image: url(https:\/\/kwiatyimiut.pl\/wp-content\/uploads\/2026\/02\/392A0648_RGB.jpg);\n\t\t\t\tbackground-position: center bottom;\n\t\t\t}\n\t\t\t@media (max-width: 767px) {\n\t\t\t\t.konte-banner-grid__69e88c755fb4c .konte-banner-grid__banner4 .banner-image {\n\t\t\t\t\tbackground-position: center bottom;\n\t\t\t\t}\n\t\t\t}\n\t\t\n\t\t\t.konte-banner-grid__69e88c755fb4c { height: 1504px }\n\t\t\t@media (max-width: 1199px) { .konte-banner-grid__69e88c755fb4c { height: 1050px } }\n\t\t\t@media (max-width: 991px) { .konte-banner-grid__69e88c755fb4c { height: 900px } }\n\t\t\t@media (max-width: 767px) { .konte-banner-grid__69e88c755fb4c { height: 1800px } }\n\t\t\t<\/style><div class=\"konte-banner-grid__69e88c755fb4c konte-banner-grid gap-4  \"><div class=\"konte-banner-grid__banner1 konte-banner-grid__banner text-position-top-left text-light \">\n\t\t\t\t<a href=\"https:\/\/kwiatyimiut.pl\/sklep\/dla-florysty\/narzedzia\/\" target=\"\" rel=\"\" title=\"\" class=\"konte-banner-grid__banner-link\">\n\t\t\t\t\t<span class=\"konte-banner-grid__banner-image banner-image\"><\/span>\n\t\t\t\t\t<span class=\"konte-banner-grid__banner-content banner-content\">\n\t\t\t\t\t\t<span class=\"konte-banner-grid__banner-tagline\">NARZ\u0118DZIA<\/span>\n\t\t\t\t\t\t<span class=\"konte-banner-grid__banner-text banner-title\">No\u017cyce i Kenzany<\/span>\n\t\t\t\t\t\t<span class=\"konte-button button-underline underline-small underline-left\">Zobacz<\/span>\n\t\t\t\t\t<\/span>\n\t\t\t\t<\/a>\n\t\t\t<\/div><div class=\"konte-banner-grid__banner2 konte-banner-grid__banner text-position-top-left text-light \">\n\t\t\t\t<a href=\"https:\/\/kwiatyimiut.pl\/produkt\/elementarz-kwiatowy\/\" target=\"\" rel=\"\" title=\"\" class=\"konte-banner-grid__banner-link\">\n\t\t\t\t\t<span class=\"konte-banner-grid__banner-image banner-image\"><\/span>\n\t\t\t\t\t<span class=\"konte-banner-grid__banner-content banner-content\">\n\t\t\t\t\t\t<span class=\"konte-banner-grid__banner-tagline\">KSI\u0104\u017bKA<\/span>\n\t\t\t\t\t\t<span class=\"konte-banner-grid__banner-text banner-title\">Elementarz kwiatowy<\/span>\n\t\t\t\t\t\t<span class=\"konte-button button-underline underline-small underline-left\">Zobacz<\/span>\n\t\t\t\t\t<\/span>\n\t\t\t\t<\/a>\n\t\t\t<\/div><div class=\"konte-banner-grid__banner3 konte-banner-grid__banner text-position-top-left text-light \">\n\t\t\t\t<a href=\"https:\/\/kwiatyimiut.pl\/produkt\/roza-jerychonska\/\" target=\"\" rel=\"\" title=\"\" class=\"konte-banner-grid__banner-link\">\n\t\t\t\t\t<span class=\"konte-banner-grid__banner-image banner-image\"><\/span>\n\t\t\t\t\t<span class=\"konte-banner-grid__banner-content banner-content\">\n\t\t\t\t\t\t<span class=\"konte-banner-grid__banner-tagline\">NA PREZENT<\/span>\n\t\t\t\t\t\t<span class=\"konte-banner-grid__banner-text banner-title\">R\u00f3\u017ca Jerycho\u0144ska<\/span>\n\t\t\t\t\t\t<span class=\"konte-button button-underline underline-small underline-left\">Zobacz<\/span>\n\t\t\t\t\t<\/span>\n\t\t\t\t<\/a>\n\t\t\t<\/div><div class=\"konte-banner-grid__banner4 konte-banner-grid__banner text-position-top-left text-light \">\n\t\t\t\t<a href=\"https:\/\/kwiatyimiut.pl\/sklep\/od-kwiatymiut\/pocztowki\/\" target=\"\" rel=\"\" title=\"\" class=\"konte-banner-grid__banner-link\">\n\t\t\t\t\t<span class=\"konte-banner-grid__banner-image banner-image\"><\/span>\n\t\t\t\t\t<span class=\"konte-banner-grid__banner-content banner-content\">\n\t\t\t\t\t\t<span class=\"konte-banner-grid__banner-tagline\">Poczt\u00f3wki<\/span>\n\t\t\t\t\t\t<span class=\"konte-banner-grid__banner-text banner-title\">KWIATY&amp;MIUT<\/span>\n\t\t\t\t\t\t<span class=\"konte-button button-underline underline-small underline-left\">Zobacz<\/span>\n\t\t\t\t\t<\/span>\n\t\t\t\t<\/a>\n\t\t\t<\/div><\/div><\/div><\/div><\/div><div class=\"wpb_column vc_column_container vc_col-sm-12\"><div class=\"vc_column-inner\"><div class=\"wpb_wrapper\"><\/div><\/div><\/div><\/div><div class=\"vc_row wpb_row vc_row-fluid\"><div class=\"wpb_column vc_column_container vc_col-sm-12\"><div class=\"vc_column-inner\"><div class=\"wpb_wrapper\"><div class=\"konte-empty-space \" style=\"height: 32px\"><\/div><\/div><\/div><\/div><\/div><div class=\"vc_row wpb_row vc_row-fluid\"><div class=\"wpb_column vc_column_container vc_col-sm-12\"><div class=\"vc_column-inner\"><div class=\"wpb_wrapper\"><div class=\"konte-empty-space \" style=\"height: 30px\"><\/div>\n\t<div class=\"wpb_text_column wpb_content_element\" >\n\t\t<div class=\"wpb_wrapper\">\n\t\t\t<h3 style=\"text-align: center;\">Blog<\/h3>\n\n\t\t<\/div>\n\t<\/div>\n<div class=\"konte-post-carousel konte-post-grid dots-center \" data-slick=\"{&quot;dots&quot;:true,&quot;arrows&quot;:false,&quot;infinite&quot;:true,&quot;slidesToShow&quot;:4,&quot;slidesToScroll&quot;:4}\" ><div class=\"post-23978 post type-post status-publish format-standard has-post-thumbnail hentry category-miut-casa\">\n\t\t\t\t\t<a href=\"https:\/\/kwiatyimiut.pl\/en\/miut-casa\/krysztaly-ach-krysztaly\/\" class=\"post-thumbnail\"><img decoding=\"async\" width=\"450\" height=\"300\" src=\"https:\/\/kwiatyimiut.pl\/wp-content\/uploads\/2026\/03\/392A0394-450x300.jpg\" class=\"attachment-konte-post-thumbnail-shortcode size-konte-post-thumbnail-shortcode wp-post-image\" alt=\"\" srcset=\"https:\/\/kwiatyimiut.pl\/wp-content\/uploads\/2026\/03\/392A0394-450x300.jpg 450w, https:\/\/kwiatyimiut.pl\/wp-content\/uploads\/2026\/03\/392A0394-100x68.jpg 100w\" sizes=\"(max-width: 450px) 100vw, 450px\" \/><\/a>\n\t\t\t\t\t<div class=\"konte-post-grid__summary\">\n\t\t\t\t\t\t<h5 class=\"post-title\"><a href=\"https:\/\/kwiatyimiut.pl\/en\/miut-casa\/krysztaly-ach-krysztaly\/\" rel=\"bookmark\">Kryszta\u0142y, ach! kryszta\u0142y&#8230;&#8230;<\/a><\/h5>\n\t\t\t\t\t\t<div class=\"post-summary\">Kryszta\u0142y, ach! kryszta\u0142y&#8230;&#8230; Swego czasu synonim bogactwa i luksusu. P\u00f3\u017aniej obciach. Teraz na nowo wzbudzaj\u0105 zainteresowanie. Cho\u0107 znane by\u0142y ju\u017c w Staro\u017cytno\u015bci, technologia ich produkcji dopracowana zosta\u0142 w XVII wieku&hellip;<\/div>\n\t\t\t\t\t\t<a class=\"button alt\" href=\"https:\/\/kwiatyimiut.pl\/en\/miut-casa\/krysztaly-ach-krysztaly\/\">Continue reading<\/a>\n\t\t\t\t\t<\/div>\n\t\t\t\t<\/div><div class=\"post-23911 post type-post status-publish format-standard has-post-thumbnail hentry category-kanal-kwiatymiut\">\n\t\t\t\t\t<a href=\"https:\/\/kwiatyimiut.pl\/en\/kanal-kwiatymiut\/jaja-ceramiczne-kobalt-km\/\" class=\"post-thumbnail\"><img decoding=\"async\" width=\"450\" height=\"300\" src=\"https:\/\/kwiatyimiut.pl\/wp-content\/uploads\/2026\/03\/392A0290-450x300.jpg\" class=\"attachment-konte-post-thumbnail-shortcode size-konte-post-thumbnail-shortcode wp-post-image\" alt=\"\" srcset=\"https:\/\/kwiatyimiut.pl\/wp-content\/uploads\/2026\/03\/392A0290-450x300.jpg 450w, https:\/\/kwiatyimiut.pl\/wp-content\/uploads\/2026\/03\/392A0290-300x200.jpg 300w, https:\/\/kwiatyimiut.pl\/wp-content\/uploads\/2026\/03\/392A0290-1024x683.jpg 1024w, https:\/\/kwiatyimiut.pl\/wp-content\/uploads\/2026\/03\/392A0290-768x512.jpg 768w, https:\/\/kwiatyimiut.pl\/wp-content\/uploads\/2026\/03\/392A0290-1536x1024.jpg 1536w, https:\/\/kwiatyimiut.pl\/wp-content\/uploads\/2026\/03\/392A0290-2048x1365.jpg 2048w, https:\/\/kwiatyimiut.pl\/wp-content\/uploads\/2026\/03\/392A0290-18x12.jpg 18w, https:\/\/kwiatyimiut.pl\/wp-content\/uploads\/2026\/03\/392A0290-100x68.jpg 100w, https:\/\/kwiatyimiut.pl\/wp-content\/uploads\/2026\/03\/392A0290-840x560.jpg 840w\" sizes=\"(max-width: 450px) 100vw, 450px\" \/><\/a>\n\t\t\t\t\t<div class=\"konte-post-grid__summary\">\n\t\t\t\t\t\t<h5 class=\"post-title\"><a href=\"https:\/\/kwiatyimiut.pl\/en\/kanal-kwiatymiut\/jaja-ceramiczne-kobalt-km\/\" rel=\"bookmark\">Jaja ceramiczne kobalt K&#038;M<\/a><\/h5>\n\t\t\t\t\t\t<div class=\"post-summary\">Jaja ceramiczne malowane kobaltem przez \u0141ukasza Marcinkowskiego. Inspiracj\u0105 do stworzenia tej kolekcji jest kobalt, kt\u00f3ry przewija si\u0119 w historii ceramiki od tysi\u0119cy lat. Chi\u0144ska porcelana, niderlandzkie delty, czy polski Boles\u0142awiec,&hellip;<\/div>\n\t\t\t\t\t\t<a class=\"button alt\" href=\"https:\/\/kwiatyimiut.pl\/en\/kanal-kwiatymiut\/jaja-ceramiczne-kobalt-km\/\">Continue reading<\/a>\n\t\t\t\t\t<\/div>\n\t\t\t\t<\/div><div class=\"post-23900 post type-post status-publish format-standard has-post-thumbnail hentry category-kanal-kwiatymiut category-miut-casa category-swieta\">\n\t\t\t\t\t<a href=\"https:\/\/kwiatyimiut.pl\/en\/miut-casa\/sentymentalne-swieta\/\" class=\"post-thumbnail\"><img loading=\"lazy\" decoding=\"async\" width=\"450\" height=\"300\" src=\"https:\/\/kwiatyimiut.pl\/wp-content\/uploads\/2026\/03\/392A0184-450x300.jpg\" class=\"attachment-konte-post-thumbnail-shortcode size-konte-post-thumbnail-shortcode wp-post-image\" alt=\"\" srcset=\"https:\/\/kwiatyimiut.pl\/wp-content\/uploads\/2026\/03\/392A0184-450x300.jpg 450w, https:\/\/kwiatyimiut.pl\/wp-content\/uploads\/2026\/03\/392A0184-300x200.jpg 300w, https:\/\/kwiatyimiut.pl\/wp-content\/uploads\/2026\/03\/392A0184-1024x683.jpg 1024w, https:\/\/kwiatyimiut.pl\/wp-content\/uploads\/2026\/03\/392A0184-768x512.jpg 768w, https:\/\/kwiatyimiut.pl\/wp-content\/uploads\/2026\/03\/392A0184-1536x1024.jpg 1536w, https:\/\/kwiatyimiut.pl\/wp-content\/uploads\/2026\/03\/392A0184-2048x1365.jpg 2048w, https:\/\/kwiatyimiut.pl\/wp-content\/uploads\/2026\/03\/392A0184-18x12.jpg 18w, https:\/\/kwiatyimiut.pl\/wp-content\/uploads\/2026\/03\/392A0184-100x68.jpg 100w, https:\/\/kwiatyimiut.pl\/wp-content\/uploads\/2026\/03\/392A0184-840x560.jpg 840w\" sizes=\"(max-width: 450px) 100vw, 450px\" \/><\/a>\n\t\t\t\t\t<div class=\"konte-post-grid__summary\">\n\t\t\t\t\t\t<h5 class=\"post-title\"><a href=\"https:\/\/kwiatyimiut.pl\/en\/miut-casa\/sentymentalne-swieta\/\" rel=\"bookmark\">Sentymentalne \u015bwi\u0119ta<\/a><\/h5>\n\t\t\t\t\t\t<div class=\"post-summary\"><\/div>\n\t\t\t\t\t\t<a class=\"button alt\" href=\"https:\/\/kwiatyimiut.pl\/en\/miut-casa\/sentymentalne-swieta\/\">Continue reading<\/a>\n\t\t\t\t\t<\/div>\n\t\t\t\t<\/div><div class=\"post-23323 post type-post status-publish format-standard has-post-thumbnail hentry category-kanal-kwiatymiut category-miut-casa\">\n\t\t\t\t\t<a href=\"https:\/\/kwiatyimiut.pl\/en\/miut-casa\/roza-jerychonska-cud-zmartwychwstania-natury\/\" class=\"post-thumbnail\"><img loading=\"lazy\" decoding=\"async\" width=\"450\" height=\"300\" src=\"https:\/\/kwiatyimiut.pl\/wp-content\/uploads\/2025\/11\/392A1316-2-450x300.jpg\" class=\"attachment-konte-post-thumbnail-shortcode size-konte-post-thumbnail-shortcode wp-post-image\" alt=\"\" srcset=\"https:\/\/kwiatyimiut.pl\/wp-content\/uploads\/2025\/11\/392A1316-2-450x300.jpg 450w, https:\/\/kwiatyimiut.pl\/wp-content\/uploads\/2025\/11\/392A1316-2-100x68.jpg 100w\" sizes=\"(max-width: 450px) 100vw, 450px\" \/><\/a>\n\t\t\t\t\t<div class=\"konte-post-grid__summary\">\n\t\t\t\t\t\t<h5 class=\"post-title\"><a href=\"https:\/\/kwiatyimiut.pl\/en\/miut-casa\/roza-jerychonska-cud-zmartwychwstania-natury\/\" rel=\"bookmark\">R\u00f3\u017ca jerycho\u0144ska &#8211; cud zmartwychwstania natury<\/a><\/h5>\n\t\t\t\t\t\t<div class=\"post-summary\"><\/div>\n\t\t\t\t\t\t<a class=\"button alt\" href=\"https:\/\/kwiatyimiut.pl\/en\/miut-casa\/roza-jerychonska-cud-zmartwychwstania-natury\/\">Continue reading<\/a>\n\t\t\t\t\t<\/div>\n\t\t\t\t<\/div><\/div><\/div><\/div><\/div><\/div>\n<\/div>","protected":false},"excerpt":{"rendered":"Selaginella lepidophylla \u2013 widliczka \u0142uskowata, ma korzenie, \u0142odyg\u0119 i li\u015bcie, ale nie ma kwiat\u00f3w. Nale\u017cy do gromady paprotnik\u00f3w, a wi\u0119c rozmna\u017ca si\u0119 przez zarodniki zebrane w k\u0142osy zarodniono\u015bne. Widliczka zawiera&hellip;","protected":false},"author":1,"featured_media":0,"parent":0,"menu_order":0,"comment_status":"closed","ping_status":"closed","template":"","meta":{"footnotes":""},"class_list":["post-972","page","type-page","status-publish","hentry"],"_links":{"self":[{"href":"https:\/\/kwiatyimiut.pl\/en\/wp-json\/wp\/v2\/pages\/972","targetHints":{"allow":["GET"]}}],"collection":[{"href":"https:\/\/kwiatyimiut.pl\/en\/wp-json\/wp\/v2\/pages"}],"about":[{"href":"https:\/\/kwiatyimiut.pl\/en\/wp-json\/wp\/v2\/types\/page"}],"author":[{"embeddable":true,"href":"https:\/\/kwiatyimiut.pl\/en\/wp-json\/wp\/v2\/users\/1"}],"replies":[{"embeddable":true,"href":"https:\/\/kwiatyimiut.pl\/en\/wp-json\/wp\/v2\/comments?post=972"}],"version-history":[{"count":7,"href":"https:\/\/kwiatyimiut.pl\/en\/wp-json\/wp\/v2\/pages\/972\/revisions"}],"predecessor-version":[{"id":24012,"href":"https:\/\/kwiatyimiut.pl\/en\/wp-json\/wp\/v2\/pages\/972\/revisions\/24012"}],"wp:attachment":[{"href":"https:\/\/kwiatyimiut.pl\/en\/wp-json\/wp\/v2\/media?parent=972"}],"curies":[{"name":"wp","href":"https:\/\/api.w.org\/{rel}","templated":true}]}}