{"id":11622,"date":"2022-03-07T10:31:32","date_gmt":"2022-03-07T09:31:32","guid":{"rendered":"https:\/\/kwiatyimiut.pl\/?post_type=product&#038;p=11622"},"modified":"2026-04-21T22:48:14","modified_gmt":"2026-04-21T20:48:14","slug":"talon","status":"publish","type":"product","link":"https:\/\/kwiatyimiut.pl\/en\/product\/talon\/","title":{"rendered":"Talon"},"content":{"rendered":"","protected":false},"excerpt":{"rendered":"<p>Podaruj mo\u017cliwo\u015b\u0107 wyboru prezentu w naszym sklepie.<\/p>\n<p>Talonu nie mo\u017cna wymieni\u0107 na got\u00f3wk\u0119. W przypadku niewykorzystania<br \/>\npe\u0142nej warto\u015bci talonu, r\u00f3\u017cnica nie jest zwracana. Je\u017celi warto\u015b\u0107<br \/>\nzam\u00f3wionych towar\u00f3w jest wy\u017csza ni\u017c warto\u015b\u0107 talonu, r\u00f3\u017cnic\u0119 nale\u017cy<br \/>\ndop\u0142aci\u0107 w wybrany spos\u00f3b.<\/p>\n<p>Wa\u017cno\u015b\u0107 talonu to jeden rok od daty jego wystawienia.<\/p>","protected":false},"featured_media":11611,"template":"","meta":[],"product_brand":[],"product_cat":[224],"product_tag":[],"class_list":{"0":"post-11622","1":"product","2":"type-product","3":"status-publish","4":"has-post-thumbnail","6":"product_cat-bony","8":"first","9":"instock","10":"shipping-taxable","11":"purchasable","12":"product-type-variable"},"_links":{"self":[{"href":"https:\/\/kwiatyimiut.pl\/en\/wp-json\/wp\/v2\/product\/11622","targetHints":{"allow":["GET"]}}],"collection":[{"href":"https:\/\/kwiatyimiut.pl\/en\/wp-json\/wp\/v2\/product"}],"about":[{"href":"https:\/\/kwiatyimiut.pl\/en\/wp-json\/wp\/v2\/types\/product"}],"wp:featuredmedia":[{"embeddable":true,"href":"https:\/\/kwiatyimiut.pl\/en\/wp-json\/wp\/v2\/media\/11611"}],"wp:attachment":[{"href":"https:\/\/kwiatyimiut.pl\/en\/wp-json\/wp\/v2\/media?parent=11622"}],"wp:term":[{"taxonomy":"product_brand","embeddable":true,"href":"https:\/\/kwiatyimiut.pl\/en\/wp-json\/wp\/v2\/product_brand?post=11622"},{"taxonomy":"product_cat","embeddable":true,"href":"https:\/\/kwiatyimiut.pl\/en\/wp-json\/wp\/v2\/product_cat?post=11622"},{"taxonomy":"product_tag","embeddable":true,"href":"https:\/\/kwiatyimiut.pl\/en\/wp-json\/wp\/v2\/product_tag?post=11622"}],"curies":[{"name":"wp","href":"https:\/\/api.w.org\/{rel}","templated":true}]}}