{"id":11691,"date":"2022-03-11T16:36:42","date_gmt":"2022-03-11T15:36:42","guid":{"rendered":"https:\/\/kwiatyimiut.pl\/?post_type=product&#038;p=11691"},"modified":"2026-04-21T10:03:19","modified_gmt":"2026-04-21T08:03:19","slug":"ziemia-do-kaktusow","status":"publish","type":"product","link":"https:\/\/kwiatyimiut.pl\/en\/product\/ziemia-do-kaktusow\/","title":{"rendered":"Ziemia do kaktus\u00f3w"},"content":{"rendered":"","protected":false},"excerpt":{"rendered":"<p>Ekologiczna mieszanka ziemi do kaktus\u00f3w i sukulent\u00f3w.<\/p>\n<p>pojemno\u015b\u0107: 1 litr<\/p>","protected":false},"featured_media":11682,"template":"","meta":[],"product_brand":[],"product_cat":[327,185],"product_tag":[],"class_list":{"0":"post-11691","1":"product","2":"type-product","3":"status-publish","4":"has-post-thumbnail","6":"product_cat-przesadzanie-roslin-rosliny","7":"product_cat-rosliny","9":"first","10":"instock","11":"shipping-taxable","12":"purchasable","13":"product-type-simple"},"_links":{"self":[{"href":"https:\/\/kwiatyimiut.pl\/en\/wp-json\/wp\/v2\/product\/11691","targetHints":{"allow":["GET"]}}],"collection":[{"href":"https:\/\/kwiatyimiut.pl\/en\/wp-json\/wp\/v2\/product"}],"about":[{"href":"https:\/\/kwiatyimiut.pl\/en\/wp-json\/wp\/v2\/types\/product"}],"wp:featuredmedia":[{"embeddable":true,"href":"https:\/\/kwiatyimiut.pl\/en\/wp-json\/wp\/v2\/media\/11682"}],"wp:attachment":[{"href":"https:\/\/kwiatyimiut.pl\/en\/wp-json\/wp\/v2\/media?parent=11691"}],"wp:term":[{"taxonomy":"product_brand","embeddable":true,"href":"https:\/\/kwiatyimiut.pl\/en\/wp-json\/wp\/v2\/product_brand?post=11691"},{"taxonomy":"product_cat","embeddable":true,"href":"https:\/\/kwiatyimiut.pl\/en\/wp-json\/wp\/v2\/product_cat?post=11691"},{"taxonomy":"product_tag","embeddable":true,"href":"https:\/\/kwiatyimiut.pl\/en\/wp-json\/wp\/v2\/product_tag?post=11691"}],"curies":[{"name":"wp","href":"https:\/\/api.w.org\/{rel}","templated":true}]}}