{"id":12810,"date":"2022-05-17T13:33:23","date_gmt":"2022-05-17T11:33:23","guid":{"rendered":"https:\/\/kwiatyimiut.pl\/?post_type=product&#038;p=12810"},"modified":"2026-04-20T19:30:13","modified_gmt":"2026-04-20T17:30:13","slug":"swieca-do-masazu-paczuli-grejpfrut-ylang-ylang","status":"publish","type":"product","link":"https:\/\/kwiatyimiut.pl\/en\/product\/swieca-do-masazu-paczuli-grejpfrut-ylang-ylang\/","title":{"rendered":"\u015awieca do masa\u017cu &#8211; paczuli-grejpfrut-ylang ylang"},"content":{"rendered":"<p><b>\u015awieca do masa\u017cu w naczyniu ceramicznym: paczuli-grejpfrut-ylang ylang 250ml<\/b><\/p>\n<p>Masz ochot\u0119 na wizyt\u0119 w orientalnym spa? Teraz mo\u017cesz cieszy\u0107 si\u0119 nim ka\u017cdego wieczoru we w\u0142asnej sypialni lub \u0142azience, poniewa\u017c unikalna kompozycja olejk\u00f3w eterycznych zawarta w tej \u015bwiecy pobudza zmys\u0142y i przywodzi na my\u015bl relaksuj\u0105c\u0105 wizyt\u0119 w hinduskim gabinecie ajurwedyjskiego masa\u017cu. Drzewno-balsamiczne paczuli, egzotyczny kwiat ylang ylang oraz rze\u015bki i soczysty grejpfrut tworz\u0105 nieoczywisty, intryguj\u0105cy i pobudzaj\u0105cy zmys\u0142y zapach. \u015awieca do masa\u017cu wype\u0142niona jest woskiem sojowym, nierafinowanym mas\u0142em shea oraz olejem ze s\u0142odkich migda\u0142\u00f3w i dzi\u0119ki tak dobranym sk\u0142adnikom masa\u017c z jej wykorzystaniem relaksuje, wspomaga uk\u0142ad nerwowy i odporno\u015bciowy, pomaga chroni\u0107 przed infekcjami i \u0142agodzi\u0107 b\u00f3le migrenowe. Dodatkowo wyg\u0142adza i uj\u0119drnia sk\u00f3r\u0119, pomagaj\u0105c w walce z cellulitem, a jednocze\u015bnie \u0142agodzi napi\u0119cia i poprawia nastr\u00f3j, tworz\u0105c energetyzuj\u0105c\u0105 atmosfer\u0119.<\/p>\n<p>Nak\u0142adanie na sk\u00f3r\u0119 ciep\u0142ego olejku jest przyjemne i proste. Pi\u0119kne, r\u0119cznie wykonane w pracowni HVILKA naczynie ceramiczne ze specjalnie wyprofilowanym brzegiem pozwala na \u0142atw\u0105 aplikacj\u0119, a dodatkowo ozdabia wn\u0119trze i sprawia, \u017ce u\u017cywanie \u015bwiecy staje si\u0119 prawdziwie luksusowym rytua\u0142em.<\/p>\n<p><b>Jak u\u017cywa\u0107:<\/b><\/p>\n<p>Rozpal \u015bwiec\u0119 i poczekaj oko\u0142o 15 minut. Po tym czasie wosk rozpu\u015bci si\u0119 na ca\u0142ej powierzchni s\u0142oika i \u015bwieca b\u0119dzie gotowa do u\u017cycia. Zga\u015b p\u0142omie\u0144 i zacznij rozprowadza\u0107 na sk\u00f3rze rozpuszczony ciep\u0142y olejek. Powsta\u0142y balsam rozgrzewa si\u0119 do temperatury oko\u0142o 40 stopni, wi\u0119c mo\u017cesz bezpiecznie nak\u0142ada\u0107 go bezpo\u015brednio na sk\u00f3r\u0119.<\/p>\n<p><b>W sk\u0142adzie:<\/b><\/p>\n<p>Mas\u0142o shea nierafinowane &#8211; dog\u0142\u0119bnie od\u017cywia i regeneruje. Znacz\u0105co poprawia kondycj\u0119 sk\u00f3ry i czyni j\u0105 aksamitn\u0105 w dotyku.<\/p>\n<p>Olej ze s\u0142odkich migda\u0142\u00f3w &#8211; intensywnie nawil\u017ca, wyg\u0142adza i uj\u0119drnia sk\u00f3r\u0119.<\/p>\n<p>Wosk sojowy \u2013 posiada w\u0142a\u015bciwo\u015bci od\u017cywcze. Rozpuszcza si\u0119 w przyjemnej, dla sk\u00f3ry, temperaturze.<\/p>\n<p>Olejek eteryczny paczuli \u2013 \u0142agodzi podra\u017cnienia i zaczerwienienia. Posiada w\u0142a\u015bciwo\u015bci koj\u0105ce oraz przeciwzapalne. Dog\u0142\u0119bnie nawil\u017ca, a jej zapach poprawia samopoczucie.<\/p>\n<p>Olejek eteryczny grejpfrut \u2013 oczyszcza i zmniejsza stany zapalne. Dzia\u0142a bakteriob\u00f3jczo, antycellulitowo oraz hamuje procesy starzenia.<\/p>\n<p>Olejek eteryczny ylang ylang \u2013 nie bez powodu w aromaterapii okre\u015bla si\u0119 go mianem \u201ekwiata kwiat\u00f3w\u201d \u2013 jego zapach jest intensywnie kwiatowy, lekko przypominaj\u0105cy ja\u015bmin. To wiecznie zielone tropikalne drzewo z Wysp Po\u0142udniowego Pacyfiku, kt\u00f3re wytwarza kwitn\u0105ce tylko w nocy \u017c\u00f3\u0142te kwiaty \u2013 to w\u0142a\u015bnie z nich uzyskujemy najwy\u017cszej jako\u015bci olejki eteryczne wykorzystywane w naszych produktach. Ylang-ylang wykazuje w\u0142a\u015bciwo\u015bci harmonizuj\u0105ce dzia\u0142anie cia\u0142a i umys\u0142u \u2013 obni\u017ca ci\u015bnienie krwi, relaksuje, koi uk\u0142ad nerwowy, a tak\u017ce jest naturalnym afrodyzjakiem, kt\u00f3ry pobudza w nas zmys\u0142owo\u015b\u0107 i ch\u0119\u0107 mi\u0142o\u015bci \ud83d\ude42 Do tego ma dzia\u0142ania antybakteryjne i przeciwgrzybicze.<\/p>\n<p><b>Pojemno\u015b\u0107:<\/b>\u00a0250ml*<\/p>\n<p><b>Sk\u0142ad:<\/b>\u00a0wosk sojowy, nierafinowane mas\u0142o shea, olej ze s\u0142odkich migda\u0142\u00f3w, olejek eteryczny paczyli, olejek eteryczny grejpfrut, olejek eteryczny ylang ylang, knot bawe\u0142niany<\/p>\n<p><b>Ingredients\/INCI:<\/b>\u00a0Hydrogenated Soybean Oil, Butyrospermum Parkii Butter, Prunus Amygdalus Dulcis Oil, Pogostemon Cablin Leaf Oil, Citrus Paradisi Peel Oil, Limonene, Tocopheryl Acetate, Cananga Odorata Flower Oil, Benzyl Salicylate, Geraniol, Farnesol, Linalool, Benzyl Benzoate<\/p>\n<p>* Nasze \u015bwiece s\u0105 wytwarzane r\u0119cznie i w ma\u0142ych partiach. Ka\u017cda z nich jest wyj\u0105tkowa i mo\u017ce si\u0119 nieznacznie r\u00f3\u017cni\u0107 wygl\u0105dem od innych<\/p>","protected":false},"excerpt":{"rendered":"<p>R\u0119cznie wylewana \u015bwieca do masa\u017cu z woskiem sojowym, mas\u0142em shea, olejem ze s\u0142odkich migda\u0142\u00f3w i wysokiej jako\u015bci olejkami eterycznymi.<br \/>\nPojemno\u015b\u0107: 250 ml<\/p>","protected":false},"featured_media":12504,"template":"","meta":[],"product_brand":[],"product_cat":[161,245],"product_tag":[],"class_list":{"0":"post-12810","1":"product","2":"type-product","3":"status-publish","4":"has-post-thumbnail","6":"product_cat-na-prezent","7":"product_cat-swiece-od-kwiatymiut","9":"first","10":"instock","11":"shipping-taxable","12":"purchasable","13":"product-type-simple"},"_links":{"self":[{"href":"https:\/\/kwiatyimiut.pl\/en\/wp-json\/wp\/v2\/product\/12810","targetHints":{"allow":["GET"]}}],"collection":[{"href":"https:\/\/kwiatyimiut.pl\/en\/wp-json\/wp\/v2\/product"}],"about":[{"href":"https:\/\/kwiatyimiut.pl\/en\/wp-json\/wp\/v2\/types\/product"}],"wp:featuredmedia":[{"embeddable":true,"href":"https:\/\/kwiatyimiut.pl\/en\/wp-json\/wp\/v2\/media\/12504"}],"wp:attachment":[{"href":"https:\/\/kwiatyimiut.pl\/en\/wp-json\/wp\/v2\/media?parent=12810"}],"wp:term":[{"taxonomy":"product_brand","embeddable":true,"href":"https:\/\/kwiatyimiut.pl\/en\/wp-json\/wp\/v2\/product_brand?post=12810"},{"taxonomy":"product_cat","embeddable":true,"href":"https:\/\/kwiatyimiut.pl\/en\/wp-json\/wp\/v2\/product_cat?post=12810"},{"taxonomy":"product_tag","embeddable":true,"href":"https:\/\/kwiatyimiut.pl\/en\/wp-json\/wp\/v2\/product_tag?post=12810"}],"curies":[{"name":"wp","href":"https:\/\/api.w.org\/{rel}","templated":true}]}}