{"id":12811,"date":"2022-05-17T13:33:56","date_gmt":"2022-05-17T11:33:56","guid":{"rendered":"https:\/\/kwiatyimiut.pl\/?post_type=product&#038;p=12811"},"modified":"2026-04-20T23:24:10","modified_gmt":"2026-04-20T21:24:10","slug":"swieca-do-masazu-amyris-kadzidlo-pomarancza","status":"publish","type":"product","link":"https:\/\/kwiatyimiut.pl\/en\/product\/swieca-do-masazu-amyris-kadzidlo-pomarancza\/","title":{"rendered":"\u015awieca do masa\u017cu &#8211; lawenda-cedr-may chang"},"content":{"rendered":"<p><b>\u015awieca do masa\u017cu w naczyniu ceramicznym: lawenda-cedr-may chang 250ml<\/b><\/p>\n<p>Spok\u00f3j i harmonia &#8211; tak okre\u015bliliby\u015bmy stan, w kt\u00f3ry wprowadza masa\u017c cia\u0142a wykonany przy u\u017cyciu tej \u015bwiecy. Specjalnie dobrana kompozycja sk\u0142adnik\u00f3w, kt\u00f3r\u0105 tworzy po\u0142\u0105czenie przyjemnej lawendy z ciep\u0142ym, balsamiczno-\u017cywicznym cedrem i rze\u015bkim, cytrusowo-kwiatowym drzewem may chang, odpr\u0119\u017ca i relaksuje, \u0142agodzi stres i napi\u0119cia, pozwala nabra\u0107 dystansu i uporz\u0105dkowa\u0107 my\u015bli. Nierafinowane ma\u0142o shea, olej ze s\u0142odkich migda\u0142\u00f3w i wosk sojowy wspaniale nawil\u017caj\u0105 i piel\u0119gnuj\u0105 cia\u0142o, a wykonywanie masa\u017cu ze \u015bwiec\u0105 wspomaga redukcj\u0119 cellulitu, hamuj\u0105c gromadzenie wody w organizmie. Dodatkowo sk\u0142adniki \u015bwiecy maj\u0105 w\u0142a\u015bciwo\u015bci przeciwzapalne, przeciwbakteryjne oraz korzystnie oddzia\u0142uj\u0105 na uk\u0142ad nerwowy, a tak\u017ce mog\u0105 by\u0107 pomocne w \u0142agodzeniu b\u00f3l\u00f3w g\u0142owy, mi\u0119\u015bni, menstruacyjnych i reumatycznych.<\/p>\n<p>Nak\u0142adanie na sk\u00f3r\u0119 ciep\u0142ego olejku jest przyjemne i proste. Pi\u0119kne, r\u0119cznie wykonane w pracowni HVILKA naczynie ceramiczne ze specjalnie wyprofilowanym brzegiem pozwala na \u0142atw\u0105 aplikacj\u0119, a dodatkowo ozdabia wn\u0119trze i sprawia, \u017ce u\u017cywanie \u015bwiecy staje si\u0119 prawdziwie luksusowym rytua\u0142em.<\/p>\n<p><b>Jak u\u017cywa\u0107:<\/b><\/p>\n<p>Rozpal \u015bwiec\u0119 i poczekaj oko\u0142o 15 minut. Po tym czasie wosk rozpu\u015bci si\u0119 na ca\u0142ej powierzchni s\u0142oika i \u015bwieca b\u0119dzie gotowa do u\u017cycia. Zga\u015b p\u0142omie\u0144 i zacznij rozprowadza\u0107 na sk\u00f3rze rozpuszczony ciep\u0142y olejek. Powsta\u0142y balsam rozgrzewa si\u0119 do temperatury oko\u0142o 40 stopni, wi\u0119c mo\u017cesz bezpiecznie nak\u0142ada\u0107 go bezpo\u015brednio na sk\u00f3r\u0119.<\/p>\n<p><b>W sk\u0142adzie:<\/b><\/p>\n<p>Mas\u0142o shea nierafinowane &#8211; dog\u0142\u0119bnie od\u017cywia i regeneruje. Znacz\u0105co poprawia kondycj\u0119 sk\u00f3ry i czyni j\u0105 aksamitn\u0105 w dotyku.<\/p>\n<p>Olej ze s\u0142odkich migda\u0142\u00f3w &#8211; intensywnie nawil\u017ca, wyg\u0142adza i uj\u0119drnia sk\u00f3r\u0119.<\/p>\n<p>Wosk sojowy \u2013 posiada w\u0142a\u015bciwo\u015bci od\u017cywcze. Rozpuszcza si\u0119 w przyjemnej, dla sk\u00f3ry, temperaturze.<\/p>\n<p>Olejek eteryczny lawenda \u2013 relaksuje oraz rozlu\u017ania, zapewniaj\u0105c wewn\u0119trzn\u0105 harmoni\u0119. Posiada dzia\u0142anie dezodoruj\u0105ce i przeciwbakteryjne.<\/p>\n<p>Olejek eteryczny cedr \u2013 tonizuje oraz reguluje wydzielanie sebum. Jest antyseptyczny i \u0142agodzi dolegliwo\u015bci sk\u00f3rne.<\/p>\n<p>Olejek eteryczny may chang \u2013 przeciwzapalny i antyseptyczny, poprawia kr\u0105\u017cenie i daje efekt antycelluitowy. Dzia\u0142a rozkurczowo, \u0142agodzi b\u00f3le mi\u0119\u015bni i staw\u00f3w.<\/p>\n<p><b>Pojemno\u015b\u0107:<\/b>\u00a0250ml*<\/p>\n<p><b>Sk\u0142ad:<\/b>\u00a0wosk sojowy, nierafinowane mas\u0142o shea, olej ze s\u0142odkich migda\u0142\u00f3w, olejek eteryczny lawenda, olejek eteryczny cedr, olejek eteryczny may chang, knot bawe\u0142niany<\/p>\n<p><b>Ingredients\/INCI:<\/b>\u00a0Hydrogenated Soybean Oil, Butyrospermum Parkii Butter, Prunus Amygdalus Dulcis Oil, Tocopheryl Acetate, Lavandula Angustifolia Oil, Cedrus Deodara Wood Oil, Litsea Cubeba Fruit Oil, Linalool, Geraniol, Limonene<\/p>\n<p>* Nasze \u015bwiece s\u0105 wytwarzane r\u0119cznie i w ma\u0142ych partiach. Ka\u017cda z nich jest wyj\u0105tkowa i mo\u017ce si\u0119 nieznacznie r\u00f3\u017cni\u0107 wygl\u0105dem od innych.<\/p>","protected":false},"excerpt":{"rendered":"<p>R\u0119cznie wylewana \u015bwieca do masa\u017cu z woskiem sojowym, mas\u0142em shea, olejem ze s\u0142odkich migda\u0142\u00f3w i wysokiej jako\u015bci olejkami eterycznymi.<br \/>\nPojemno\u015b\u0107: 250 ml<\/p>","protected":false},"featured_media":12507,"template":"","meta":[],"product_brand":[],"product_cat":[161,245],"product_tag":[],"class_list":{"0":"post-12811","1":"product","2":"type-product","3":"status-publish","4":"has-post-thumbnail","6":"product_cat-na-prezent","7":"product_cat-swiece-od-kwiatymiut","9":"first","10":"outofstock","11":"shipping-taxable","12":"purchasable","13":"product-type-simple"},"_links":{"self":[{"href":"https:\/\/kwiatyimiut.pl\/en\/wp-json\/wp\/v2\/product\/12811","targetHints":{"allow":["GET"]}}],"collection":[{"href":"https:\/\/kwiatyimiut.pl\/en\/wp-json\/wp\/v2\/product"}],"about":[{"href":"https:\/\/kwiatyimiut.pl\/en\/wp-json\/wp\/v2\/types\/product"}],"wp:featuredmedia":[{"embeddable":true,"href":"https:\/\/kwiatyimiut.pl\/en\/wp-json\/wp\/v2\/media\/12507"}],"wp:attachment":[{"href":"https:\/\/kwiatyimiut.pl\/en\/wp-json\/wp\/v2\/media?parent=12811"}],"wp:term":[{"taxonomy":"product_brand","embeddable":true,"href":"https:\/\/kwiatyimiut.pl\/en\/wp-json\/wp\/v2\/product_brand?post=12811"},{"taxonomy":"product_cat","embeddable":true,"href":"https:\/\/kwiatyimiut.pl\/en\/wp-json\/wp\/v2\/product_cat?post=12811"},{"taxonomy":"product_tag","embeddable":true,"href":"https:\/\/kwiatyimiut.pl\/en\/wp-json\/wp\/v2\/product_tag?post=12811"}],"curies":[{"name":"wp","href":"https:\/\/api.w.org\/{rel}","templated":true}]}}