{"id":12813,"date":"2022-05-17T13:38:02","date_gmt":"2022-05-17T11:38:02","guid":{"rendered":"https:\/\/kwiatyimiut.pl\/?post_type=product&#038;p=12813"},"modified":"2026-04-20T21:36:12","modified_gmt":"2026-04-20T19:36:12","slug":"swieca-do-masazu-amyris-kadzidlo-pomarancza-2","status":"publish","type":"product","link":"https:\/\/kwiatyimiut.pl\/en\/product\/swieca-do-masazu-amyris-kadzidlo-pomarancza-2\/","title":{"rendered":"\u015awieca do masa\u017cu &#8211; amyris-kadzid\u0142o-pomara\u0144cza"},"content":{"rendered":"<p><b>\u015awieca do masa\u017cu w naczyniu ceramicznym: amyris-kadzid\u0142o-pomara\u0144cza 250ml<\/b><\/p>\n<p>Mistyczny zapach \u015bwiecy amyris-kadzid\u0142o-pomara\u0144cza pozwala oczy\u015bci\u0107 umys\u0142 i uporz\u0105dkowa\u0107 my\u015bli. Masa\u017c przy jej u\u017cyciu przenosi do \u015bwiata spokoju i koncentracji, pomaga zapomnie\u0107 na chwil\u0119 o otaczaj\u0105cym \u015bwiecie i skupi\u0107 si\u0119 na tu i teraz. Efekt powsta\u0142 dzi\u0119ki po\u0142\u0105czeniu drzewnego, \u017cywicznego amyrisu, czyli zachodnioindyjskiego sanda\u0142owca z g\u0142\u0119bokim, zmys\u0142owym, balsamicznym kadzid\u0142em oraz intensywn\u0105, cytrusow\u0105 pomara\u0144cz\u0105. Obok olejk\u00f3w eterycznych, \u015bwiec\u0119 wype\u0142nia olej ze s\u0142odkich migda\u0142\u00f3w, nierafinowane mas\u0142o shea i wosk sojowy, naturalne sk\u0142adniki, kt\u00f3re regeneruj\u0105, wyg\u0142adzaj\u0105 i nawil\u017caj\u0105 sk\u00f3r\u0119. To jedna z naszych ulubionych \u015bwiec. Zastosowana kompozycja energetyzuje i wspomaga prac\u0119 uk\u0142adu odporno\u015bciowego. Masa\u017c z jej udzia\u0142em odpr\u0119\u017ca, poprawia koncentracj\u0119, redukuje stres, \u0142agodzi napi\u0119cie nerwowe i sprzyja pozytywnemu my\u015bleniu.<\/p>\n<p>Nak\u0142adanie na sk\u00f3r\u0119 ciep\u0142ego olejku jest przyjemne i proste. Pi\u0119kne, r\u0119cznie wykonane w pracowni HVILKA naczynie ceramiczne ze specjalnie wyprofilowanym brzegiem pozwala na \u0142atw\u0105 aplikacj\u0119, a dodatkowo ozdabia wn\u0119trze i sprawia, \u017ce u\u017cywanie \u015bwiecy staje si\u0119 prawdziwie luksusowym rytua\u0142em.<\/p>\n<p><b>Jak u\u017cywa\u0107:<\/b><\/p>\n<p>Rozpal \u015bwiec\u0119 i poczekaj oko\u0142o 15 minut. Po tym czasie wosk rozpu\u015bci si\u0119 na ca\u0142ej powierzchni s\u0142oika i \u015bwieca b\u0119dzie gotowa do u\u017cycia. Zga\u015b p\u0142omie\u0144 i zacznij rozprowadza\u0107 na sk\u00f3rze rozpuszczony ciep\u0142y olejek. Powsta\u0142y balsam rozgrzewa si\u0119 do temperatury oko\u0142o 40 stopni, wi\u0119c mo\u017cesz bezpiecznie nak\u0142ada\u0107 go bezpo\u015brednio na sk\u00f3r\u0119.<\/p>\n<p><b>W sk\u0142adzie:<\/b><\/p>\n<p>Mas\u0142o shea nierafinowane &#8211; dog\u0142\u0119bnie od\u017cywia i regeneruje. Znacz\u0105co poprawia kondycj\u0119 sk\u00f3ry i czyni j\u0105 aksamitn\u0105 w dotyku.<\/p>\n<p>Olej ze s\u0142odkich migda\u0142\u00f3w &#8211; intensywnie nawil\u017ca, wyg\u0142adza i uj\u0119drnia sk\u00f3r\u0119.<\/p>\n<p>Wosk sojowy \u2013 posiada w\u0142a\u015bciwo\u015bci od\u017cywcze. Rozpuszcza si\u0119 w przyjemnej, dla sk\u00f3ry, temperaturze.<\/p>\n<p>Olejek eteryczny amyris \u2013 rozlu\u017ania mi\u0119\u015bnie i udra\u017cnia naczynia krwiono\u015bne, dzia\u0142a antybakteryjnie i antyseptycznie, pomaga zmniejszy\u0107 problemy sk\u00f3rne. Dzi\u0119ki zawarto\u015bci walerianolu skutecznie uspokaja, odpr\u0119\u017ca i \u0142agodzi napi\u0119cia.<\/p>\n<p>Olejek eteryczny kadzid\u0142o \u2013 poprawia og\u00f3ln\u0105 kondycj\u0119 sk\u00f3ry, ma dzia\u0142anie regeneruj\u0105ce, \u0142agodzi podra\u017cnienia, dzi\u0119ki w\u0142a\u015bciwo\u015bciom antyseptycznym dzia\u0142a leczniczo na rany, wyg\u0142adza i uj\u0119drnia sk\u00f3r\u0119, u\u0142atwia relaksacj\u0119, stymuluje m\u00f3zg do pracy, \u0142agodzi objawy stresu, wzmacnia uk\u0142ad immunologiczny<\/p>\n<p>Olejek eteryczny pomara\u0144cza \u2013 tonizuje, wykazuje w\u0142a\u015bciwo\u015bci przeciwzapalne i energetyzuj\u0105ce.<\/p>\n<p><b>Pojemno\u015b\u0107:<\/b>\u00a0250ml*<\/p>\n<p><b>Sk\u0142ad:<\/b>\u00a0wosk sojowy, nierafinowane mas\u0142o shea, olej ze s\u0142odkich migda\u0142\u00f3w, olejek eteryczny amyris, olejek eteryczny kadzid\u0142o, olejek eteryczny pomara\u0144cza, knot bawe\u0142niany<\/p>\n<p><b>Ingredients\/INCI:<\/b>\u00a0Hydrogenated Soybean Oil, Butyrospermum Parkii Butter, Prunus Amygdalus Dulcis Oil, Pogostemon Cablin Leaf Oil, Citrus Paradisi Peel Oil, Limonene, Tocopheryl Acetate, Cananga Odorata Flower Oil, Benzyl Salicylate, Geraniol, Farnesol, Linalool, Benzyl Benzoate<\/p>\n<p>* Nasze \u015bwiece s\u0105 wytwarzane r\u0119cznie i w ma\u0142ych partiach. Ka\u017cda z nich jest wyj\u0105tkowa i mo\u017ce si\u0119 nieznacznie r\u00f3\u017cni\u0107 wygl\u0105dem od innych.<\/p>","protected":false},"excerpt":{"rendered":"<p>R\u0119cznie wylewana \u015bwieca do masa\u017cu z woskiem sojowym, mas\u0142em shea, olejem ze s\u0142odkich migda\u0142\u00f3w i wysokiej jako\u015bci olejkami eterycznymi.<br \/>\nPojemno\u015b\u0107: 250 ml<\/p>","protected":false},"featured_media":12503,"template":"","meta":[],"product_brand":[],"product_cat":[161,245],"product_tag":[],"class_list":{"0":"post-12813","1":"product","2":"type-product","3":"status-publish","4":"has-post-thumbnail","6":"product_cat-na-prezent","7":"product_cat-swiece-od-kwiatymiut","9":"first","10":"instock","11":"shipping-taxable","12":"purchasable","13":"product-type-simple"},"_links":{"self":[{"href":"https:\/\/kwiatyimiut.pl\/en\/wp-json\/wp\/v2\/product\/12813","targetHints":{"allow":["GET"]}}],"collection":[{"href":"https:\/\/kwiatyimiut.pl\/en\/wp-json\/wp\/v2\/product"}],"about":[{"href":"https:\/\/kwiatyimiut.pl\/en\/wp-json\/wp\/v2\/types\/product"}],"wp:featuredmedia":[{"embeddable":true,"href":"https:\/\/kwiatyimiut.pl\/en\/wp-json\/wp\/v2\/media\/12503"}],"wp:attachment":[{"href":"https:\/\/kwiatyimiut.pl\/en\/wp-json\/wp\/v2\/media?parent=12813"}],"wp:term":[{"taxonomy":"product_brand","embeddable":true,"href":"https:\/\/kwiatyimiut.pl\/en\/wp-json\/wp\/v2\/product_brand?post=12813"},{"taxonomy":"product_cat","embeddable":true,"href":"https:\/\/kwiatyimiut.pl\/en\/wp-json\/wp\/v2\/product_cat?post=12813"},{"taxonomy":"product_tag","embeddable":true,"href":"https:\/\/kwiatyimiut.pl\/en\/wp-json\/wp\/v2\/product_tag?post=12813"}],"curies":[{"name":"wp","href":"https:\/\/api.w.org\/{rel}","templated":true}]}}