{"id":13404,"date":"2022-07-18T12:02:46","date_gmt":"2022-07-18T10:02:46","guid":{"rendered":"https:\/\/kwiatyimiut.pl\/?post_type=product&#038;p=13404"},"modified":"2026-04-21T19:38:58","modified_gmt":"2026-04-21T17:38:58","slug":"flower-food","status":"publish","type":"product","link":"https:\/\/kwiatyimiut.pl\/en\/product\/flower-food\/","title":{"rendered":"Flower food"},"content":{"rendered":"","protected":false},"excerpt":{"rendered":"<p><span style=\"vertical-align: inherit;\">Najwa\u017cniejsza przy trwa\u0142o\u015bci kwiat\u00f3w jest higiena. Pierwsz\u0105 czynno\u015b\u0107, kt\u00f3r\u0105 wykonujesz jest podci\u0119cie kwiat\u00f3w na \u015bwie\u017co i wstawienie ich do dobrze umytego wazonu, wype\u0142niony letni\u0105 wod\u0105. Dzi\u0119ki jednej saszetce woda d\u0142u\u017cej pozostanie czysta a kwiaty \u015bwie\u017ce. Pami\u0119taj o tym, \u017ce r\u00f3\u017cne gatunki kwiat\u00f3w brudz\u0105 wod\u0119 w r\u00f3\u017cnym czasie. Je\u015bli woda robi si\u0119 m\u0119tna wymie\u0144 wod\u0119 i powt\u00f3rz wszystkie ww czynno\u015bci.<\/p>\n<p><\/span><span style=\"font-size: 1.125rem;\"><span style=\"vertical-align: inherit;\">Ilo\u015b\u0107 sztuk: 10<\/span><\/span><\/p>","protected":false},"featured_media":13310,"template":"","meta":[],"product_brand":[],"product_cat":[217,207],"product_tag":[231,223],"class_list":{"0":"post-13404","1":"product","2":"type-product","3":"status-publish","4":"has-post-thumbnail","6":"product_cat-dla-florysty","7":"product_cat-do-wazonu","8":"product_tag-clearlong","9":"product_tag-kwiaty","11":"first","12":"instock","13":"shipping-taxable","14":"purchasable","15":"product-type-simple"},"_links":{"self":[{"href":"https:\/\/kwiatyimiut.pl\/en\/wp-json\/wp\/v2\/product\/13404","targetHints":{"allow":["GET"]}}],"collection":[{"href":"https:\/\/kwiatyimiut.pl\/en\/wp-json\/wp\/v2\/product"}],"about":[{"href":"https:\/\/kwiatyimiut.pl\/en\/wp-json\/wp\/v2\/types\/product"}],"wp:featuredmedia":[{"embeddable":true,"href":"https:\/\/kwiatyimiut.pl\/en\/wp-json\/wp\/v2\/media\/13310"}],"wp:attachment":[{"href":"https:\/\/kwiatyimiut.pl\/en\/wp-json\/wp\/v2\/media?parent=13404"}],"wp:term":[{"taxonomy":"product_brand","embeddable":true,"href":"https:\/\/kwiatyimiut.pl\/en\/wp-json\/wp\/v2\/product_brand?post=13404"},{"taxonomy":"product_cat","embeddable":true,"href":"https:\/\/kwiatyimiut.pl\/en\/wp-json\/wp\/v2\/product_cat?post=13404"},{"taxonomy":"product_tag","embeddable":true,"href":"https:\/\/kwiatyimiut.pl\/en\/wp-json\/wp\/v2\/product_tag?post=13404"}],"curies":[{"name":"wp","href":"https:\/\/api.w.org\/{rel}","templated":true}]}}