{"id":13592,"date":"2022-07-28T17:27:02","date_gmt":"2022-07-28T15:27:02","guid":{"rendered":"https:\/\/kwiatyimiut.pl\/?post_type=product&#038;p=13592"},"modified":"2026-04-20T21:18:19","modified_gmt":"2026-04-20T19:18:19","slug":"wazon-nascienny-biel-3","status":"publish","type":"product","link":"https:\/\/kwiatyimiut.pl\/en\/product\/wazon-nascienny-biel-3\/","title":{"rendered":"Wazon na\u015bcienny BIEL"},"content":{"rendered":"","protected":false},"excerpt":{"rendered":"<p><span style=\"font-family: arial, sans-serif;\">BIEL X KWIATY&amp;MIUT.<br \/>\nKa\u017cdy egzemplarz wykonany r\u0119cznie z ceramiki, mo\u017ce lekko r\u00f3\u017cni\u0107 si\u0119 od zdj\u0119cia.<\/p>\n<p>Biel jest autorskim projektem Aleksandry Bia\u0142ek, kt\u00f3ry <\/span><span style=\"font-family: arial, sans-serif;\">narodzi\u0142 si\u0119 z t\u0119sknoty za materializacj\u0105 niematerialnych byt\u00f3w, takich jak <\/span><span style=\"font-family: arial, sans-serif;\">HARMONIA, PROSTOTA, EMOCJA. <\/span><span style=\"font-family: arial, sans-serif;\">Praca z glin\u0105 jest dla mnie aktem wyzwalaj\u0105cym, w kt\u00f3rym tw\u00f3rca przenika si\u0119 z tworzywem, w efekcie czego powstaj\u0105 nowe stany i formy.<br \/>\n<\/span><span style=\"font-family: arial, sans-serif;\">Czerpi\u0119 ze swoich do\u015bwiadcze\u0144 architektonicznych i kulinarnych, tworz\u0105c sztuk\u0119 u\u017cytkow\u0105, kt\u00f3ra wprowadza w \u017cycie odrobin\u0119 metafizyki.<br \/>\nMinimalistyczne i organiczne formy inspirowane s\u0105 cz\u0119sto natur\u0105, a wpisanie ich we wn\u0119trza jest dodatkowym linkiem \u0142\u0105cz\u0105cym nas z otoczeniem, Ziemi\u0105 i ca\u0142ym wszech\u015bwiatem.<br \/>\n<\/span><span style=\"font-family: arial, sans-serif;\">BIEL nawi\u0105zuje do materia\u0142\u00f3w z kt\u00f3rymi lubi\u0119 pracowa\u0107. Najcz\u0119\u015bciej wybieram porcelan\u0119 i bia\u0142\u0105 glin\u0119.<br \/>\nKa\u017cdy przedmiot wykonywany jest r\u0119cznie i jest wypadkow\u0105 czasu, kontaktu z materi\u0105 i stanu umys\u0142u, kt\u00f3ry towarzyszy procesowi tworzenia.<br \/>\n<\/span><span style=\"font-family: arial, sans-serif;\">Nie ma dw\u00f3ch takich samych obiekt\u00f3w. Proces tw\u00f3rczy jest zmian\u0105 i zapisem tych zmian w ich czasowych przejawach.<\/span><\/p>\n<h5><strong>Wymiary:<br \/>\n<\/strong><strong>wysoko\u015b\u0107: 14 cm<br \/>\nszeroko\u015b\u0107: 13 cm<\/strong><\/h5>","protected":false},"featured_media":13517,"template":"","meta":[],"product_brand":[],"product_cat":[189,428,346,429,267,154],"product_tag":[406,407,192],"class_list":{"0":"post-13592","1":"product","2":"type-product","3":"status-publish","4":"has-post-thumbnail","6":"product_cat-ceramika","7":"product_cat-dekoracje-2","8":"product_cat-dekoracje-dekoracje","9":"product_cat-dekoracje-domu","10":"product_cat-do-domu","11":"product_cat-wazony","12":"product_tag-biel","13":"product_tag-bielceramics","14":"product_tag-ceramika","16":"first","17":"instock","18":"featured","19":"shipping-taxable","20":"purchasable","21":"product-type-simple"},"_links":{"self":[{"href":"https:\/\/kwiatyimiut.pl\/en\/wp-json\/wp\/v2\/product\/13592","targetHints":{"allow":["GET"]}}],"collection":[{"href":"https:\/\/kwiatyimiut.pl\/en\/wp-json\/wp\/v2\/product"}],"about":[{"href":"https:\/\/kwiatyimiut.pl\/en\/wp-json\/wp\/v2\/types\/product"}],"wp:featuredmedia":[{"embeddable":true,"href":"https:\/\/kwiatyimiut.pl\/en\/wp-json\/wp\/v2\/media\/13517"}],"wp:attachment":[{"href":"https:\/\/kwiatyimiut.pl\/en\/wp-json\/wp\/v2\/media?parent=13592"}],"wp:term":[{"taxonomy":"product_brand","embeddable":true,"href":"https:\/\/kwiatyimiut.pl\/en\/wp-json\/wp\/v2\/product_brand?post=13592"},{"taxonomy":"product_cat","embeddable":true,"href":"https:\/\/kwiatyimiut.pl\/en\/wp-json\/wp\/v2\/product_cat?post=13592"},{"taxonomy":"product_tag","embeddable":true,"href":"https:\/\/kwiatyimiut.pl\/en\/wp-json\/wp\/v2\/product_tag?post=13592"}],"curies":[{"name":"wp","href":"https:\/\/api.w.org\/{rel}","templated":true}]}}