{"id":13681,"date":"2022-08-04T13:34:44","date_gmt":"2022-08-04T11:34:44","guid":{"rendered":"https:\/\/kwiatyimiut.pl\/?post_type=product&#038;p=13681"},"modified":"2026-04-20T23:14:56","modified_gmt":"2026-04-20T21:14:56","slug":"waza-ola-korbanska","status":"publish","type":"product","link":"https:\/\/kwiatyimiut.pl\/en\/product\/waza-ola-korbanska\/","title":{"rendered":"Waza &#8211; Ola Korba\u0144ska"},"content":{"rendered":"","protected":false},"excerpt":{"rendered":"<div>\n<p class=\"p1\"><span class=\"s1\">Nak\u0142adka materia\u0142owa na butelk\u0119, kt\u00f3ra pe\u0142ni rol\u0119 ciekawej alternatywy dla tradycyjnego wazonu.<br \/>\nMade of thick, densely woven cotton canvas.<br \/>\n<b>Ola Korba\u0144ska <\/b>jest artystk\u0105 wizualn\u0105 i\u00a0<\/span><span class=\"s2\">, a visual artist and designer, currently living in Berlin. A design graduate of the School of Form (BA) and Design Academy Eindhoven (MA). She uses different media in her artistic practice such as installation, design, text, or illustration. Her work was presented during Salone del Mobile, Dutch Design Week, and Vienna Design Week to name a few. Ola is the author of many texts published in books and magazines in Europe. She is from Pozna\u0144 and a few years back you could meet her behind the counter of our flower studio!<\/span><\/p>\n<p class=\"p1\"><span class=\"s3\"><a href=\"https:\/\/olakorbanska.com\/\">https:\/\/olakorbanska.com\/<\/a><br \/>\n<\/span><span class=\"s2\">Instagram: @olakorbanska<\/span><\/p>\n<p><span style=\"font-size: 1.125rem;\">wymiary: 37 cm x 19,5 cm<\/span><\/p>\n<\/div>\n<p>Fabric weight:<\/p>","protected":false},"featured_media":13536,"template":"","meta":[],"product_brand":[],"product_cat":[346,428,429,154],"product_tag":[481],"class_list":{"0":"post-13681","1":"product","2":"type-product","3":"status-publish","4":"has-post-thumbnail","6":"product_cat-dekoracje-dekoracje","7":"product_cat-dekoracje-2","8":"product_cat-dekoracje-domu","9":"product_cat-wazony","10":"product_tag-olakorbanska","12":"first","13":"instock","14":"featured","15":"shipping-taxable","16":"purchasable","17":"product-type-simple"},"_links":{"self":[{"href":"https:\/\/kwiatyimiut.pl\/en\/wp-json\/wp\/v2\/product\/13681","targetHints":{"allow":["GET"]}}],"collection":[{"href":"https:\/\/kwiatyimiut.pl\/en\/wp-json\/wp\/v2\/product"}],"about":[{"href":"https:\/\/kwiatyimiut.pl\/en\/wp-json\/wp\/v2\/types\/product"}],"wp:featuredmedia":[{"embeddable":true,"href":"https:\/\/kwiatyimiut.pl\/en\/wp-json\/wp\/v2\/media\/13536"}],"wp:attachment":[{"href":"https:\/\/kwiatyimiut.pl\/en\/wp-json\/wp\/v2\/media?parent=13681"}],"wp:term":[{"taxonomy":"product_brand","embeddable":true,"href":"https:\/\/kwiatyimiut.pl\/en\/wp-json\/wp\/v2\/product_brand?post=13681"},{"taxonomy":"product_cat","embeddable":true,"href":"https:\/\/kwiatyimiut.pl\/en\/wp-json\/wp\/v2\/product_cat?post=13681"},{"taxonomy":"product_tag","embeddable":true,"href":"https:\/\/kwiatyimiut.pl\/en\/wp-json\/wp\/v2\/product_tag?post=13681"}],"curies":[{"name":"wp","href":"https:\/\/api.w.org\/{rel}","templated":true}]}}