{"id":15195,"date":"2022-11-16T17:10:25","date_gmt":"2022-11-16T16:10:25","guid":{"rendered":"https:\/\/kwiatyimiut.pl\/?post_type=product&#038;p=15195"},"modified":"2026-04-29T03:08:56","modified_gmt":"2026-04-29T01:08:56","slug":"bawelna-2","status":"publish","type":"product","link":"https:\/\/kwiatyimiut.pl\/en\/product\/bawelna-2\/","title":{"rendered":"Bawe\u0142na"},"content":{"rendered":"","protected":false},"excerpt":{"rendered":"<p>Bawe\u0142na, trwa\u0142a dekoracja do wazonu.<br \/>\nIlo\u015b\u0107 3 sztuki.<\/p>\n<p>Produkt naturalny, mo\u017ce si\u0119 r\u00f3\u017cni\u0107 od zdj\u0119cia.<\/p>","protected":false},"featured_media":15197,"template":"","meta":[],"product_brand":[],"product_cat":[513,207,121,502],"product_tag":[156],"class_list":{"0":"post-15195","1":"product","2":"type-product","3":"status-publish","4":"has-post-thumbnail","6":"product_cat-do-wazonu-swieta-z-kwiatymiut","7":"product_cat-do-wazonu","8":"product_cat-susz","9":"product_cat-swieta-z-kwiatymiut","10":"product_tag-chabazie","12":"first","13":"instock","14":"taxable","15":"shipping-taxable","16":"purchasable","17":"product-type-simple"},"_links":{"self":[{"href":"https:\/\/kwiatyimiut.pl\/en\/wp-json\/wp\/v2\/product\/15195","targetHints":{"allow":["GET"]}}],"collection":[{"href":"https:\/\/kwiatyimiut.pl\/en\/wp-json\/wp\/v2\/product"}],"about":[{"href":"https:\/\/kwiatyimiut.pl\/en\/wp-json\/wp\/v2\/types\/product"}],"wp:featuredmedia":[{"embeddable":true,"href":"https:\/\/kwiatyimiut.pl\/en\/wp-json\/wp\/v2\/media\/15197"}],"wp:attachment":[{"href":"https:\/\/kwiatyimiut.pl\/en\/wp-json\/wp\/v2\/media?parent=15195"}],"wp:term":[{"taxonomy":"product_brand","embeddable":true,"href":"https:\/\/kwiatyimiut.pl\/en\/wp-json\/wp\/v2\/product_brand?post=15195"},{"taxonomy":"product_cat","embeddable":true,"href":"https:\/\/kwiatyimiut.pl\/en\/wp-json\/wp\/v2\/product_cat?post=15195"},{"taxonomy":"product_tag","embeddable":true,"href":"https:\/\/kwiatyimiut.pl\/en\/wp-json\/wp\/v2\/product_tag?post=15195"}],"curies":[{"name":"wp","href":"https:\/\/api.w.org\/{rel}","templated":true}]}}