{"id":15236,"date":"2022-11-18T20:42:29","date_gmt":"2022-11-18T19:42:29","guid":{"rendered":"https:\/\/kwiatyimiut.pl\/?post_type=product&#038;p=15236"},"modified":"2026-04-20T23:24:08","modified_gmt":"2026-04-20T21:24:08","slug":"naczynie-do-kompozycji-kwiatymiut-podluzne","status":"publish","type":"product","link":"https:\/\/kwiatyimiut.pl\/en\/product\/naczynie-do-kompozycji-kwiatymiut-podluzne\/","title":{"rendered":"Flower vessel KWIATY&amp;MIUT"},"content":{"rendered":"<p style=\"text-align: center;\"><strong>Kenzan<\/strong><\/p>\n<p style=\"text-align: center;\"><img fetchpriority=\"high\" decoding=\"async\" class=\"alignnone size-medium wp-image-8883 aligncenter\" src=\"https:\/\/kwiatyimiut.pl\/wp-content\/uploads\/2021\/08\/naczynie-biale-5-263x300.jpg\" alt=\"\" width=\"263\" height=\"300\" srcset=\"https:\/\/kwiatyimiut.pl\/wp-content\/uploads\/2021\/08\/naczynie-biale-5-263x300.jpg 263w, https:\/\/kwiatyimiut.pl\/wp-content\/uploads\/2021\/08\/naczynie-biale-5-896x1024.jpg 896w, https:\/\/kwiatyimiut.pl\/wp-content\/uploads\/2021\/08\/naczynie-biale-5-768x878.jpg 768w, https:\/\/kwiatyimiut.pl\/wp-content\/uploads\/2021\/08\/naczynie-biale-5-1344x1536.jpg 1344w, https:\/\/kwiatyimiut.pl\/wp-content\/uploads\/2021\/08\/naczynie-biale-5-11x12.jpg 11w, https:\/\/kwiatyimiut.pl\/wp-content\/uploads\/2021\/08\/naczynie-biale-5-840x960.jpg 840w, https:\/\/kwiatyimiut.pl\/wp-content\/uploads\/2021\/08\/naczynie-biale-5.jpg 1400w\" sizes=\"(max-width: 263px) 100vw, 263px\" \/><br \/>\n<img decoding=\"async\" class=\"size-medium wp-image-8882 aligncenter\" src=\"https:\/\/kwiatyimiut.pl\/wp-content\/uploads\/2021\/08\/naczynie-biale-6-263x300.jpg\" alt=\"\" width=\"263\" height=\"300\" srcset=\"https:\/\/kwiatyimiut.pl\/wp-content\/uploads\/2021\/08\/naczynie-biale-6-263x300.jpg 263w, https:\/\/kwiatyimiut.pl\/wp-content\/uploads\/2021\/08\/naczynie-biale-6-896x1024.jpg 896w, https:\/\/kwiatyimiut.pl\/wp-content\/uploads\/2021\/08\/naczynie-biale-6-768x878.jpg 768w, https:\/\/kwiatyimiut.pl\/wp-content\/uploads\/2021\/08\/naczynie-biale-6-1344x1536.jpg 1344w, https:\/\/kwiatyimiut.pl\/wp-content\/uploads\/2021\/08\/naczynie-biale-6-11x12.jpg 11w, https:\/\/kwiatyimiut.pl\/wp-content\/uploads\/2021\/08\/naczynie-biale-6-840x960.jpg 840w, https:\/\/kwiatyimiut.pl\/wp-content\/uploads\/2021\/08\/naczynie-biale-6.jpg 1400w\" sizes=\"(max-width: 263px) 100vw, 263px\" \/><br \/>\n<strong>Siatka mocowana drewnianymi patyczkami<\/strong><\/p>\n<p><img decoding=\"async\" class=\"size-medium wp-image-8889 aligncenter\" src=\"https:\/\/kwiatyimiut.pl\/wp-content\/uploads\/2021\/08\/naczynie-biale-3-copy-263x300.jpg\" alt=\"\" width=\"263\" height=\"300\" srcset=\"https:\/\/kwiatyimiut.pl\/wp-content\/uploads\/2021\/08\/naczynie-biale-3-copy-263x300.jpg 263w, https:\/\/kwiatyimiut.pl\/wp-content\/uploads\/2021\/08\/naczynie-biale-3-copy-896x1024.jpg 896w, https:\/\/kwiatyimiut.pl\/wp-content\/uploads\/2021\/08\/naczynie-biale-3-copy-768x878.jpg 768w, https:\/\/kwiatyimiut.pl\/wp-content\/uploads\/2021\/08\/naczynie-biale-3-copy-1344x1536.jpg 1344w, https:\/\/kwiatyimiut.pl\/wp-content\/uploads\/2021\/08\/naczynie-biale-3-copy-11x12.jpg 11w, https:\/\/kwiatyimiut.pl\/wp-content\/uploads\/2021\/08\/naczynie-biale-3-copy-840x960.jpg 840w, https:\/\/kwiatyimiut.pl\/wp-content\/uploads\/2021\/08\/naczynie-biale-3-copy.jpg 1400w\" sizes=\"(max-width: 263px) 100vw, 263px\" \/><br \/>\n<img loading=\"lazy\" decoding=\"async\" class=\"size-medium wp-image-8886 aligncenter\" src=\"https:\/\/kwiatyimiut.pl\/wp-content\/uploads\/2021\/08\/naczynie-biale-10_-263x300.jpg\" alt=\"\" width=\"263\" height=\"300\" srcset=\"https:\/\/kwiatyimiut.pl\/wp-content\/uploads\/2021\/08\/naczynie-biale-10_-263x300.jpg 263w, https:\/\/kwiatyimiut.pl\/wp-content\/uploads\/2021\/08\/naczynie-biale-10_-896x1024.jpg 896w, https:\/\/kwiatyimiut.pl\/wp-content\/uploads\/2021\/08\/naczynie-biale-10_-768x878.jpg 768w, https:\/\/kwiatyimiut.pl\/wp-content\/uploads\/2021\/08\/naczynie-biale-10_-1344x1536.jpg 1344w, https:\/\/kwiatyimiut.pl\/wp-content\/uploads\/2021\/08\/naczynie-biale-10_-11x12.jpg 11w, https:\/\/kwiatyimiut.pl\/wp-content\/uploads\/2021\/08\/naczynie-biale-10_-840x960.jpg 840w, https:\/\/kwiatyimiut.pl\/wp-content\/uploads\/2021\/08\/naczynie-biale-10_.jpg 1400w\" sizes=\"(max-width: 263px) 100vw, 263px\" \/><\/p>\n<p><img loading=\"lazy\" decoding=\"async\" class=\"size-medium wp-image-8884 aligncenter\" src=\"https:\/\/kwiatyimiut.pl\/wp-content\/uploads\/2021\/08\/naczynie-biale-4-263x300.jpg\" alt=\"\" width=\"263\" height=\"300\" srcset=\"https:\/\/kwiatyimiut.pl\/wp-content\/uploads\/2021\/08\/naczynie-biale-4-263x300.jpg 263w, https:\/\/kwiatyimiut.pl\/wp-content\/uploads\/2021\/08\/naczynie-biale-4-896x1024.jpg 896w, https:\/\/kwiatyimiut.pl\/wp-content\/uploads\/2021\/08\/naczynie-biale-4-768x878.jpg 768w, https:\/\/kwiatyimiut.pl\/wp-content\/uploads\/2021\/08\/naczynie-biale-4-1344x1536.jpg 1344w, https:\/\/kwiatyimiut.pl\/wp-content\/uploads\/2021\/08\/naczynie-biale-4-11x12.jpg 11w, https:\/\/kwiatyimiut.pl\/wp-content\/uploads\/2021\/08\/naczynie-biale-4-840x960.jpg 840w, https:\/\/kwiatyimiut.pl\/wp-content\/uploads\/2021\/08\/naczynie-biale-4.jpg 1400w\" sizes=\"(max-width: 263px) 100vw, 263px\" \/><\/p>","protected":false},"excerpt":{"rendered":"<p>Naczynie weddingowe do uk\u0142adania kwiat\u00f3w jest naszym pierwszym, autorskim projektem.<br \/>\nWe based our design process mainly on the ability to arrange flowers in two techniques that we use.<br \/>\nWe can arrange flowers in kenzan or with floral netting, fixing them with wooden sticks without the need to use adhesive tape.<br \/>\nThese reusable tools do not harm the environment the way the floral foam does. Instructions for using kenzan and floral netting are specified in the description below.<br \/>\nNaczynie zmie\u015bci du\u017c\u0105 kompozycje kwiatow\u0105 na pod\u0142u\u017cny st\u00f3\u0142.<\/p>\n<p>Mass-dyed ceramics, handmade in Poland.<\/p>\n<p>wysoko\u015b\u0107:\u00a0 14,5 cm<br \/>\nszeroko\u015b\u0107: 33 cm\/ 11,5 cm<\/p>\n<p>* cena z ostatnich 30 dni ( 319 z\u0142 )<\/p>","protected":false},"featured_media":15221,"template":"","meta":[],"product_brand":[],"product_cat":[189,354,217,387,455,459],"product_tag":[192,522,521,491],"class_list":{"0":"post-15236","1":"product","2":"type-product","3":"status-publish","4":"has-post-thumbnail","6":"product_cat-ceramika","7":"product_cat-ceramika-w-masie","8":"product_cat-dla-florysty","9":"product_cat-naczynia","10":"product_cat-naczynia-dla-florysty","11":"product_cat-szkola-kwiatymiut","12":"product_tag-ceramika","13":"product_tag-ceramika-w-masie","14":"product_tag-kenzan","15":"product_tag-naczynie-do-kompozycji","17":"first","18":"instock","19":"featured","20":"shipping-taxable","21":"purchasable","22":"product-type-simple"},"_links":{"self":[{"href":"https:\/\/kwiatyimiut.pl\/en\/wp-json\/wp\/v2\/product\/15236","targetHints":{"allow":["GET"]}}],"collection":[{"href":"https:\/\/kwiatyimiut.pl\/en\/wp-json\/wp\/v2\/product"}],"about":[{"href":"https:\/\/kwiatyimiut.pl\/en\/wp-json\/wp\/v2\/types\/product"}],"wp:featuredmedia":[{"embeddable":true,"href":"https:\/\/kwiatyimiut.pl\/en\/wp-json\/wp\/v2\/media\/15221"}],"wp:attachment":[{"href":"https:\/\/kwiatyimiut.pl\/en\/wp-json\/wp\/v2\/media?parent=15236"}],"wp:term":[{"taxonomy":"product_brand","embeddable":true,"href":"https:\/\/kwiatyimiut.pl\/en\/wp-json\/wp\/v2\/product_brand?post=15236"},{"taxonomy":"product_cat","embeddable":true,"href":"https:\/\/kwiatyimiut.pl\/en\/wp-json\/wp\/v2\/product_cat?post=15236"},{"taxonomy":"product_tag","embeddable":true,"href":"https:\/\/kwiatyimiut.pl\/en\/wp-json\/wp\/v2\/product_tag?post=15236"}],"curies":[{"name":"wp","href":"https:\/\/api.w.org\/{rel}","templated":true}]}}