{"id":15695,"date":"2022-12-07T16:36:14","date_gmt":"2022-12-07T15:36:14","guid":{"rendered":"https:\/\/kwiatyimiut.pl\/?post_type=product&#038;p=15695"},"modified":"2026-04-20T23:06:15","modified_gmt":"2026-04-20T21:06:15","slug":"olibanum-i-mirra","status":"publish","type":"product","link":"https:\/\/kwiatyimiut.pl\/en\/product\/olibanum-i-mirra\/","title":{"rendered":"Olibanum i Mirra"},"content":{"rendered":"","protected":false},"excerpt":{"rendered":"<p>Zestaw kadzide\u0142 w szklanych pr\u00f3b\u00f3wkach.<\/p>\n<p>Zestaw zawiera dwie fiolki ok. 15 gram<\/p>","protected":false},"featured_media":15624,"template":"","meta":[],"product_brand":[],"product_cat":[267],"product_tag":[],"class_list":{"0":"post-15695","1":"product","2":"type-product","3":"status-publish","4":"has-post-thumbnail","6":"product_cat-do-domu","8":"first","9":"instock","10":"shipping-taxable","11":"purchasable","12":"product-type-simple"},"_links":{"self":[{"href":"https:\/\/kwiatyimiut.pl\/en\/wp-json\/wp\/v2\/product\/15695","targetHints":{"allow":["GET"]}}],"collection":[{"href":"https:\/\/kwiatyimiut.pl\/en\/wp-json\/wp\/v2\/product"}],"about":[{"href":"https:\/\/kwiatyimiut.pl\/en\/wp-json\/wp\/v2\/types\/product"}],"wp:featuredmedia":[{"embeddable":true,"href":"https:\/\/kwiatyimiut.pl\/en\/wp-json\/wp\/v2\/media\/15624"}],"wp:attachment":[{"href":"https:\/\/kwiatyimiut.pl\/en\/wp-json\/wp\/v2\/media?parent=15695"}],"wp:term":[{"taxonomy":"product_brand","embeddable":true,"href":"https:\/\/kwiatyimiut.pl\/en\/wp-json\/wp\/v2\/product_brand?post=15695"},{"taxonomy":"product_cat","embeddable":true,"href":"https:\/\/kwiatyimiut.pl\/en\/wp-json\/wp\/v2\/product_cat?post=15695"},{"taxonomy":"product_tag","embeddable":true,"href":"https:\/\/kwiatyimiut.pl\/en\/wp-json\/wp\/v2\/product_tag?post=15695"}],"curies":[{"name":"wp","href":"https:\/\/api.w.org\/{rel}","templated":true}]}}