{"id":15697,"date":"2022-12-07T16:06:13","date_gmt":"2022-12-07T15:06:13","guid":{"rendered":"https:\/\/kwiatyimiut.pl\/?post_type=product&#038;p=15697"},"modified":"2026-04-21T21:00:19","modified_gmt":"2026-04-21T19:00:19","slug":"wegiel-trybularzowy","status":"publish","type":"product","link":"https:\/\/kwiatyimiut.pl\/en\/product\/wegiel-trybularzowy\/","title":{"rendered":"W\u0119giel trybularzowy"},"content":{"rendered":"","protected":false},"excerpt":{"rendered":"<p>W\u0119gielki do kadzide\u0142, \u017cywic i zi\u00f3\u0142.<\/p>\n<p>1. W\u0119gielek podpalamy od p\u0142omienia \u015bwiecy, trzymaj\u0105c go ostro\u017cnie szczypcami, a\u017c pojawi\u0105 si\u0119 iskierki.<br \/>\n2. Iskrz\u0105cy w\u0119gielek wk\u0142adamy na podstaw\u0119 kadzielnicy.<br \/>\n3. Na iskrz\u0105cy w\u0119gielek nasypujemy kilka bry\u0142ek kadzid\u0142a \u2013 tyle, by zasypa\u0107 wkl\u0119s\u0142\u0105 cz\u0119\u015b\u0107 w\u0119gielka. Mo\u017cna u\u017cy\u0107 mieszanki kadzide\u0142.<\/p>\n<p>Czas spalania &#8211; ok 45 minut.<\/p>\n<p>1 rolka zawieraj\u0105ca 10 w\u0119gielk\u00f3w<\/p>","protected":false},"featured_media":15691,"template":"","meta":[],"product_brand":[],"product_cat":[267],"product_tag":[],"class_list":{"0":"post-15697","1":"product","2":"type-product","3":"status-publish","4":"has-post-thumbnail","6":"product_cat-do-domu","8":"first","9":"instock","10":"shipping-taxable","11":"purchasable","12":"product-type-simple"},"_links":{"self":[{"href":"https:\/\/kwiatyimiut.pl\/en\/wp-json\/wp\/v2\/product\/15697","targetHints":{"allow":["GET"]}}],"collection":[{"href":"https:\/\/kwiatyimiut.pl\/en\/wp-json\/wp\/v2\/product"}],"about":[{"href":"https:\/\/kwiatyimiut.pl\/en\/wp-json\/wp\/v2\/types\/product"}],"wp:featuredmedia":[{"embeddable":true,"href":"https:\/\/kwiatyimiut.pl\/en\/wp-json\/wp\/v2\/media\/15691"}],"wp:attachment":[{"href":"https:\/\/kwiatyimiut.pl\/en\/wp-json\/wp\/v2\/media?parent=15697"}],"wp:term":[{"taxonomy":"product_brand","embeddable":true,"href":"https:\/\/kwiatyimiut.pl\/en\/wp-json\/wp\/v2\/product_brand?post=15697"},{"taxonomy":"product_cat","embeddable":true,"href":"https:\/\/kwiatyimiut.pl\/en\/wp-json\/wp\/v2\/product_cat?post=15697"},{"taxonomy":"product_tag","embeddable":true,"href":"https:\/\/kwiatyimiut.pl\/en\/wp-json\/wp\/v2\/product_tag?post=15697"}],"curies":[{"name":"wp","href":"https:\/\/api.w.org\/{rel}","templated":true}]}}