{"id":16847,"date":"2023-03-07T10:02:41","date_gmt":"2023-03-07T09:02:41","guid":{"rendered":"https:\/\/kwiatyimiut.pl\/?post_type=product&#038;p=16847"},"modified":"2026-04-21T08:24:10","modified_gmt":"2026-04-21T06:24:10","slug":"czyscik-do-kenzanow","status":"publish","type":"product","link":"https:\/\/kwiatyimiut.pl\/en\/product\/czyscik-do-kenzanow\/","title":{"rendered":"Czy\u015bcik do kenzan\u00f3w"},"content":{"rendered":"","protected":false},"excerpt":{"rendered":"<p>Metalowy czy\u015bcik do kenzan\u00f3w na rzemieniu.<\/p>","protected":false},"featured_media":16808,"template":"","meta":[],"product_brand":[],"product_cat":[355,257,459],"product_tag":[],"class_list":{"0":"post-16847","1":"product","2":"type-product","3":"status-publish","4":"has-post-thumbnail","6":"product_cat-kenzany","7":"product_cat-narzedzia","8":"product_cat-szkola-kwiatymiut","10":"first","11":"instock","12":"shipping-taxable","13":"purchasable","14":"product-type-variable"},"_links":{"self":[{"href":"https:\/\/kwiatyimiut.pl\/en\/wp-json\/wp\/v2\/product\/16847","targetHints":{"allow":["GET"]}}],"collection":[{"href":"https:\/\/kwiatyimiut.pl\/en\/wp-json\/wp\/v2\/product"}],"about":[{"href":"https:\/\/kwiatyimiut.pl\/en\/wp-json\/wp\/v2\/types\/product"}],"wp:featuredmedia":[{"embeddable":true,"href":"https:\/\/kwiatyimiut.pl\/en\/wp-json\/wp\/v2\/media\/16808"}],"wp:attachment":[{"href":"https:\/\/kwiatyimiut.pl\/en\/wp-json\/wp\/v2\/media?parent=16847"}],"wp:term":[{"taxonomy":"product_brand","embeddable":true,"href":"https:\/\/kwiatyimiut.pl\/en\/wp-json\/wp\/v2\/product_brand?post=16847"},{"taxonomy":"product_cat","embeddable":true,"href":"https:\/\/kwiatyimiut.pl\/en\/wp-json\/wp\/v2\/product_cat?post=16847"},{"taxonomy":"product_tag","embeddable":true,"href":"https:\/\/kwiatyimiut.pl\/en\/wp-json\/wp\/v2\/product_tag?post=16847"}],"curies":[{"name":"wp","href":"https:\/\/api.w.org\/{rel}","templated":true}]}}