{"id":18781,"date":"2023-11-10T09:44:11","date_gmt":"2023-11-10T08:44:11","guid":{"rendered":"https:\/\/kwiatyimiut.pl\/?post_type=product&#038;p=18781"},"modified":"2026-04-20T21:18:17","modified_gmt":"2026-04-20T19:18:17","slug":"swieca-waniliowa","status":"publish","type":"product","link":"https:\/\/kwiatyimiut.pl\/en\/product\/swieca-waniliowa\/","title":{"rendered":"\u015awieca &#8211; waniliowa"},"content":{"rendered":"","protected":false},"excerpt":{"rendered":"<p>\u015awiece z wysokiej jako\u015bci parafiny produkowane w Polsce.<br \/>\nDost\u0119pne w trzech rozmiarach. \u015arednica 9,5 cm.<br \/>\nS: 9 cm<br \/>\nM: 13 cm<br \/>\nL: 18 cm<\/p>\n<p>Zapach: waniliowy<\/p>","protected":false},"featured_media":18622,"template":"","meta":[],"product_brand":[],"product_cat":[123,245,514],"product_tag":[194],"class_list":{"0":"post-18781","1":"product","2":"type-product","3":"status-publish","4":"has-post-thumbnail","6":"product_cat-swiece","7":"product_cat-swiece-od-kwiatymiut","8":"product_cat-swiece-swieta-z-kwiatymiut","9":"product_tag-swiece","11":"first","12":"instock","13":"shipping-taxable","14":"purchasable","15":"product-type-variable"},"_links":{"self":[{"href":"https:\/\/kwiatyimiut.pl\/en\/wp-json\/wp\/v2\/product\/18781","targetHints":{"allow":["GET"]}}],"collection":[{"href":"https:\/\/kwiatyimiut.pl\/en\/wp-json\/wp\/v2\/product"}],"about":[{"href":"https:\/\/kwiatyimiut.pl\/en\/wp-json\/wp\/v2\/types\/product"}],"wp:featuredmedia":[{"embeddable":true,"href":"https:\/\/kwiatyimiut.pl\/en\/wp-json\/wp\/v2\/media\/18622"}],"wp:attachment":[{"href":"https:\/\/kwiatyimiut.pl\/en\/wp-json\/wp\/v2\/media?parent=18781"}],"wp:term":[{"taxonomy":"product_brand","embeddable":true,"href":"https:\/\/kwiatyimiut.pl\/en\/wp-json\/wp\/v2\/product_brand?post=18781"},{"taxonomy":"product_cat","embeddable":true,"href":"https:\/\/kwiatyimiut.pl\/en\/wp-json\/wp\/v2\/product_cat?post=18781"},{"taxonomy":"product_tag","embeddable":true,"href":"https:\/\/kwiatyimiut.pl\/en\/wp-json\/wp\/v2\/product_tag?post=18781"}],"curies":[{"name":"wp","href":"https:\/\/api.w.org\/{rel}","templated":true}]}}