{"id":18977,"date":"2023-11-15T14:30:42","date_gmt":"2023-11-15T13:30:42","guid":{"rendered":"https:\/\/kwiatyimiut.pl\/?post_type=product&#038;p=18977"},"modified":"2026-04-23T11:15:17","modified_gmt":"2026-04-23T09:15:17","slug":"grafika-vintage-mineraly-w-drewnianej-ramie","status":"publish","type":"product","link":"https:\/\/kwiatyimiut.pl\/en\/product\/grafika-vintage-mineraly-w-drewnianej-ramie\/","title":{"rendered":"Grafika VINTAGE minera\u0142y w drewnianej ramie"},"content":{"rendered":"","protected":false},"excerpt":{"rendered":"<p>Drewniana rama (szuflada entomologiczna) z grafik\u0105 minera\u0142\u00f3w.<\/p>\n<p>Wymiary: 50,5 cm x 40,5 cm<\/p>","protected":false},"featured_media":18947,"template":"","meta":[],"product_brand":[],"product_cat":[346,428,205,576,361],"product_tag":[555],"class_list":{"0":"post-18977","1":"product","2":"type-product","3":"status-publish","4":"has-post-thumbnail","6":"product_cat-dekoracje-dekoracje","7":"product_cat-dekoracje-2","8":"product_cat-dekoracje","9":"product_cat-na-prezent-swieta-z-kwiatymiut","10":"product_cat-vintage","11":"product_tag-vintage-ramy","13":"first","14":"instock","15":"taxable","16":"shipping-taxable","17":"purchasable","18":"product-type-simple"},"_links":{"self":[{"href":"https:\/\/kwiatyimiut.pl\/en\/wp-json\/wp\/v2\/product\/18977","targetHints":{"allow":["GET"]}}],"collection":[{"href":"https:\/\/kwiatyimiut.pl\/en\/wp-json\/wp\/v2\/product"}],"about":[{"href":"https:\/\/kwiatyimiut.pl\/en\/wp-json\/wp\/v2\/types\/product"}],"wp:featuredmedia":[{"embeddable":true,"href":"https:\/\/kwiatyimiut.pl\/en\/wp-json\/wp\/v2\/media\/18947"}],"wp:attachment":[{"href":"https:\/\/kwiatyimiut.pl\/en\/wp-json\/wp\/v2\/media?parent=18977"}],"wp:term":[{"taxonomy":"product_brand","embeddable":true,"href":"https:\/\/kwiatyimiut.pl\/en\/wp-json\/wp\/v2\/product_brand?post=18977"},{"taxonomy":"product_cat","embeddable":true,"href":"https:\/\/kwiatyimiut.pl\/en\/wp-json\/wp\/v2\/product_cat?post=18977"},{"taxonomy":"product_tag","embeddable":true,"href":"https:\/\/kwiatyimiut.pl\/en\/wp-json\/wp\/v2\/product_tag?post=18977"}],"curies":[{"name":"wp","href":"https:\/\/api.w.org\/{rel}","templated":true}]}}