{"id":18983,"date":"2023-11-15T14:46:03","date_gmt":"2023-11-15T13:46:03","guid":{"rendered":"https:\/\/kwiatyimiut.pl\/?post_type=product&#038;p=18983"},"modified":"2026-04-20T23:15:16","modified_gmt":"2026-04-20T21:15:16","slug":"grafika-grzyby-w-ramce","status":"publish","type":"product","link":"https:\/\/kwiatyimiut.pl\/en\/product\/grafika-grzyby-w-ramce\/","title":{"rendered":"Grafika &#8211; grzyby w ramce"},"content":{"rendered":"","protected":false},"excerpt":{"rendered":"<p>Grafika grzyb\u00f3w oprawiona w drewnian\u0105 ram\u0119 ze szk\u0142em antyrefleksyjnym.<\/p>\n<p>Wymiary: 25 cm x 17 cm<\/p>","protected":false},"featured_media":18972,"template":"","meta":[],"product_brand":[],"product_cat":[346,428,205,576,361],"product_tag":[555],"class_list":{"0":"post-18983","1":"product","2":"type-product","3":"status-publish","4":"has-post-thumbnail","6":"product_cat-dekoracje-dekoracje","7":"product_cat-dekoracje-2","8":"product_cat-dekoracje","9":"product_cat-na-prezent-swieta-z-kwiatymiut","10":"product_cat-vintage","11":"product_tag-vintage-ramy","13":"first","14":"instock","15":"shipping-taxable","16":"purchasable","17":"product-type-simple"},"_links":{"self":[{"href":"https:\/\/kwiatyimiut.pl\/en\/wp-json\/wp\/v2\/product\/18983","targetHints":{"allow":["GET"]}}],"collection":[{"href":"https:\/\/kwiatyimiut.pl\/en\/wp-json\/wp\/v2\/product"}],"about":[{"href":"https:\/\/kwiatyimiut.pl\/en\/wp-json\/wp\/v2\/types\/product"}],"wp:featuredmedia":[{"embeddable":true,"href":"https:\/\/kwiatyimiut.pl\/en\/wp-json\/wp\/v2\/media\/18972"}],"wp:attachment":[{"href":"https:\/\/kwiatyimiut.pl\/en\/wp-json\/wp\/v2\/media?parent=18983"}],"wp:term":[{"taxonomy":"product_brand","embeddable":true,"href":"https:\/\/kwiatyimiut.pl\/en\/wp-json\/wp\/v2\/product_brand?post=18983"},{"taxonomy":"product_cat","embeddable":true,"href":"https:\/\/kwiatyimiut.pl\/en\/wp-json\/wp\/v2\/product_cat?post=18983"},{"taxonomy":"product_tag","embeddable":true,"href":"https:\/\/kwiatyimiut.pl\/en\/wp-json\/wp\/v2\/product_tag?post=18983"}],"curies":[{"name":"wp","href":"https:\/\/api.w.org\/{rel}","templated":true}]}}