{"id":18986,"date":"2023-11-15T14:55:20","date_gmt":"2023-11-15T13:55:20","guid":{"rendered":"https:\/\/kwiatyimiut.pl\/?post_type=product&#038;p=18986"},"modified":"2026-04-13T15:08:12","modified_gmt":"2026-04-13T13:08:12","slug":"grafika-trawy-w-ramce","status":"publish","type":"product","link":"https:\/\/kwiatyimiut.pl\/en\/product\/grafika-trawy-w-ramce\/","title":{"rendered":"Grafika &#8211; trawy w ramce"},"content":{"rendered":"","protected":false},"excerpt":{"rendered":"<p>Grafika traw oprawiona w drewnian\u0105 ram\u0119 ze szk\u0142em antyrefleksyjnym.<\/p>\n<p>Wymiary: 25 cm x 17 cm<\/p>","protected":false},"featured_media":18964,"template":"","meta":[],"product_brand":[],"product_cat":[346,428,205,361],"product_tag":[555],"class_list":{"0":"post-18986","1":"product","2":"type-product","3":"status-publish","4":"has-post-thumbnail","6":"product_cat-dekoracje-dekoracje","7":"product_cat-dekoracje-2","8":"product_cat-dekoracje","9":"product_cat-vintage","10":"product_tag-vintage-ramy","12":"first","13":"instock","14":"shipping-taxable","15":"purchasable","16":"product-type-simple"},"_links":{"self":[{"href":"https:\/\/kwiatyimiut.pl\/en\/wp-json\/wp\/v2\/product\/18986","targetHints":{"allow":["GET"]}}],"collection":[{"href":"https:\/\/kwiatyimiut.pl\/en\/wp-json\/wp\/v2\/product"}],"about":[{"href":"https:\/\/kwiatyimiut.pl\/en\/wp-json\/wp\/v2\/types\/product"}],"wp:featuredmedia":[{"embeddable":true,"href":"https:\/\/kwiatyimiut.pl\/en\/wp-json\/wp\/v2\/media\/18964"}],"wp:attachment":[{"href":"https:\/\/kwiatyimiut.pl\/en\/wp-json\/wp\/v2\/media?parent=18986"}],"wp:term":[{"taxonomy":"product_brand","embeddable":true,"href":"https:\/\/kwiatyimiut.pl\/en\/wp-json\/wp\/v2\/product_brand?post=18986"},{"taxonomy":"product_cat","embeddable":true,"href":"https:\/\/kwiatyimiut.pl\/en\/wp-json\/wp\/v2\/product_cat?post=18986"},{"taxonomy":"product_tag","embeddable":true,"href":"https:\/\/kwiatyimiut.pl\/en\/wp-json\/wp\/v2\/product_tag?post=18986"}],"curies":[{"name":"wp","href":"https:\/\/api.w.org\/{rel}","templated":true}]}}