{"id":21128,"date":"2024-11-07T17:25:39","date_gmt":"2024-11-07T16:25:39","guid":{"rendered":"https:\/\/kwiatyimiut.pl\/?post_type=product&#038;p=21128"},"modified":"2026-04-21T05:24:08","modified_gmt":"2026-04-21T03:24:08","slug":"nozyce-koryu","status":"publish","type":"product","link":"https:\/\/kwiatyimiut.pl\/en\/product\/nozyce-koryu\/","title":{"rendered":"No\u017cyce KORYU"},"content":{"rendered":"","protected":false},"excerpt":{"rendered":"<p>No\u017cyce ze stali w\u0119glowej, s\u0142u\u017c\u0105 przede wszystkim do usuwania wi\u0119kszych kawa\u0142k\u00f3w materia\u0142u, korowania i oczyszczania materia\u0142u z p\u0119d\u00f3w lub ma\u0142ych ga\u0142\u0105zek.<br \/>\nBardzo ostre i solidne narz\u0119dzie pos\u0142u\u017cy przez wiele lat pracy.<br \/>\nDzi\u0119ki swej konstrukcji idealne dla os\u00f3b lewo i prawor\u0119cznych.<\/p>\n<p>Wymiary: 18 cm d\u0142ugo\u015bci<\/p>","protected":false},"featured_media":21614,"template":"","meta":[],"product_brand":[],"product_cat":[267,576,578,459],"product_tag":[],"class_list":{"0":"post-21128","1":"product","2":"type-product","3":"status-publish","4":"has-post-thumbnail","6":"product_cat-do-domu","7":"product_cat-na-prezent-swieta-z-kwiatymiut","8":"product_cat-nozyce","9":"product_cat-szkola-kwiatymiut","11":"first","12":"instock","13":"shipping-taxable","14":"purchasable","15":"product-type-simple"},"_links":{"self":[{"href":"https:\/\/kwiatyimiut.pl\/en\/wp-json\/wp\/v2\/product\/21128","targetHints":{"allow":["GET"]}}],"collection":[{"href":"https:\/\/kwiatyimiut.pl\/en\/wp-json\/wp\/v2\/product"}],"about":[{"href":"https:\/\/kwiatyimiut.pl\/en\/wp-json\/wp\/v2\/types\/product"}],"wp:featuredmedia":[{"embeddable":true,"href":"https:\/\/kwiatyimiut.pl\/en\/wp-json\/wp\/v2\/media\/21614"}],"wp:attachment":[{"href":"https:\/\/kwiatyimiut.pl\/en\/wp-json\/wp\/v2\/media?parent=21128"}],"wp:term":[{"taxonomy":"product_brand","embeddable":true,"href":"https:\/\/kwiatyimiut.pl\/en\/wp-json\/wp\/v2\/product_brand?post=21128"},{"taxonomy":"product_cat","embeddable":true,"href":"https:\/\/kwiatyimiut.pl\/en\/wp-json\/wp\/v2\/product_cat?post=21128"},{"taxonomy":"product_tag","embeddable":true,"href":"https:\/\/kwiatyimiut.pl\/en\/wp-json\/wp\/v2\/product_tag?post=21128"}],"curies":[{"name":"wp","href":"https:\/\/api.w.org\/{rel}","templated":true}]}}