{"id":21130,"date":"2024-10-31T14:24:29","date_gmt":"2024-10-31T13:24:29","guid":{"rendered":"https:\/\/kwiatyimiut.pl\/?post_type=product&#038;p=21130"},"modified":"2026-04-21T02:42:11","modified_gmt":"2026-04-21T00:42:11","slug":"nozyce-ikenobo","status":"publish","type":"product","link":"https:\/\/kwiatyimiut.pl\/en\/product\/nozyce-ikenobo\/","title":{"rendered":"No\u017cyce IKENOBO"},"content":{"rendered":"","protected":false},"excerpt":{"rendered":"<p>No\u017cyczki w stylu Ikenob\u014d, czyli najwi\u0119kszej i najstarszej szko\u0142y ikebany.<br \/>\nKr\u00f3tkie, szerokie ostrza wykonane ze stali w\u0119glowej,\u00a0idealne do ci\u0119cia \u0142odyg kwiat\u00f3w.<br \/>\nBardzo ostre i solidne narz\u0119dzie pos\u0142u\u017cy przez wiele lat pracy.<br \/>\nDzi\u0119ki swej konstrukcji idealne dla os\u00f3b lewo i prawor\u0119cznych.<\/p>\n<p>Wymiary: 16,5 cm d\u0142ugo\u015bci<\/p>","protected":false},"featured_media":21621,"template":"","meta":[],"product_brand":[],"product_cat":[267,576,578,502,459],"product_tag":[],"class_list":{"0":"post-21130","1":"product","2":"type-product","3":"status-publish","4":"has-post-thumbnail","6":"product_cat-do-domu","7":"product_cat-na-prezent-swieta-z-kwiatymiut","8":"product_cat-nozyce","9":"product_cat-swieta-z-kwiatymiut","10":"product_cat-szkola-kwiatymiut","12":"first","13":"instock","14":"shipping-taxable","15":"purchasable","16":"product-type-simple"},"_links":{"self":[{"href":"https:\/\/kwiatyimiut.pl\/en\/wp-json\/wp\/v2\/product\/21130","targetHints":{"allow":["GET"]}}],"collection":[{"href":"https:\/\/kwiatyimiut.pl\/en\/wp-json\/wp\/v2\/product"}],"about":[{"href":"https:\/\/kwiatyimiut.pl\/en\/wp-json\/wp\/v2\/types\/product"}],"wp:featuredmedia":[{"embeddable":true,"href":"https:\/\/kwiatyimiut.pl\/en\/wp-json\/wp\/v2\/media\/21621"}],"wp:attachment":[{"href":"https:\/\/kwiatyimiut.pl\/en\/wp-json\/wp\/v2\/media?parent=21130"}],"wp:term":[{"taxonomy":"product_brand","embeddable":true,"href":"https:\/\/kwiatyimiut.pl\/en\/wp-json\/wp\/v2\/product_brand?post=21130"},{"taxonomy":"product_cat","embeddable":true,"href":"https:\/\/kwiatyimiut.pl\/en\/wp-json\/wp\/v2\/product_cat?post=21130"},{"taxonomy":"product_tag","embeddable":true,"href":"https:\/\/kwiatyimiut.pl\/en\/wp-json\/wp\/v2\/product_tag?post=21130"}],"curies":[{"name":"wp","href":"https:\/\/api.w.org\/{rel}","templated":true}]}}