{"id":23119,"date":"2025-11-04T15:16:35","date_gmt":"2025-11-04T14:16:35","guid":{"rendered":"https:\/\/kwiatyimiut.pl\/?post_type=product&#038;p=23119"},"modified":"2025-11-06T11:43:35","modified_gmt":"2025-11-06T10:43:35","slug":"swieca-drzewna-ryflowana","status":"publish","type":"product","link":"https:\/\/kwiatyimiut.pl\/en\/product\/swieca-drzewna-ryflowana\/","title":{"rendered":"\u015awieca &#8211; drzewna &#8211; ryflowana"},"content":{"rendered":"","protected":false},"excerpt":{"rendered":"<p>\u015awiece z wysokiej jako\u015bci parafiny produkowane w Polsce.<br \/>\nDost\u0119pne w trzech rozmiarach.<br \/>\nS: 9 cm<br \/>\nM: 13 cm<br \/>\nL: 16 cm<\/p>\n<p>Zapach: drzewny<\/p>","protected":false},"featured_media":18625,"template":"","meta":[],"product_brand":[],"product_cat":[514,123,245,502],"product_tag":[194],"class_list":{"0":"post-23119","1":"product","2":"type-product","3":"status-publish","4":"has-post-thumbnail","6":"product_cat-swiece-swieta-z-kwiatymiut","7":"product_cat-swiece","8":"product_cat-swiece-od-kwiatymiut","9":"product_cat-swieta-z-kwiatymiut","10":"product_tag-swiece","12":"first","13":"instock","14":"taxable","15":"shipping-taxable","16":"purchasable","17":"product-type-variable"},"_links":{"self":[{"href":"https:\/\/kwiatyimiut.pl\/en\/wp-json\/wp\/v2\/product\/23119","targetHints":{"allow":["GET"]}}],"collection":[{"href":"https:\/\/kwiatyimiut.pl\/en\/wp-json\/wp\/v2\/product"}],"about":[{"href":"https:\/\/kwiatyimiut.pl\/en\/wp-json\/wp\/v2\/types\/product"}],"wp:featuredmedia":[{"embeddable":true,"href":"https:\/\/kwiatyimiut.pl\/en\/wp-json\/wp\/v2\/media\/18625"}],"wp:attachment":[{"href":"https:\/\/kwiatyimiut.pl\/en\/wp-json\/wp\/v2\/media?parent=23119"}],"wp:term":[{"taxonomy":"product_brand","embeddable":true,"href":"https:\/\/kwiatyimiut.pl\/en\/wp-json\/wp\/v2\/product_brand?post=23119"},{"taxonomy":"product_cat","embeddable":true,"href":"https:\/\/kwiatyimiut.pl\/en\/wp-json\/wp\/v2\/product_cat?post=23119"},{"taxonomy":"product_tag","embeddable":true,"href":"https:\/\/kwiatyimiut.pl\/en\/wp-json\/wp\/v2\/product_tag?post=23119"}],"curies":[{"name":"wp","href":"https:\/\/api.w.org\/{rel}","templated":true}]}}