{"id":23123,"date":"2025-11-04T15:17:12","date_gmt":"2025-11-04T14:17:12","guid":{"rendered":"https:\/\/kwiatyimiut.pl\/?post_type=product&#038;p=23123"},"modified":"2026-04-29T04:30:10","modified_gmt":"2026-04-29T02:30:10","slug":"swieca-cynamon-2","status":"publish","type":"product","link":"https:\/\/kwiatyimiut.pl\/en\/product\/swieca-cynamon-2\/","title":{"rendered":"\u015awieca &#8211; cynamon"},"content":{"rendered":"","protected":false},"excerpt":{"rendered":"<p>\u015awiece z wysokiej jako\u015bci parafiny produkowane w Polsce.<\/p>\n<p>Dost\u0119pne w czterech rozmiarach.<br \/>\nS: 9 cm<br \/>\nM: 13 cm<br \/>\nL: 16 cm<br \/>\nXL: 18 cm<\/p>\n<p>Zapach: cynamonowy<\/p>","protected":false},"featured_media":18631,"template":"","meta":[],"product_brand":[],"product_cat":[514,123,245,502],"product_tag":[194],"class_list":{"0":"post-23123","1":"product","2":"type-product","3":"status-publish","4":"has-post-thumbnail","6":"product_cat-swiece-swieta-z-kwiatymiut","7":"product_cat-swiece","8":"product_cat-swiece-od-kwiatymiut","9":"product_cat-swieta-z-kwiatymiut","10":"product_tag-swiece","12":"first","13":"instock","14":"taxable","15":"shipping-taxable","16":"purchasable","17":"product-type-variable","18":"has-default-attributes"},"_links":{"self":[{"href":"https:\/\/kwiatyimiut.pl\/en\/wp-json\/wp\/v2\/product\/23123","targetHints":{"allow":["GET"]}}],"collection":[{"href":"https:\/\/kwiatyimiut.pl\/en\/wp-json\/wp\/v2\/product"}],"about":[{"href":"https:\/\/kwiatyimiut.pl\/en\/wp-json\/wp\/v2\/types\/product"}],"wp:featuredmedia":[{"embeddable":true,"href":"https:\/\/kwiatyimiut.pl\/en\/wp-json\/wp\/v2\/media\/18631"}],"wp:attachment":[{"href":"https:\/\/kwiatyimiut.pl\/en\/wp-json\/wp\/v2\/media?parent=23123"}],"wp:term":[{"taxonomy":"product_brand","embeddable":true,"href":"https:\/\/kwiatyimiut.pl\/en\/wp-json\/wp\/v2\/product_brand?post=23123"},{"taxonomy":"product_cat","embeddable":true,"href":"https:\/\/kwiatyimiut.pl\/en\/wp-json\/wp\/v2\/product_cat?post=23123"},{"taxonomy":"product_tag","embeddable":true,"href":"https:\/\/kwiatyimiut.pl\/en\/wp-json\/wp\/v2\/product_tag?post=23123"}],"curies":[{"name":"wp","href":"https:\/\/api.w.org\/{rel}","templated":true}]}}