{"id":23133,"date":"2025-11-04T15:18:28","date_gmt":"2025-11-04T14:18:28","guid":{"rendered":"https:\/\/kwiatyimiut.pl\/?post_type=product&#038;p=23133"},"modified":"2025-11-06T11:43:19","modified_gmt":"2025-11-06T10:43:19","slug":"swieca-wanilia-2","status":"publish","type":"product","link":"https:\/\/kwiatyimiut.pl\/en\/product\/swieca-wanilia-2\/","title":{"rendered":"\u015awieca &#8211; wanilia"},"content":{"rendered":"","protected":false},"excerpt":{"rendered":"<p>\u015awiece z wysokiej jako\u015bci parafiny produkowane w Polsce.<\/p>\n<p>Dost\u0119pne w czterech rozmiarach.<br \/>\nS: 9 cm<br \/>\nM: 13 cm<br \/>\nL: 16 cm<\/p>\n<p>Zapach: waniliowy<\/p>","protected":false},"featured_media":18615,"template":"","meta":[],"product_brand":[],"product_cat":[514,123,245,502],"product_tag":[194],"class_list":{"0":"post-23133","1":"product","2":"type-product","3":"status-publish","4":"has-post-thumbnail","6":"product_cat-swiece-swieta-z-kwiatymiut","7":"product_cat-swiece","8":"product_cat-swiece-od-kwiatymiut","9":"product_cat-swieta-z-kwiatymiut","10":"product_tag-swiece","12":"first","13":"instock","14":"taxable","15":"shipping-taxable","16":"purchasable","17":"product-type-variable"},"_links":{"self":[{"href":"https:\/\/kwiatyimiut.pl\/en\/wp-json\/wp\/v2\/product\/23133","targetHints":{"allow":["GET"]}}],"collection":[{"href":"https:\/\/kwiatyimiut.pl\/en\/wp-json\/wp\/v2\/product"}],"about":[{"href":"https:\/\/kwiatyimiut.pl\/en\/wp-json\/wp\/v2\/types\/product"}],"wp:featuredmedia":[{"embeddable":true,"href":"https:\/\/kwiatyimiut.pl\/en\/wp-json\/wp\/v2\/media\/18615"}],"wp:attachment":[{"href":"https:\/\/kwiatyimiut.pl\/en\/wp-json\/wp\/v2\/media?parent=23133"}],"wp:term":[{"taxonomy":"product_brand","embeddable":true,"href":"https:\/\/kwiatyimiut.pl\/en\/wp-json\/wp\/v2\/product_brand?post=23133"},{"taxonomy":"product_cat","embeddable":true,"href":"https:\/\/kwiatyimiut.pl\/en\/wp-json\/wp\/v2\/product_cat?post=23133"},{"taxonomy":"product_tag","embeddable":true,"href":"https:\/\/kwiatyimiut.pl\/en\/wp-json\/wp\/v2\/product_tag?post=23133"}],"curies":[{"name":"wp","href":"https:\/\/api.w.org\/{rel}","templated":true}]}}