{"id":23139,"date":"2025-11-04T16:01:58","date_gmt":"2025-11-04T15:01:58","guid":{"rendered":"https:\/\/kwiatyimiut.pl\/?post_type=product&#038;p=23139"},"modified":"2026-04-20T21:18:17","modified_gmt":"2026-04-20T19:18:17","slug":"swieca-wanilia-ryflowana","status":"publish","type":"product","link":"https:\/\/kwiatyimiut.pl\/en\/product\/swieca-wanilia-ryflowana\/","title":{"rendered":"\u015awieca &#8211; wanilia &#8211; ryflowana"},"content":{"rendered":"","protected":false},"excerpt":{"rendered":"<p>\u015awiece z wysokiej jako\u015bci parafiny produkowane w Polsce.<\/p>\n<p>Dost\u0119pne w czterech rozmiarach.<br \/>\nS: 9 cm<br \/>\nM: 13 cm<br \/>\nL: 16 cm<\/p>\n<p>Zapach: waniliowy<\/p>","protected":false},"featured_media":23166,"template":"","meta":[],"product_brand":[],"product_cat":[514,123,245,502],"product_tag":[194],"class_list":{"0":"post-23139","1":"product","2":"type-product","3":"status-publish","4":"has-post-thumbnail","6":"product_cat-swiece-swieta-z-kwiatymiut","7":"product_cat-swiece","8":"product_cat-swiece-od-kwiatymiut","9":"product_cat-swieta-z-kwiatymiut","10":"product_tag-swiece","12":"first","13":"instock","14":"shipping-taxable","15":"purchasable","16":"product-type-variable"},"_links":{"self":[{"href":"https:\/\/kwiatyimiut.pl\/en\/wp-json\/wp\/v2\/product\/23139","targetHints":{"allow":["GET"]}}],"collection":[{"href":"https:\/\/kwiatyimiut.pl\/en\/wp-json\/wp\/v2\/product"}],"about":[{"href":"https:\/\/kwiatyimiut.pl\/en\/wp-json\/wp\/v2\/types\/product"}],"wp:featuredmedia":[{"embeddable":true,"href":"https:\/\/kwiatyimiut.pl\/en\/wp-json\/wp\/v2\/media\/23166"}],"wp:attachment":[{"href":"https:\/\/kwiatyimiut.pl\/en\/wp-json\/wp\/v2\/media?parent=23139"}],"wp:term":[{"taxonomy":"product_brand","embeddable":true,"href":"https:\/\/kwiatyimiut.pl\/en\/wp-json\/wp\/v2\/product_brand?post=23139"},{"taxonomy":"product_cat","embeddable":true,"href":"https:\/\/kwiatyimiut.pl\/en\/wp-json\/wp\/v2\/product_cat?post=23139"},{"taxonomy":"product_tag","embeddable":true,"href":"https:\/\/kwiatyimiut.pl\/en\/wp-json\/wp\/v2\/product_tag?post=23139"}],"curies":[{"name":"wp","href":"https:\/\/api.w.org\/{rel}","templated":true}]}}