{"id":23690,"date":"2026-02-06T11:10:44","date_gmt":"2026-02-06T10:10:44","guid":{"rendered":"https:\/\/kwiatyimiut.pl\/?post_type=product&#038;p=23690"},"modified":"2026-04-09T11:59:12","modified_gmt":"2026-04-09T09:59:12","slug":"zestaw-pocztowek-kwiaty","status":"publish","type":"product","link":"https:\/\/kwiatyimiut.pl\/en\/product\/zestaw-pocztowek-kwiaty\/","title":{"rendered":"Zestaw poczt\u00f3wek KWIATY"},"content":{"rendered":"","protected":false},"excerpt":{"rendered":"<p>Zestaw 3 poczt\u00f3wek przedstawiaj\u0105cych portrety kwiat\u00f3w w kolorowych kopertach.<\/p>\n<p>Zdj\u0119cia: Iga Wy\u017ckiewicz<br \/>\nDruk: offset,<br \/>\nPapier 350 gram, matowy.<\/p>","protected":false},"featured_media":23727,"template":"","meta":[],"product_brand":[],"product_cat":[338],"product_tag":[],"class_list":{"0":"post-23690","1":"product","2":"type-product","3":"status-publish","4":"has-post-thumbnail","6":"product_cat-pocztowki","8":"first","9":"instock","10":"shipping-taxable","11":"purchasable","12":"product-type-simple"},"_links":{"self":[{"href":"https:\/\/kwiatyimiut.pl\/en\/wp-json\/wp\/v2\/product\/23690","targetHints":{"allow":["GET"]}}],"collection":[{"href":"https:\/\/kwiatyimiut.pl\/en\/wp-json\/wp\/v2\/product"}],"about":[{"href":"https:\/\/kwiatyimiut.pl\/en\/wp-json\/wp\/v2\/types\/product"}],"wp:featuredmedia":[{"embeddable":true,"href":"https:\/\/kwiatyimiut.pl\/en\/wp-json\/wp\/v2\/media\/23727"}],"wp:attachment":[{"href":"https:\/\/kwiatyimiut.pl\/en\/wp-json\/wp\/v2\/media?parent=23690"}],"wp:term":[{"taxonomy":"product_brand","embeddable":true,"href":"https:\/\/kwiatyimiut.pl\/en\/wp-json\/wp\/v2\/product_brand?post=23690"},{"taxonomy":"product_cat","embeddable":true,"href":"https:\/\/kwiatyimiut.pl\/en\/wp-json\/wp\/v2\/product_cat?post=23690"},{"taxonomy":"product_tag","embeddable":true,"href":"https:\/\/kwiatyimiut.pl\/en\/wp-json\/wp\/v2\/product_tag?post=23690"}],"curies":[{"name":"wp","href":"https:\/\/api.w.org\/{rel}","templated":true}]}}