{"id":23691,"date":"2026-02-06T11:11:29","date_gmt":"2026-02-06T10:11:29","guid":{"rendered":"https:\/\/kwiatyimiut.pl\/?post_type=product&#038;p=23691"},"modified":"2026-04-13T12:26:14","modified_gmt":"2026-04-13T10:26:14","slug":"zestaw-pocztowek-kompozycje","status":"publish","type":"product","link":"https:\/\/kwiatyimiut.pl\/en\/product\/zestaw-pocztowek-kompozycje\/","title":{"rendered":"Zestaw poczt\u00f3wek KOMPOZYCJE"},"content":{"rendered":"","protected":false},"excerpt":{"rendered":"<p>Zestaw 5 poczt\u00f3wek przedstawiaj\u0105cych kompozycje kwiatowe wykonane przez \u0141ukasza Marcinkowskiego w kolorowych kopertach.<\/p>\n<p>Zdj\u0119cia: Iga Wy\u017ckiewicz<br \/>\nDruk: offset,<br \/>\nPapier 350 gram, matowy.<\/p>","protected":false},"featured_media":23728,"template":"","meta":[],"product_brand":[],"product_cat":[338],"product_tag":[],"class_list":{"0":"post-23691","1":"product","2":"type-product","3":"status-publish","4":"has-post-thumbnail","6":"product_cat-pocztowki","8":"first","9":"instock","10":"shipping-taxable","11":"purchasable","12":"product-type-simple"},"_links":{"self":[{"href":"https:\/\/kwiatyimiut.pl\/en\/wp-json\/wp\/v2\/product\/23691","targetHints":{"allow":["GET"]}}],"collection":[{"href":"https:\/\/kwiatyimiut.pl\/en\/wp-json\/wp\/v2\/product"}],"about":[{"href":"https:\/\/kwiatyimiut.pl\/en\/wp-json\/wp\/v2\/types\/product"}],"wp:featuredmedia":[{"embeddable":true,"href":"https:\/\/kwiatyimiut.pl\/en\/wp-json\/wp\/v2\/media\/23728"}],"wp:attachment":[{"href":"https:\/\/kwiatyimiut.pl\/en\/wp-json\/wp\/v2\/media?parent=23691"}],"wp:term":[{"taxonomy":"product_brand","embeddable":true,"href":"https:\/\/kwiatyimiut.pl\/en\/wp-json\/wp\/v2\/product_brand?post=23691"},{"taxonomy":"product_cat","embeddable":true,"href":"https:\/\/kwiatyimiut.pl\/en\/wp-json\/wp\/v2\/product_cat?post=23691"},{"taxonomy":"product_tag","embeddable":true,"href":"https:\/\/kwiatyimiut.pl\/en\/wp-json\/wp\/v2\/product_tag?post=23691"}],"curies":[{"name":"wp","href":"https:\/\/api.w.org\/{rel}","templated":true}]}}