{"id":23720,"date":"2026-02-06T14:40:14","date_gmt":"2026-02-06T13:40:14","guid":{"rendered":"https:\/\/kwiatyimiut.pl\/?post_type=product&#038;p=23720"},"modified":"2026-04-09T11:50:15","modified_gmt":"2026-04-09T09:50:15","slug":"pocztowka-w-kopercie-roze","status":"publish","type":"product","link":"https:\/\/kwiatyimiut.pl\/en\/product\/pocztowka-w-kopercie-roze\/","title":{"rendered":"Poczt\u00f3wka w kopercie R\u00d3\u017bE"},"content":{"rendered":"","protected":false},"excerpt":{"rendered":"<p>Poczt\u00f3wka z kompozycj\u0105 \u0141ukasza Marcinkowskiego &#8211; R\u00f3\u017ce, w kolorowej kopercie.<\/p>\n<p>Zdj\u0119cie: Iga Wy\u017ckiewicz<br \/>\nDruk: offset,<br \/>\nPapier 350 gram, matowy.<\/p>","protected":false},"featured_media":23697,"template":"","meta":[],"product_brand":[],"product_cat":[338],"product_tag":[],"class_list":{"0":"post-23720","1":"product","2":"type-product","3":"status-publish","4":"has-post-thumbnail","6":"product_cat-pocztowki","8":"first","9":"instock","10":"shipping-taxable","11":"purchasable","12":"product-type-simple"},"_links":{"self":[{"href":"https:\/\/kwiatyimiut.pl\/en\/wp-json\/wp\/v2\/product\/23720","targetHints":{"allow":["GET"]}}],"collection":[{"href":"https:\/\/kwiatyimiut.pl\/en\/wp-json\/wp\/v2\/product"}],"about":[{"href":"https:\/\/kwiatyimiut.pl\/en\/wp-json\/wp\/v2\/types\/product"}],"wp:featuredmedia":[{"embeddable":true,"href":"https:\/\/kwiatyimiut.pl\/en\/wp-json\/wp\/v2\/media\/23697"}],"wp:attachment":[{"href":"https:\/\/kwiatyimiut.pl\/en\/wp-json\/wp\/v2\/media?parent=23720"}],"wp:term":[{"taxonomy":"product_brand","embeddable":true,"href":"https:\/\/kwiatyimiut.pl\/en\/wp-json\/wp\/v2\/product_brand?post=23720"},{"taxonomy":"product_cat","embeddable":true,"href":"https:\/\/kwiatyimiut.pl\/en\/wp-json\/wp\/v2\/product_cat?post=23720"},{"taxonomy":"product_tag","embeddable":true,"href":"https:\/\/kwiatyimiut.pl\/en\/wp-json\/wp\/v2\/product_tag?post=23720"}],"curies":[{"name":"wp","href":"https:\/\/api.w.org\/{rel}","templated":true}]}}