{"id":23722,"date":"2026-02-06T14:41:36","date_gmt":"2026-02-06T13:41:36","guid":{"rendered":"https:\/\/kwiatyimiut.pl\/?post_type=product&#038;p=23722"},"modified":"2026-04-09T11:50:15","modified_gmt":"2026-04-09T09:50:15","slug":"pocztowka-w-kopercie-zima","status":"publish","type":"product","link":"https:\/\/kwiatyimiut.pl\/en\/product\/pocztowka-w-kopercie-zima\/","title":{"rendered":"Poczt\u00f3wka w kopercie ZIMA"},"content":{"rendered":"","protected":false},"excerpt":{"rendered":"<p>Poczt\u00f3wka z kompozycj\u0105 \u0141ukasza Marcinkowskiego &#8211; Zima, w kolorowej kopercie.<\/p>\n<p>Zdj\u0119cie: Iga Wy\u017ckiewicz<br \/>\nDruk: offset,<br \/>\nPapier 350 gram, matowy.<\/p>","protected":false},"featured_media":23703,"template":"","meta":[],"product_brand":[],"product_cat":[338],"product_tag":[],"class_list":{"0":"post-23722","1":"product","2":"type-product","3":"status-publish","4":"has-post-thumbnail","6":"product_cat-pocztowki","8":"first","9":"instock","10":"shipping-taxable","11":"purchasable","12":"product-type-simple"},"_links":{"self":[{"href":"https:\/\/kwiatyimiut.pl\/en\/wp-json\/wp\/v2\/product\/23722","targetHints":{"allow":["GET"]}}],"collection":[{"href":"https:\/\/kwiatyimiut.pl\/en\/wp-json\/wp\/v2\/product"}],"about":[{"href":"https:\/\/kwiatyimiut.pl\/en\/wp-json\/wp\/v2\/types\/product"}],"wp:featuredmedia":[{"embeddable":true,"href":"https:\/\/kwiatyimiut.pl\/en\/wp-json\/wp\/v2\/media\/23703"}],"wp:attachment":[{"href":"https:\/\/kwiatyimiut.pl\/en\/wp-json\/wp\/v2\/media?parent=23722"}],"wp:term":[{"taxonomy":"product_brand","embeddable":true,"href":"https:\/\/kwiatyimiut.pl\/en\/wp-json\/wp\/v2\/product_brand?post=23722"},{"taxonomy":"product_cat","embeddable":true,"href":"https:\/\/kwiatyimiut.pl\/en\/wp-json\/wp\/v2\/product_cat?post=23722"},{"taxonomy":"product_tag","embeddable":true,"href":"https:\/\/kwiatyimiut.pl\/en\/wp-json\/wp\/v2\/product_tag?post=23722"}],"curies":[{"name":"wp","href":"https:\/\/api.w.org\/{rel}","templated":true}]}}