{"id":23853,"date":"2026-03-04T11:23:35","date_gmt":"2026-03-04T10:23:35","guid":{"rendered":"https:\/\/kwiatyimiut.pl\/?post_type=product&#038;p=23853"},"modified":"2026-04-21T11:51:21","modified_gmt":"2026-04-21T09:51:21","slug":"wytlaczanka-ceramiczna-biala","status":"publish","type":"product","link":"https:\/\/kwiatyimiut.pl\/en\/product\/wytlaczanka-ceramiczna-biala\/","title":{"rendered":"Wyt\u0142aczanka ceramiczna &#8211; bia\u0142a"},"content":{"rendered":"","protected":false},"excerpt":{"rendered":"<p>Wyt\u0142aczanka ceramiczna mo\u017ce s\u0142u\u017cy\u0107 jako dekoracja lub do przechowywania jajek w lod\u00f3wce. Wykonana z ceramiki przez lokalnych Rzemie\u015blnik\u00f3w.<br \/>\nProdukt nie zawiera \u015bwiec.<\/p>\n<p>d\u0142ugo\u015b\u0107: 20cm<br \/>\nszeroko\u015b\u0107: 20cm<\/p>","protected":false},"featured_media":23810,"template":"","meta":[],"product_brand":[],"product_cat":[189,430,461,582],"product_tag":[587,282,469],"class_list":{"0":"post-23853","1":"product","2":"type-product","3":"status-publish","4":"has-post-thumbnail","6":"product_cat-ceramika","7":"product_cat-dekoracja-stolu","8":"product_cat-jare-gody","9":"product_cat-wiosna","10":"product_tag-jare-gody","11":"product_tag-wielkanoc","12":"product_tag-wytlaczanka","14":"first","15":"instock","16":"featured","17":"shipping-taxable","18":"purchasable","19":"product-type-simple"},"_links":{"self":[{"href":"https:\/\/kwiatyimiut.pl\/en\/wp-json\/wp\/v2\/product\/23853","targetHints":{"allow":["GET"]}}],"collection":[{"href":"https:\/\/kwiatyimiut.pl\/en\/wp-json\/wp\/v2\/product"}],"about":[{"href":"https:\/\/kwiatyimiut.pl\/en\/wp-json\/wp\/v2\/types\/product"}],"wp:featuredmedia":[{"embeddable":true,"href":"https:\/\/kwiatyimiut.pl\/en\/wp-json\/wp\/v2\/media\/23810"}],"wp:attachment":[{"href":"https:\/\/kwiatyimiut.pl\/en\/wp-json\/wp\/v2\/media?parent=23853"}],"wp:term":[{"taxonomy":"product_brand","embeddable":true,"href":"https:\/\/kwiatyimiut.pl\/en\/wp-json\/wp\/v2\/product_brand?post=23853"},{"taxonomy":"product_cat","embeddable":true,"href":"https:\/\/kwiatyimiut.pl\/en\/wp-json\/wp\/v2\/product_cat?post=23853"},{"taxonomy":"product_tag","embeddable":true,"href":"https:\/\/kwiatyimiut.pl\/en\/wp-json\/wp\/v2\/product_tag?post=23853"}],"curies":[{"name":"wp","href":"https:\/\/api.w.org\/{rel}","templated":true}]}}