{"id":23860,"date":"2026-03-04T12:07:44","date_gmt":"2026-03-04T11:07:44","guid":{"rendered":"https:\/\/kwiatyimiut.pl\/?post_type=product&#038;p=23860"},"modified":"2026-04-21T13:30:10","modified_gmt":"2026-04-21T11:30:10","slug":"misa-krysztal-gondola","status":"publish","type":"product","link":"https:\/\/kwiatyimiut.pl\/en\/product\/misa-krysztal-gondola\/","title":{"rendered":"Misa kryszta\u0142 gondola"},"content":{"rendered":"","protected":false},"excerpt":{"rendered":"<p>Kryszta\u0142owa misa, cz\u0119sto okre\u015blana mianem\u00a0gondoli\u00a0lub\u00a0\u017cardiniery\u00a0ze wzgl\u0119du na sw\u00f3j charakterystyczny, wyd\u0142u\u017cony kszta\u0142t przypominaj\u0105cy \u0142\u00f3dk\u0119.<\/p>\n<p>Wysoko\u015b\u0107: 9 cm<br \/>\nSzeroko\u015b\u0107: 16<\/p>","protected":false},"featured_media":23819,"template":"","meta":[],"product_brand":[],"product_cat":[564,461,562],"product_tag":[587,157,282],"class_list":{"0":"post-23860","1":"product","2":"type-product","3":"status-publish","4":"has-post-thumbnail","6":"product_cat-dekoracje-jare-gody","7":"product_cat-jare-gody","8":"product_cat-vintage-jare-gody","9":"product_tag-jare-gody","10":"product_tag-vintage","11":"product_tag-wielkanoc","13":"first","14":"instock","15":"shipping-taxable","16":"purchasable","17":"product-type-simple"},"_links":{"self":[{"href":"https:\/\/kwiatyimiut.pl\/en\/wp-json\/wp\/v2\/product\/23860","targetHints":{"allow":["GET"]}}],"collection":[{"href":"https:\/\/kwiatyimiut.pl\/en\/wp-json\/wp\/v2\/product"}],"about":[{"href":"https:\/\/kwiatyimiut.pl\/en\/wp-json\/wp\/v2\/types\/product"}],"wp:featuredmedia":[{"embeddable":true,"href":"https:\/\/kwiatyimiut.pl\/en\/wp-json\/wp\/v2\/media\/23819"}],"wp:attachment":[{"href":"https:\/\/kwiatyimiut.pl\/en\/wp-json\/wp\/v2\/media?parent=23860"}],"wp:term":[{"taxonomy":"product_brand","embeddable":true,"href":"https:\/\/kwiatyimiut.pl\/en\/wp-json\/wp\/v2\/product_brand?post=23860"},{"taxonomy":"product_cat","embeddable":true,"href":"https:\/\/kwiatyimiut.pl\/en\/wp-json\/wp\/v2\/product_cat?post=23860"},{"taxonomy":"product_tag","embeddable":true,"href":"https:\/\/kwiatyimiut.pl\/en\/wp-json\/wp\/v2\/product_tag?post=23860"}],"curies":[{"name":"wp","href":"https:\/\/api.w.org\/{rel}","templated":true}]}}