{"id":23865,"date":"2026-03-04T13:20:54","date_gmt":"2026-03-04T12:20:54","guid":{"rendered":"https:\/\/kwiatyimiut.pl\/?post_type=product&#038;p=23865"},"modified":"2026-04-21T13:30:10","modified_gmt":"2026-04-21T11:30:10","slug":"miseczki-krysztalowe-3-sztuki","status":"publish","type":"product","link":"https:\/\/kwiatyimiut.pl\/en\/product\/miseczki-krysztalowe-3-sztuki\/","title":{"rendered":"Miseczki kryszta\u0142owe &#8211; 3 sztuki"},"content":{"rendered":"","protected":false},"excerpt":{"rendered":"<p>Zestaw trzech miseczek kryszta\u0142owych na trzech n\u00f3\u017ckach, ozdobione tradycyjnym szlifem, cz\u0119sto okre\u015blanym jako \u201eM\u0142ynek\u201d. Idealne jako salaterki na \u015bwi\u0105teczny st\u00f3\u0142, cukiernice czy inne drobiazgi.<\/p>\n<p>Zestaw: 3 sztuki<\/p>\n<p>Wysoko\u015b\u0107: 7 cm<br \/>\nSzeroko\u015b\u0107: 10,5 cm<\/p>","protected":false},"featured_media":23820,"template":"","meta":[],"product_brand":[],"product_cat":[564,461,562],"product_tag":[587,157,282],"class_list":{"0":"post-23865","1":"product","2":"type-product","3":"status-publish","4":"has-post-thumbnail","6":"product_cat-dekoracje-jare-gody","7":"product_cat-jare-gody","8":"product_cat-vintage-jare-gody","9":"product_tag-jare-gody","10":"product_tag-vintage","11":"product_tag-wielkanoc","13":"first","14":"outofstock","15":"shipping-taxable","16":"purchasable","17":"product-type-simple"},"_links":{"self":[{"href":"https:\/\/kwiatyimiut.pl\/en\/wp-json\/wp\/v2\/product\/23865","targetHints":{"allow":["GET"]}}],"collection":[{"href":"https:\/\/kwiatyimiut.pl\/en\/wp-json\/wp\/v2\/product"}],"about":[{"href":"https:\/\/kwiatyimiut.pl\/en\/wp-json\/wp\/v2\/types\/product"}],"wp:featuredmedia":[{"embeddable":true,"href":"https:\/\/kwiatyimiut.pl\/en\/wp-json\/wp\/v2\/media\/23820"}],"wp:attachment":[{"href":"https:\/\/kwiatyimiut.pl\/en\/wp-json\/wp\/v2\/media?parent=23865"}],"wp:term":[{"taxonomy":"product_brand","embeddable":true,"href":"https:\/\/kwiatyimiut.pl\/en\/wp-json\/wp\/v2\/product_brand?post=23865"},{"taxonomy":"product_cat","embeddable":true,"href":"https:\/\/kwiatyimiut.pl\/en\/wp-json\/wp\/v2\/product_cat?post=23865"},{"taxonomy":"product_tag","embeddable":true,"href":"https:\/\/kwiatyimiut.pl\/en\/wp-json\/wp\/v2\/product_tag?post=23865"}],"curies":[{"name":"wp","href":"https:\/\/api.w.org\/{rel}","templated":true}]}}