{"id":23867,"date":"2026-03-04T13:37:47","date_gmt":"2026-03-04T12:37:47","guid":{"rendered":"https:\/\/kwiatyimiut.pl\/?post_type=product&#038;p=23867"},"modified":"2026-04-21T15:27:07","modified_gmt":"2026-04-21T13:27:07","slug":"krysztalowa-miska-na-nozkach","status":"publish","type":"product","link":"https:\/\/kwiatyimiut.pl\/en\/product\/krysztalowa-miska-na-nozkach\/","title":{"rendered":"Kryszta\u0142owa miska na n\u00f3\u017ckach"},"content":{"rendered":"","protected":false},"excerpt":{"rendered":"<p>kryszta\u0142owa miska na n\u00f3\u017ckach z ci\u0119tym szlifem. Idealna na owoce czy dekoracj\u0119 \u015bwi\u0105tecznego sto\u0142u.<br \/>\nDrobne odpry\u015bni\u0119cie widoczne na rancie.<\/p>\n<p>Wysoko\u015b\u0107: 7 cm<br \/>\nSzeroko\u015b\u0107: 17 cm<\/p>","protected":false},"featured_media":23816,"template":"","meta":[],"product_brand":[],"product_cat":[564,461,562],"product_tag":[587,157,282],"class_list":{"0":"post-23867","1":"product","2":"type-product","3":"status-publish","4":"has-post-thumbnail","6":"product_cat-dekoracje-jare-gody","7":"product_cat-jare-gody","8":"product_cat-vintage-jare-gody","9":"product_tag-jare-gody","10":"product_tag-vintage","11":"product_tag-wielkanoc","13":"first","14":"instock","15":"shipping-taxable","16":"purchasable","17":"product-type-simple"},"_links":{"self":[{"href":"https:\/\/kwiatyimiut.pl\/en\/wp-json\/wp\/v2\/product\/23867","targetHints":{"allow":["GET"]}}],"collection":[{"href":"https:\/\/kwiatyimiut.pl\/en\/wp-json\/wp\/v2\/product"}],"about":[{"href":"https:\/\/kwiatyimiut.pl\/en\/wp-json\/wp\/v2\/types\/product"}],"wp:featuredmedia":[{"embeddable":true,"href":"https:\/\/kwiatyimiut.pl\/en\/wp-json\/wp\/v2\/media\/23816"}],"wp:attachment":[{"href":"https:\/\/kwiatyimiut.pl\/en\/wp-json\/wp\/v2\/media?parent=23867"}],"wp:term":[{"taxonomy":"product_brand","embeddable":true,"href":"https:\/\/kwiatyimiut.pl\/en\/wp-json\/wp\/v2\/product_brand?post=23867"},{"taxonomy":"product_cat","embeddable":true,"href":"https:\/\/kwiatyimiut.pl\/en\/wp-json\/wp\/v2\/product_cat?post=23867"},{"taxonomy":"product_tag","embeddable":true,"href":"https:\/\/kwiatyimiut.pl\/en\/wp-json\/wp\/v2\/product_tag?post=23867"}],"curies":[{"name":"wp","href":"https:\/\/api.w.org\/{rel}","templated":true}]}}