{"id":24183,"date":"2026-05-08T11:49:03","date_gmt":"2026-05-08T09:49:03","guid":{"rendered":"https:\/\/kwiatyimiut.pl\/?post_type=product&#038;p=24183"},"modified":"2026-05-14T21:45:24","modified_gmt":"2026-05-14T19:45:24","slug":"bibula-blooms-czterolistna-koniczyna","status":"publish","type":"product","link":"https:\/\/kwiatyimiut.pl\/en\/product\/bibula-blooms-czterolistna-koniczyna\/","title":{"rendered":"BIBU\u0141A BLOOMS &#8211; CZTEROLISTNA KONICZYNA"},"content":{"rendered":"<p><img fetchpriority=\"high\" decoding=\"async\" class=\"size-medium wp-image-24149 alignleft\" src=\"https:\/\/kwiatyimiut.pl\/wp-content\/uploads\/2026\/05\/392A2587-2-263x300.jpg\" alt=\"\" width=\"263\" height=\"300\" srcset=\"https:\/\/kwiatyimiut.pl\/wp-content\/uploads\/2026\/05\/392A2587-2-263x300.jpg 263w, https:\/\/kwiatyimiut.pl\/wp-content\/uploads\/2026\/05\/392A2587-2-896x1024.jpg 896w, https:\/\/kwiatyimiut.pl\/wp-content\/uploads\/2026\/05\/392A2587-2-768x878.jpg 768w, https:\/\/kwiatyimiut.pl\/wp-content\/uploads\/2026\/05\/392A2587-2-1344x1536.jpg 1344w, https:\/\/kwiatyimiut.pl\/wp-content\/uploads\/2026\/05\/392A2587-2-1792x2048.jpg 1792w, https:\/\/kwiatyimiut.pl\/wp-content\/uploads\/2026\/05\/392A2587-2-11x12.jpg 11w, https:\/\/kwiatyimiut.pl\/wp-content\/uploads\/2026\/05\/392A2587-2-840x960.jpg 840w\" sizes=\"(max-width: 263px) 100vw, 263px\" \/><img decoding=\"async\" class=\"wp-image-24180 alignnone\" src=\"https:\/\/kwiatyimiut.pl\/wp-content\/uploads\/2026\/05\/image00005-300x300.png\" alt=\"\" width=\"144\" height=\"144\" srcset=\"https:\/\/kwiatyimiut.pl\/wp-content\/uploads\/2026\/05\/image00005-300x300.png 300w, https:\/\/kwiatyimiut.pl\/wp-content\/uploads\/2026\/05\/image00005-1024x1024.png 1024w, https:\/\/kwiatyimiut.pl\/wp-content\/uploads\/2026\/05\/image00005-150x150.png 150w, https:\/\/kwiatyimiut.pl\/wp-content\/uploads\/2026\/05\/image00005-768x768.png 768w, https:\/\/kwiatyimiut.pl\/wp-content\/uploads\/2026\/05\/image00005-1536x1536.png 1536w, https:\/\/kwiatyimiut.pl\/wp-content\/uploads\/2026\/05\/image00005-2048x2048.png 2048w, https:\/\/kwiatyimiut.pl\/wp-content\/uploads\/2026\/05\/image00005-12x12.png 12w, https:\/\/kwiatyimiut.pl\/wp-content\/uploads\/2026\/05\/image00005-840x840.png 840w\" sizes=\"(max-width: 144px) 100vw, 144px\" \/><\/p>\n<div class=\"fabric-editor-block-mark fabric-editor-align-start\" data-align=\"start\" data-pm-slice=\"1 1 []\">\n<p><span class=\"text-color\">Weronika od kilku lat tworzy botaniczne kompozycje z papieru skupiaj\u0105c si\u0119 na realistycznym oddaniu budowy ro\u015blin, kt\u00f3re stanowi\u0105 po\u0142\u0105czenie \u015bwiata natury i sztuki. Jej prace wyrastaj\u0105 z do\u015bwiadczenia florystycznego oraz wykszta\u0142cenia w zakresie architektury krajobrazu, kt\u00f3re ukszta\u0142towa\u0142y jej naturalistyczne podej\u015bcie do formy i kompozycji. Pierwsze papierowe kwiaty powsta\u0142y z ciekawo\u015bci. Z czasem sta\u0142y si\u0119 dla niej sposobem na zatrzymanie ulotnego pi\u0119kna ro\u015blin, delikatno\u015bci i emocji, jakie wywo\u0142uj\u0105. W swojej pracy koncentruje si\u0119 na wiernym oddaniu charakteru konkretnych gatunk\u00f3w, jednocze\u015bnie eksploruj\u0105c mo\u017cliwo\u015bci, jakie daje papier jako medium artystyczne. Jej tw\u00f3rczo\u015b\u0107 to dialog mi\u0119dzy natur\u0105 a sztuk\u0105, pr\u00f3ba uchwycenia tego, co w kwiatach najbardziej eteryczne, i nadania temu trwa\u0142ej formy.<\/span><\/p>\n<\/div>\n<p><img decoding=\"async\" class=\"wp-image-24157 alignleft\" src=\"https:\/\/kwiatyimiut.pl\/wp-content\/uploads\/2026\/05\/Zrzut-ekranu-2026-05-7-o-10.19.13-263x300.jpg\" alt=\"\" width=\"240\" height=\"274\" srcset=\"https:\/\/kwiatyimiut.pl\/wp-content\/uploads\/2026\/05\/Zrzut-ekranu-2026-05-7-o-10.19.13-263x300.jpg 263w, https:\/\/kwiatyimiut.pl\/wp-content\/uploads\/2026\/05\/Zrzut-ekranu-2026-05-7-o-10.19.13-896x1024.jpg 896w, https:\/\/kwiatyimiut.pl\/wp-content\/uploads\/2026\/05\/Zrzut-ekranu-2026-05-7-o-10.19.13-768x878.jpg 768w, https:\/\/kwiatyimiut.pl\/wp-content\/uploads\/2026\/05\/Zrzut-ekranu-2026-05-7-o-10.19.13-1344x1536.jpg 1344w, https:\/\/kwiatyimiut.pl\/wp-content\/uploads\/2026\/05\/Zrzut-ekranu-2026-05-7-o-10.19.13-11x12.jpg 11w, https:\/\/kwiatyimiut.pl\/wp-content\/uploads\/2026\/05\/Zrzut-ekranu-2026-05-7-o-10.19.13-840x960.jpg 840w, https:\/\/kwiatyimiut.pl\/wp-content\/uploads\/2026\/05\/Zrzut-ekranu-2026-05-7-o-10.19.13.jpg 1528w\" sizes=\"(max-width: 240px) 100vw, 240px\" \/><\/p>\n<p><img loading=\"lazy\" decoding=\"async\" class=\"wp-image-24159 alignleft\" src=\"https:\/\/kwiatyimiut.pl\/wp-content\/uploads\/2026\/05\/Zrzut-ekranu-2026-05-7-o-10.22.29-263x300.jpg\" alt=\"\" width=\"240\" height=\"274\" srcset=\"https:\/\/kwiatyimiut.pl\/wp-content\/uploads\/2026\/05\/Zrzut-ekranu-2026-05-7-o-10.22.29-263x300.jpg 263w, https:\/\/kwiatyimiut.pl\/wp-content\/uploads\/2026\/05\/Zrzut-ekranu-2026-05-7-o-10.22.29-896x1024.jpg 896w, https:\/\/kwiatyimiut.pl\/wp-content\/uploads\/2026\/05\/Zrzut-ekranu-2026-05-7-o-10.22.29-768x877.jpg 768w, https:\/\/kwiatyimiut.pl\/wp-content\/uploads\/2026\/05\/Zrzut-ekranu-2026-05-7-o-10.22.29-1344x1536.jpg 1344w, https:\/\/kwiatyimiut.pl\/wp-content\/uploads\/2026\/05\/Zrzut-ekranu-2026-05-7-o-10.22.29-11x12.jpg 11w, https:\/\/kwiatyimiut.pl\/wp-content\/uploads\/2026\/05\/Zrzut-ekranu-2026-05-7-o-10.22.29-840x960.jpg 840w, https:\/\/kwiatyimiut.pl\/wp-content\/uploads\/2026\/05\/Zrzut-ekranu-2026-05-7-o-10.22.29.jpg 1396w\" sizes=\"(max-width: 240px) 100vw, 240px\" \/><\/p>\n<p><img loading=\"lazy\" decoding=\"async\" class=\"wp-image-24158 alignnone\" src=\"https:\/\/kwiatyimiut.pl\/wp-content\/uploads\/2026\/05\/image00009-262x300.jpg\" alt=\"\" width=\"240\" height=\"275\" srcset=\"https:\/\/kwiatyimiut.pl\/wp-content\/uploads\/2026\/05\/image00009-262x300.jpg 262w, https:\/\/kwiatyimiut.pl\/wp-content\/uploads\/2026\/05\/image00009-896x1024.jpg 896w, https:\/\/kwiatyimiut.pl\/wp-content\/uploads\/2026\/05\/image00009-768x878.jpg 768w, https:\/\/kwiatyimiut.pl\/wp-content\/uploads\/2026\/05\/image00009-10x12.jpg 10w, https:\/\/kwiatyimiut.pl\/wp-content\/uploads\/2026\/05\/image00009-840x960.jpg 840w, https:\/\/kwiatyimiut.pl\/wp-content\/uploads\/2026\/05\/image00009.jpg 1098w\" sizes=\"(max-width: 240px) 100vw, 240px\" \/><\/p>","protected":false},"excerpt":{"rendered":"<p>Wykonana r\u0119cznie z papieru z ogromn\u0105 uwa\u017cno\u015bci\u0105 i sercem.<\/p>\n<div class=\"fabric-editor-block-mark fabric-editor-align-start\" data-align=\"start\" data-pm-slice=\"1 1 []\">\n<p><span class=\"text-color\">Cztery li\u015bcie koniczyny to metafora szcz\u0119\u015bcia. Ci\u0119\u017cko sobie wyobrazi\u0107, \u017ce co\u015b jest w stanie zatrzyma\u0107 nas w codziennym biegu, tak skutecznie, jak szukanie obietnicy szcz\u0119\u015bcia w tych drobnych p\u0119dach w\u015br\u00f3d trawy. Nawet je\u017celi to \u201ero\u015blinne placebo\u201d to wszyscy wytrwale, wci\u0105\u017c szukamy go w tych drobnych li\u015bciach i wierzy w t\u0105 dobr\u0105 wr\u00f3\u017cb\u0119.<\/span><\/p>\n<\/div>\n<p>&nbsp;<\/p>\n<p>Wymiary ramki: 13 x 13 x 3 cm<\/p>","protected":false},"featured_media":24142,"template":"","meta":[],"product_brand":[],"product_cat":[592,428],"product_tag":[593],"class_list":{"0":"post-24183","1":"product","2":"type-product","3":"status-publish","4":"has-post-thumbnail","6":"product_cat-bibula-blooms","7":"product_cat-dekoracje-2","8":"product_tag-bibulablooms","10":"first","11":"outofstock","12":"featured","13":"taxable","14":"shipping-taxable","15":"product-type-variable"},"_links":{"self":[{"href":"https:\/\/kwiatyimiut.pl\/en\/wp-json\/wp\/v2\/product\/24183","targetHints":{"allow":["GET"]}}],"collection":[{"href":"https:\/\/kwiatyimiut.pl\/en\/wp-json\/wp\/v2\/product"}],"about":[{"href":"https:\/\/kwiatyimiut.pl\/en\/wp-json\/wp\/v2\/types\/product"}],"wp:featuredmedia":[{"embeddable":true,"href":"https:\/\/kwiatyimiut.pl\/en\/wp-json\/wp\/v2\/media\/24142"}],"wp:attachment":[{"href":"https:\/\/kwiatyimiut.pl\/en\/wp-json\/wp\/v2\/media?parent=24183"}],"wp:term":[{"taxonomy":"product_brand","embeddable":true,"href":"https:\/\/kwiatyimiut.pl\/en\/wp-json\/wp\/v2\/product_brand?post=24183"},{"taxonomy":"product_cat","embeddable":true,"href":"https:\/\/kwiatyimiut.pl\/en\/wp-json\/wp\/v2\/product_cat?post=24183"},{"taxonomy":"product_tag","embeddable":true,"href":"https:\/\/kwiatyimiut.pl\/en\/wp-json\/wp\/v2\/product_tag?post=24183"}],"curies":[{"name":"wp","href":"https:\/\/api.w.org\/{rel}","templated":true}]}}