{"id":24200,"date":"2026-05-08T16:49:58","date_gmt":"2026-05-08T14:49:58","guid":{"rendered":"https:\/\/kwiatyimiut.pl\/?post_type=product&#038;p=24200"},"modified":"2026-05-08T16:52:49","modified_gmt":"2026-05-08T14:52:49","slug":"wianek-002","status":"publish","type":"product","link":"https:\/\/kwiatyimiut.pl\/en\/product\/wianek-002\/","title":{"rendered":"WIANEK #002"},"content":{"rendered":"","protected":false},"excerpt":{"rendered":"<p>Wianek wykonany z suszu i ro\u015blin preparowanych o bardzo d\u0142ugiej trwa\u0142o\u015bci.<\/p>\n<p>\u015arednica: oko\u0142o 45-50 cm<\/p>","protected":false},"featured_media":24201,"template":"","meta":[],"product_brand":[],"product_cat":[346,205],"product_tag":[595,594],"class_list":{"0":"post-24200","1":"product","2":"type-product","3":"status-publish","4":"has-post-thumbnail","6":"product_cat-dekoracje-dekoracje","7":"product_cat-dekoracje","8":"product_tag-dekoracja","9":"product_tag-wianek","11":"first","12":"instock","13":"featured","14":"taxable","15":"shipping-taxable","16":"purchasable","17":"product-type-simple"},"_links":{"self":[{"href":"https:\/\/kwiatyimiut.pl\/en\/wp-json\/wp\/v2\/product\/24200","targetHints":{"allow":["GET"]}}],"collection":[{"href":"https:\/\/kwiatyimiut.pl\/en\/wp-json\/wp\/v2\/product"}],"about":[{"href":"https:\/\/kwiatyimiut.pl\/en\/wp-json\/wp\/v2\/types\/product"}],"wp:featuredmedia":[{"embeddable":true,"href":"https:\/\/kwiatyimiut.pl\/en\/wp-json\/wp\/v2\/media\/24201"}],"wp:attachment":[{"href":"https:\/\/kwiatyimiut.pl\/en\/wp-json\/wp\/v2\/media?parent=24200"}],"wp:term":[{"taxonomy":"product_brand","embeddable":true,"href":"https:\/\/kwiatyimiut.pl\/en\/wp-json\/wp\/v2\/product_brand?post=24200"},{"taxonomy":"product_cat","embeddable":true,"href":"https:\/\/kwiatyimiut.pl\/en\/wp-json\/wp\/v2\/product_cat?post=24200"},{"taxonomy":"product_tag","embeddable":true,"href":"https:\/\/kwiatyimiut.pl\/en\/wp-json\/wp\/v2\/product_tag?post=24200"}],"curies":[{"name":"wp","href":"https:\/\/api.w.org\/{rel}","templated":true}]}}