{"id":24205,"date":"2026-05-08T16:56:24","date_gmt":"2026-05-08T14:56:24","guid":{"rendered":"https:\/\/kwiatyimiut.pl\/?post_type=product&#038;p=24205"},"modified":"2026-05-08T17:00:10","modified_gmt":"2026-05-08T15:00:10","slug":"wianek-004","status":"publish","type":"product","link":"https:\/\/kwiatyimiut.pl\/en\/product\/wianek-004\/","title":{"rendered":"WIANEK #004"},"content":{"rendered":"","protected":false},"excerpt":{"rendered":"<p>Wianek wykonany z suszu i ro\u015blin preparowanych o bardzo d\u0142ugiej trwa\u0142o\u015bci.<\/p>\n<p>\u015arednica: oko\u0142o 45-50 cm<\/p>","protected":false},"featured_media":24206,"template":"","meta":[],"product_brand":[],"product_cat":[346,205],"product_tag":[595,594],"class_list":{"0":"post-24205","1":"product","2":"type-product","3":"status-publish","4":"has-post-thumbnail","6":"product_cat-dekoracje-dekoracje","7":"product_cat-dekoracje","8":"product_tag-dekoracja","9":"product_tag-wianek","11":"first","12":"instock","13":"featured","14":"taxable","15":"shipping-taxable","16":"purchasable","17":"product-type-simple"},"_links":{"self":[{"href":"https:\/\/kwiatyimiut.pl\/en\/wp-json\/wp\/v2\/product\/24205","targetHints":{"allow":["GET"]}}],"collection":[{"href":"https:\/\/kwiatyimiut.pl\/en\/wp-json\/wp\/v2\/product"}],"about":[{"href":"https:\/\/kwiatyimiut.pl\/en\/wp-json\/wp\/v2\/types\/product"}],"wp:featuredmedia":[{"embeddable":true,"href":"https:\/\/kwiatyimiut.pl\/en\/wp-json\/wp\/v2\/media\/24206"}],"wp:attachment":[{"href":"https:\/\/kwiatyimiut.pl\/en\/wp-json\/wp\/v2\/media?parent=24205"}],"wp:term":[{"taxonomy":"product_brand","embeddable":true,"href":"https:\/\/kwiatyimiut.pl\/en\/wp-json\/wp\/v2\/product_brand?post=24205"},{"taxonomy":"product_cat","embeddable":true,"href":"https:\/\/kwiatyimiut.pl\/en\/wp-json\/wp\/v2\/product_cat?post=24205"},{"taxonomy":"product_tag","embeddable":true,"href":"https:\/\/kwiatyimiut.pl\/en\/wp-json\/wp\/v2\/product_tag?post=24205"}],"curies":[{"name":"wp","href":"https:\/\/api.w.org\/{rel}","templated":true}]}}