{"id":4787,"date":"2020-12-18T14:15:38","date_gmt":"2020-12-18T13:15:38","guid":{"rendered":"https:\/\/kwiatyimiut.pl\/?post_type=product&#038;p=4787"},"modified":"2026-04-20T23:06:09","modified_gmt":"2026-04-20T21:06:09","slug":"sekator-oasis","status":"publish","type":"product","link":"https:\/\/kwiatyimiut.pl\/en\/product\/sekator-oasis\/","title":{"rendered":"Sekator Oasis"},"content":{"rendered":"","protected":false},"excerpt":{"rendered":"<p>Idealny do ci\u0119cia zdrewnia\u0142ych ga\u0142\u0119zi drzew i krzew\u00f3w.<\/p>","protected":false},"featured_media":14564,"template":"","meta":[],"product_brand":[],"product_cat":[257,459],"product_tag":[],"class_list":{"0":"post-4787","1":"product","2":"type-product","3":"status-publish","4":"has-post-thumbnail","6":"product_cat-narzedzia","7":"product_cat-szkola-kwiatymiut","9":"first","10":"instock","11":"shipping-taxable","12":"purchasable","13":"product-type-simple"},"_links":{"self":[{"href":"https:\/\/kwiatyimiut.pl\/en\/wp-json\/wp\/v2\/product\/4787","targetHints":{"allow":["GET"]}}],"collection":[{"href":"https:\/\/kwiatyimiut.pl\/en\/wp-json\/wp\/v2\/product"}],"about":[{"href":"https:\/\/kwiatyimiut.pl\/en\/wp-json\/wp\/v2\/types\/product"}],"wp:featuredmedia":[{"embeddable":true,"href":"https:\/\/kwiatyimiut.pl\/en\/wp-json\/wp\/v2\/media\/14564"}],"wp:attachment":[{"href":"https:\/\/kwiatyimiut.pl\/en\/wp-json\/wp\/v2\/media?parent=4787"}],"wp:term":[{"taxonomy":"product_brand","embeddable":true,"href":"https:\/\/kwiatyimiut.pl\/en\/wp-json\/wp\/v2\/product_brand?post=4787"},{"taxonomy":"product_cat","embeddable":true,"href":"https:\/\/kwiatyimiut.pl\/en\/wp-json\/wp\/v2\/product_cat?post=4787"},{"taxonomy":"product_tag","embeddable":true,"href":"https:\/\/kwiatyimiut.pl\/en\/wp-json\/wp\/v2\/product_tag?post=4787"}],"curies":[{"name":"wp","href":"https:\/\/api.w.org\/{rel}","templated":true}]}}