{"id":6044,"date":"2021-03-08T09:19:55","date_gmt":"2021-03-08T08:19:55","guid":{"rendered":"https:\/\/kwiatyimiut.pl\/?post_type=product&#038;p=6044"},"modified":"2026-04-05T23:41:04","modified_gmt":"2026-04-05T21:41:04","slug":"biohumus-ekstrakt","status":"publish","type":"product","link":"https:\/\/kwiatyimiut.pl\/en\/product\/biohumus-ekstrakt\/","title":{"rendered":"Biohumus ekstrakt"},"content":{"rendered":"","protected":false},"excerpt":{"rendered":"<p>Naw\u00f3z naturalny z d\u017cd\u017cownic RED HYBRID OF CALIFORNIA,<br \/>\nidealnie nadaje si\u0119 do wszystkich ro\u015blin i gleb.<br \/>\nBardzo korzystnie wp\u0142ywa na rozw\u00f3j ro\u015blin.<\/p>\n<p>spos\u00f3b nawo\u017cenia: Maksymalne rozcieczenie BIOHUMUSU<br \/>\nnie powinno przekracza\u0107 1:10.<br \/>\nZalecamy stosowa\u0107 co 4-5 podlewa\u0144.<\/p>\n<p>&nbsp;<\/p>","protected":false},"featured_media":11605,"template":"","meta":[],"product_brand":[],"product_cat":[327,185],"product_tag":[328],"class_list":{"0":"post-6044","1":"product","2":"type-product","3":"status-publish","4":"has-post-thumbnail","6":"product_cat-przesadzanie-roslin-rosliny","7":"product_cat-rosliny","8":"product_tag-biohumus","10":"first","11":"instock","12":"shipping-taxable","13":"purchasable","14":"product-type-variable"},"_links":{"self":[{"href":"https:\/\/kwiatyimiut.pl\/en\/wp-json\/wp\/v2\/product\/6044","targetHints":{"allow":["GET"]}}],"collection":[{"href":"https:\/\/kwiatyimiut.pl\/en\/wp-json\/wp\/v2\/product"}],"about":[{"href":"https:\/\/kwiatyimiut.pl\/en\/wp-json\/wp\/v2\/types\/product"}],"wp:featuredmedia":[{"embeddable":true,"href":"https:\/\/kwiatyimiut.pl\/en\/wp-json\/wp\/v2\/media\/11605"}],"wp:attachment":[{"href":"https:\/\/kwiatyimiut.pl\/en\/wp-json\/wp\/v2\/media?parent=6044"}],"wp:term":[{"taxonomy":"product_brand","embeddable":true,"href":"https:\/\/kwiatyimiut.pl\/en\/wp-json\/wp\/v2\/product_brand?post=6044"},{"taxonomy":"product_cat","embeddable":true,"href":"https:\/\/kwiatyimiut.pl\/en\/wp-json\/wp\/v2\/product_cat?post=6044"},{"taxonomy":"product_tag","embeddable":true,"href":"https:\/\/kwiatyimiut.pl\/en\/wp-json\/wp\/v2\/product_tag?post=6044"}],"curies":[{"name":"wp","href":"https:\/\/api.w.org\/{rel}","templated":true}]}}