{"id":7299,"date":"2021-04-06T12:12:57","date_gmt":"2021-04-06T10:12:57","guid":{"rendered":"https:\/\/kwiatyimiut.pl\/?post_type=product&#038;p=7299"},"modified":"2026-04-21T06:45:10","modified_gmt":"2026-04-21T04:45:10","slug":"nozyczki-oasis","status":"publish","type":"product","link":"https:\/\/kwiatyimiut.pl\/en\/product\/nozyczki-oasis\/","title":{"rendered":"No\u017cyczki Oasis"},"content":{"rendered":"","protected":false},"excerpt":{"rendered":"<p>No\u017cyczki do ci\u0119cia mi\u0119kkich i twardych \u0142odyg.<\/p>","protected":false},"featured_media":11863,"template":"","meta":[],"product_brand":[],"product_cat":[257,459],"product_tag":[],"class_list":{"0":"post-7299","1":"product","2":"type-product","3":"status-publish","4":"has-post-thumbnail","6":"product_cat-narzedzia","7":"product_cat-szkola-kwiatymiut","9":"first","10":"instock","11":"shipping-taxable","12":"purchasable","13":"product-type-simple"},"_links":{"self":[{"href":"https:\/\/kwiatyimiut.pl\/en\/wp-json\/wp\/v2\/product\/7299","targetHints":{"allow":["GET"]}}],"collection":[{"href":"https:\/\/kwiatyimiut.pl\/en\/wp-json\/wp\/v2\/product"}],"about":[{"href":"https:\/\/kwiatyimiut.pl\/en\/wp-json\/wp\/v2\/types\/product"}],"wp:featuredmedia":[{"embeddable":true,"href":"https:\/\/kwiatyimiut.pl\/en\/wp-json\/wp\/v2\/media\/11863"}],"wp:attachment":[{"href":"https:\/\/kwiatyimiut.pl\/en\/wp-json\/wp\/v2\/media?parent=7299"}],"wp:term":[{"taxonomy":"product_brand","embeddable":true,"href":"https:\/\/kwiatyimiut.pl\/en\/wp-json\/wp\/v2\/product_brand?post=7299"},{"taxonomy":"product_cat","embeddable":true,"href":"https:\/\/kwiatyimiut.pl\/en\/wp-json\/wp\/v2\/product_cat?post=7299"},{"taxonomy":"product_tag","embeddable":true,"href":"https:\/\/kwiatyimiut.pl\/en\/wp-json\/wp\/v2\/product_tag?post=7299"}],"curies":[{"name":"wp","href":"https:\/\/api.w.org\/{rel}","templated":true}]}}