{"id":7846,"date":"2021-05-10T11:05:33","date_gmt":"2021-05-10T09:05:33","guid":{"rendered":"https:\/\/kwiatyimiut.pl\/?post_type=product&#038;p=7846"},"modified":"2026-04-13T18:26:07","modified_gmt":"2026-04-13T16:26:07","slug":"kenzan-4-cm","status":"publish","type":"product","link":"https:\/\/kwiatyimiut.pl\/en\/product\/kenzan-4-cm\/","title":{"rendered":"Kenzan 4 cm"},"content":{"rendered":"","protected":false},"excerpt":{"rendered":"<p>We adore the Japanese art of flower arrangement \u2013 Ikebana, where kenzan originates from. We use it in almost every composition we create.<br \/>\nz kt\u00f3rej si\u0119 wywodz\u0105, kenzany wykorzystujemy przy prawie ka\u017cdej kompozycji.<br \/>\nJest to podstawowe narz\u0119dzie pracy przy uk\u0142adaniu kwiat\u00f3w w zr\u00f3wnowa\u017conym podej\u015bciu do florystyki. Dzi\u0119ki kenzanom nie u\u017cywamy g\u0105bki florystycznej<br \/>\nand what\u2019s most important \u2013 we are eco-friendly!<\/p>\n<p>\u015brednica: 4 cm<\/p>","protected":false},"featured_media":11753,"template":"","meta":[],"product_brand":[],"product_cat":[355,576,257,459],"product_tag":[],"class_list":{"0":"post-7846","1":"product","2":"type-product","3":"status-publish","4":"has-post-thumbnail","6":"product_cat-kenzany","7":"product_cat-na-prezent-swieta-z-kwiatymiut","8":"product_cat-narzedzia","9":"product_cat-szkola-kwiatymiut","11":"first","12":"instock","13":"shipping-taxable","14":"purchasable","15":"product-type-simple"},"_links":{"self":[{"href":"https:\/\/kwiatyimiut.pl\/en\/wp-json\/wp\/v2\/product\/7846","targetHints":{"allow":["GET"]}}],"collection":[{"href":"https:\/\/kwiatyimiut.pl\/en\/wp-json\/wp\/v2\/product"}],"about":[{"href":"https:\/\/kwiatyimiut.pl\/en\/wp-json\/wp\/v2\/types\/product"}],"wp:featuredmedia":[{"embeddable":true,"href":"https:\/\/kwiatyimiut.pl\/en\/wp-json\/wp\/v2\/media\/11753"}],"wp:attachment":[{"href":"https:\/\/kwiatyimiut.pl\/en\/wp-json\/wp\/v2\/media?parent=7846"}],"wp:term":[{"taxonomy":"product_brand","embeddable":true,"href":"https:\/\/kwiatyimiut.pl\/en\/wp-json\/wp\/v2\/product_brand?post=7846"},{"taxonomy":"product_cat","embeddable":true,"href":"https:\/\/kwiatyimiut.pl\/en\/wp-json\/wp\/v2\/product_cat?post=7846"},{"taxonomy":"product_tag","embeddable":true,"href":"https:\/\/kwiatyimiut.pl\/en\/wp-json\/wp\/v2\/product_tag?post=7846"}],"curies":[{"name":"wp","href":"https:\/\/api.w.org\/{rel}","templated":true}]}}